{"id":1000,"date":"2020-06-05T10:41:08","date_gmt":"2020-06-05T08:41:08","guid":{"rendered":"https:\/\/cdglegal.ch\/nicolas-rivard\/"},"modified":"2023-07-19T15:36:41","modified_gmt":"2023-07-19T13:36:41","slug":"nicolas-rivard","status":"publish","type":"page","link":"https:\/\/cdglegal.ch\/de\/nicolas-rivard\/","title":{"rendered":"Nicolas RIVARD"},"content":{"rendered":"<p>[et_pb_section fb_built=&#8220;1&#8243; _builder_version=&#8220;4.16&#8243; global_colors_info=&#8220;{}&#8220;][et_pb_row _builder_version=&#8220;4.16&#8243; global_colors_info=&#8220;{}&#8220;][et_pb_column type=&#8220;4_4&#8243; _builder_version=&#8220;4.16&#8243; global_colors_info=&#8220;{}&#8220;][et_pb_text _builder_version=&#8220;4.16&#8243; header_font=&#8220;|800|||||||&#8220; header_text_color=&#8220;#28384f&#8220; header_2_font=&#8220;|600|||||||&#8220; global_colors_info=&#8220;{}&#8220;]<\/p>\n<h1>NICOLAS RIVARD<\/h1>\n<p>&nbsp;<\/p>\n<h2><strong>RECHTSANWALT<\/strong><\/h2>\n<p>[\/et_pb_text][et_pb_text _builder_version=&#8220;4.16&#8243; global_colors_info=&#8220;{}&#8220;]<\/p>\n<p>Ra Nicolas Rivard ist in der Schweiz und in Frankreich als Rechtsanwalt t\u00e4tig. In beiden L\u00e4ndern bietet er Rechtsberatung und Vertretung bei Rechtsstreitigkeiten an. Aufgrund seiner l\u00e4nder\u00fcbergreifenden T\u00e4tigkeit ist er mit den rechtlichen Gegebenheiten beider L\u00e4nder vertraut und hat somit die besten Voraussetzungen f\u00fcr die Bearbeitung grenz\u00fcberschreitender F\u00e4lle.<\/p>\n<p>[\/et_pb_text][\/et_pb_column][\/et_pb_row][et_pb_row column_structure=&#8220;1_3,1_3,1_3&#8243; _builder_version=&#8220;4.16&#8243; max_width=&#8220;1920px&#8220; global_colors_info=&#8220;{}&#8220;][et_pb_column type=&#8220;1_3&#8243; _builder_version=&#8220;4.16&#8243; global_colors_info=&#8220;{}&#8220;][et_pb_image src=&#8220;https:\/\/cdglegal.ch\/wp-content\/uploads\/2021\/12\/NR-1.jpg&#8220; title_text=&#8220;NR 1&#8243; show_in_lightbox=&#8220;on&#8220; align=&#8220;center&#8220; _builder_version=&#8220;4.16&#8243; width_tablet=&#8220;70%&#8220; width_phone=&#8220;75%&#8220; width_last_edited=&#8220;on|tablet&#8220; box_shadow_style=&#8220;preset1&#8243; global_colors_info=&#8220;{}&#8220;][\/et_pb_image][\/et_pb_column][et_pb_column type=&#8220;1_3&#8243; _builder_version=&#8220;4.16&#8243; global_colors_info=&#8220;{}&#8220;][et_pb_text _builder_version=&#8220;4.16&#8243; global_colors_info=&#8220;{}&#8220;]<\/p>\n<h3>Kontakt<\/h3>\n<p><i class=\"fas fa-envelope\"><\/i><a href=\"mailto:rivard@cdglegal.ch\"> rivard@cdglegal.ch<\/a><\/p>\n<p>[\/et_pb_text][et_pb_divider _builder_version=&#8220;4.16&#8243; global_colors_info=&#8220;{}&#8220;][\/et_pb_divider][et_pb_text _builder_version=&#8220;4.21.0&#8243; global_colors_info=&#8220;{}&#8220;]<\/p>\n<h3>T\u00e4tigkeitsbereiche<\/h3>\n<ul style=\"list-style-type: circle;\">\n<li>Vertragsrecht<\/li>\n<li>Bau- und Immobilienrecht<\/li>\n<li>Handels- und Gesellschafts<\/li>\n<li>Mietrecht<\/li>\n<li>Strafrecht<\/li>\n<\/ul>\n<p>[\/et_pb_text][et_pb_divider _builder_version=&#8220;4.16&#8243; global_colors_info=&#8220;{}&#8220;][\/et_pb_divider][et_pb_text _builder_version=&#8220;4.16&#8243; global_colors_info=&#8220;{}&#8220;]<\/p>\n<h3>Erfahrung \/ beruflicher Werdegang<\/h3>\n<p>&nbsp;<\/p>\n<p><strong>2015 <\/strong>: Rechtsanwalt und Partner, Deleze, Sierro, Pitteloud, Rivard, heute Cour de Gare, Avocats et Notaires (Sion \u2013 Schweiz)<\/p>\n<p><strong>2013 &#8211; 2014<\/strong> : Rechtsanwalt und Partner, Rivard Avocats (Paris \u2013 Frankreich)<\/p>\n<p><strong>2010 &#8211; 2012<\/strong> : Angestellter Rechtsanwalt, Bourgeois Rezac Mignon, heute Orsay Avocats (Paris \u2013 Frankreich)<\/p>\n<p><strong>2008 &#8211; 2010<\/strong> : Angestellter Rechtsanwalt, Ernst and Young Soci\u00e9t\u00e9 d\u2019avocats (Paris \u2013 Frankreich)<\/p>\n<p><strong>2007<\/strong> : Rechtsreferendar, Taylor Wessing France (Paris \u2013 Frankreich)<\/p>\n<p><strong>2006 &#8211; 2007<\/strong> : Erhalt des Bef\u00e4higungsnachweises f\u00fcr den Beruf des Rechtsanwalts (Certificat d\u2019Aptitude \u00e0 la Profession d\u2019Avocat &#8211; Frankreich)<\/p>\n<p><strong>2005<\/strong> : Diplom als Jurist und Unternehmensberater (Frankreich)<\/p>\n<p><strong>2005<\/strong> : Master in Recht und Unternehmenssteuerrecht (Frankreich)<\/p>\n<p>[\/et_pb_text][\/et_pb_column][et_pb_column type=&#8220;1_3&#8243; _builder_version=&#8220;4.16&#8243; global_colors_info=&#8220;{}&#8220;][et_pb_text _builder_version=&#8220;4.16&#8243; global_colors_info=&#8220;{}&#8220;]<\/p>\n<h3>Sprachen<\/h3>\n<p>Franz\u00f6sisch, Englisch<\/p>\n<p>[\/et_pb_text][et_pb_divider _builder_version=&#8220;4.16&#8243; global_colors_info=&#8220;{}&#8220;][\/et_pb_divider][et_pb_text _builder_version=&#8220;4.21.0&#8243; hover_enabled=&#8220;0&#8243; global_colors_info=&#8220;{}&#8220; sticky_enabled=&#8220;0&#8243;]<\/p>\n<h3>Weitere Aktivit\u00e4ten<\/h3>\n<p>&nbsp;<\/p>\n<p>Mitglied der Union France-Valais<\/p>\n<p>Mitglied BNI (Business Network International), chapter Tourbillon \u00e0 Sion<\/p>\n<p>Stiftungsratsmitglied bei Tschoupi-Stiftung<\/p>\n<p>[\/et_pb_text][et_pb_divider _builder_version=&#8220;4.16&#8243; global_colors_info=&#8220;{}&#8220;][\/et_pb_divider][et_pb_text _builder_version=&#8220;4.16&#8243; global_colors_info=&#8220;{}&#8220;]<\/p>\n<h3>Berufsverb\u00e4nde<\/h3>\n<p>&nbsp;<\/p>\n<p>Mitglied des Walliser Anwaltsverbandes und des Schweizerischen Anwaltsverbandes<\/p>\n<p>Rechtsanwalt bei der Pariser Anwaltskammer<\/p>\n<p>[\/et_pb_text][\/et_pb_column][\/et_pb_row][\/et_pb_section]<\/p>\n","protected":false},"excerpt":{"rendered":"<p>NICOLAS RIVARD &nbsp; RECHTSANWALTRa Nicolas Rivard ist in der Schweiz und in Frankreich als Rechtsanwalt t\u00e4tig. In beiden L\u00e4ndern bietet er Rechtsberatung und Vertretung bei Rechtsstreitigkeiten an. Aufgrund seiner l\u00e4nder\u00fcbergreifenden T\u00e4tigkeit ist er mit den rechtlichen Gegebenheiten beider L\u00e4nder vertraut und hat somit die besten Voraussetzungen f\u00fcr die Bearbeitung grenz\u00fcberschreitender F\u00e4lle.Kontakt rivard@cdglegal.chT\u00e4tigkeitsbereiche Vertragsrecht Bau- und [&hellip;]<\/p>\n","protected":false},"author":2,"featured_media":0,"parent":0,"menu_order":0,"comment_status":"closed","ping_status":"closed","template":"","meta":{"_et_pb_use_builder":"on","_et_pb_old_content":"","_et_gb_content_width":"","footnotes":""},"class_list":["post-1000","page","type-page","status-publish","hentry"],"yoast_head":"<!-- This site is optimized with the Yoast SEO plugin v27.2 - https:\/\/yoast.com\/product\/yoast-seo-wordpress\/ -->\n<title>Nicolas RIVARD - Cour de Gare Rechtsanwalt &amp; Notar<\/title>\n<meta name=\"description\" content=\"Ra Nicolas Rivard ist in der Schweiz und in Frankreich als Rechtsanwalt t\u00e4tig. In beiden L\u00e4ndern bietet er Rechtsberatung und Vertretung bei Rechtsstreitigkeiten an.\" \/>\n<meta name=\"robots\" content=\"index, follow, max-snippet:-1, max-image-preview:large, max-video-preview:-1\" \/>\n<link rel=\"canonical\" href=\"https:\/\/cdglegal.ch\/de\/nicolas-rivard\/\" \/>\n<meta property=\"og:locale\" content=\"de_DE\" \/>\n<meta property=\"og:type\" content=\"article\" \/>\n<meta property=\"og:title\" content=\"Nicolas RIVARD - Cour de Gare Rechtsanwalt &amp; Notar\" \/>\n<meta property=\"og:description\" content=\"Ra Nicolas Rivard ist in der Schweiz und in Frankreich als Rechtsanwalt t\u00e4tig. In beiden L\u00e4ndern bietet er Rechtsberatung und Vertretung bei Rechtsstreitigkeiten an.\" \/>\n<meta property=\"og:url\" content=\"https:\/\/cdglegal.ch\/de\/nicolas-rivard\/\" \/>\n<meta property=\"og:site_name\" content=\"Cour de Gare\" \/>\n<meta property=\"article:modified_time\" content=\"2023-07-19T13:36:41+00:00\" \/>\n<meta name=\"twitter:card\" content=\"summary_large_image\" \/>\n<meta name=\"twitter:label1\" content=\"Gesch\u00e4tzte Lesezeit\" \/>\n\t<meta name=\"twitter:data1\" content=\"2\u00a0Minuten\" \/>\n<script type=\"application\/ld+json\" class=\"yoast-schema-graph\">{\"@context\":\"https:\/\/schema.org\",\"@graph\":[{\"@type\":\"WebPage\",\"@id\":\"https:\/\/cdglegal.ch\/de\/nicolas-rivard\/\",\"url\":\"https:\/\/cdglegal.ch\/de\/nicolas-rivard\/\",\"name\":\"Nicolas RIVARD - Cour de Gare Rechtsanwalt & Notar\",\"isPartOf\":{\"@id\":\"https:\/\/cdglegal.ch\/#website\"},\"datePublished\":\"2020-06-05T08:41:08+00:00\",\"dateModified\":\"2023-07-19T13:36:41+00:00\",\"description\":\"Ra Nicolas Rivard ist in der Schweiz und in Frankreich als Rechtsanwalt t\u00e4tig. In beiden L\u00e4ndern bietet er Rechtsberatung und Vertretung bei Rechtsstreitigkeiten an.\",\"breadcrumb\":{\"@id\":\"https:\/\/cdglegal.ch\/de\/nicolas-rivard\/#breadcrumb\"},\"inLanguage\":\"de\",\"potentialAction\":[{\"@type\":\"ReadAction\",\"target\":[\"https:\/\/cdglegal.ch\/de\/nicolas-rivard\/\"]}]},{\"@type\":\"BreadcrumbList\",\"@id\":\"https:\/\/cdglegal.ch\/de\/nicolas-rivard\/#breadcrumb\",\"itemListElement\":[{\"@type\":\"ListItem\",\"position\":1,\"name\":\"Accueil\",\"item\":\"https:\/\/cdglegal.ch\/de\/\"},{\"@type\":\"ListItem\",\"position\":2,\"name\":\"Nicolas RIVARD\"}]},{\"@type\":\"WebSite\",\"@id\":\"https:\/\/cdglegal.ch\/#website\",\"url\":\"https:\/\/cdglegal.ch\/\",\"name\":\"Cour de Gare\",\"description\":\"Avocats &amp; Notaires\",\"publisher\":{\"@id\":\"https:\/\/cdglegal.ch\/#organization\"},\"potentialAction\":[{\"@type\":\"SearchAction\",\"target\":{\"@type\":\"EntryPoint\",\"urlTemplate\":\"https:\/\/cdglegal.ch\/?s={search_term_string}\"},\"query-input\":{\"@type\":\"PropertyValueSpecification\",\"valueRequired\":true,\"valueName\":\"search_term_string\"}}],\"inLanguage\":\"de\"},{\"@type\":\"Organization\",\"@id\":\"https:\/\/cdglegal.ch\/#organization\",\"name\":\"Cour de Gare Avocats & Notaires\",\"url\":\"https:\/\/cdglegal.ch\/\",\"logo\":{\"@type\":\"ImageObject\",\"inLanguage\":\"de\",\"@id\":\"https:\/\/cdglegal.ch\/#\/schema\/logo\/image\/\",\"url\":\"https:\/\/cdglegal.ch\/wp-content\/uploads\/2019\/08\/CDG_logo_.png\",\"contentUrl\":\"https:\/\/cdglegal.ch\/wp-content\/uploads\/2019\/08\/CDG_logo_.png\",\"width\":250,\"height\":105,\"caption\":\"Cour de Gare Avocats & Notaires\"},\"image\":{\"@id\":\"https:\/\/cdglegal.ch\/#\/schema\/logo\/image\/\"}}]}<\/script>\n<!-- \/ Yoast SEO plugin. -->","yoast_head_json":{"title":"Nicolas RIVARD - Cour de Gare Rechtsanwalt & Notar","description":"Ra Nicolas Rivard ist in der Schweiz und in Frankreich als Rechtsanwalt t\u00e4tig. In beiden L\u00e4ndern bietet er Rechtsberatung und Vertretung bei Rechtsstreitigkeiten an.","robots":{"index":"index","follow":"follow","max-snippet":"max-snippet:-1","max-image-preview":"max-image-preview:large","max-video-preview":"max-video-preview:-1"},"canonical":"https:\/\/cdglegal.ch\/de\/nicolas-rivard\/","og_locale":"de_DE","og_type":"article","og_title":"Nicolas RIVARD - Cour de Gare Rechtsanwalt & Notar","og_description":"Ra Nicolas Rivard ist in der Schweiz und in Frankreich als Rechtsanwalt t\u00e4tig. In beiden L\u00e4ndern bietet er Rechtsberatung und Vertretung bei Rechtsstreitigkeiten an.","og_url":"https:\/\/cdglegal.ch\/de\/nicolas-rivard\/","og_site_name":"Cour de Gare","article_modified_time":"2023-07-19T13:36:41+00:00","twitter_card":"summary_large_image","twitter_misc":{"Gesch\u00e4tzte Lesezeit":"2\u00a0Minuten"},"schema":{"@context":"https:\/\/schema.org","@graph":[{"@type":"WebPage","@id":"https:\/\/cdglegal.ch\/de\/nicolas-rivard\/","url":"https:\/\/cdglegal.ch\/de\/nicolas-rivard\/","name":"Nicolas RIVARD - Cour de Gare Rechtsanwalt & Notar","isPartOf":{"@id":"https:\/\/cdglegal.ch\/#website"},"datePublished":"2020-06-05T08:41:08+00:00","dateModified":"2023-07-19T13:36:41+00:00","description":"Ra Nicolas Rivard ist in der Schweiz und in Frankreich als Rechtsanwalt t\u00e4tig. In beiden L\u00e4ndern bietet er Rechtsberatung und Vertretung bei Rechtsstreitigkeiten an.","breadcrumb":{"@id":"https:\/\/cdglegal.ch\/de\/nicolas-rivard\/#breadcrumb"},"inLanguage":"de","potentialAction":[{"@type":"ReadAction","target":["https:\/\/cdglegal.ch\/de\/nicolas-rivard\/"]}]},{"@type":"BreadcrumbList","@id":"https:\/\/cdglegal.ch\/de\/nicolas-rivard\/#breadcrumb","itemListElement":[{"@type":"ListItem","position":1,"name":"Accueil","item":"https:\/\/cdglegal.ch\/de\/"},{"@type":"ListItem","position":2,"name":"Nicolas RIVARD"}]},{"@type":"WebSite","@id":"https:\/\/cdglegal.ch\/#website","url":"https:\/\/cdglegal.ch\/","name":"Cour de Gare","description":"Avocats &amp; Notaires","publisher":{"@id":"https:\/\/cdglegal.ch\/#organization"},"potentialAction":[{"@type":"SearchAction","target":{"@type":"EntryPoint","urlTemplate":"https:\/\/cdglegal.ch\/?s={search_term_string}"},"query-input":{"@type":"PropertyValueSpecification","valueRequired":true,"valueName":"search_term_string"}}],"inLanguage":"de"},{"@type":"Organization","@id":"https:\/\/cdglegal.ch\/#organization","name":"Cour de Gare Avocats & Notaires","url":"https:\/\/cdglegal.ch\/","logo":{"@type":"ImageObject","inLanguage":"de","@id":"https:\/\/cdglegal.ch\/#\/schema\/logo\/image\/","url":"https:\/\/cdglegal.ch\/wp-content\/uploads\/2019\/08\/CDG_logo_.png","contentUrl":"https:\/\/cdglegal.ch\/wp-content\/uploads\/2019\/08\/CDG_logo_.png","width":250,"height":105,"caption":"Cour de Gare Avocats & Notaires"},"image":{"@id":"https:\/\/cdglegal.ch\/#\/schema\/logo\/image\/"}}]}},"_links":{"self":[{"href":"https:\/\/cdglegal.ch\/de\/wp-json\/wp\/v2\/pages\/1000","targetHints":{"allow":["GET"]}}],"collection":[{"href":"https:\/\/cdglegal.ch\/de\/wp-json\/wp\/v2\/pages"}],"about":[{"href":"https:\/\/cdglegal.ch\/de\/wp-json\/wp\/v2\/types\/page"}],"author":[{"embeddable":true,"href":"https:\/\/cdglegal.ch\/de\/wp-json\/wp\/v2\/users\/2"}],"replies":[{"embeddable":true,"href":"https:\/\/cdglegal.ch\/de\/wp-json\/wp\/v2\/comments?post=1000"}],"version-history":[{"count":5,"href":"https:\/\/cdglegal.ch\/de\/wp-json\/wp\/v2\/pages\/1000\/revisions"}],"predecessor-version":[{"id":2132,"href":"https:\/\/cdglegal.ch\/de\/wp-json\/wp\/v2\/pages\/1000\/revisions\/2132"}],"wp:attachment":[{"href":"https:\/\/cdglegal.ch\/de\/wp-json\/wp\/v2\/media?parent=1000"}],"curies":[{"name":"wp","href":"https:\/\/api.w.org\/{rel}","templated":true}]}}