{"id":1026,"date":"2020-06-05T11:09:59","date_gmt":"2020-06-05T09:09:59","guid":{"rendered":"https:\/\/cdglegal.ch\/estelle-saesseli\/"},"modified":"2022-01-24T10:23:07","modified_gmt":"2022-01-24T09:23:07","slug":"laura-rossini","status":"publish","type":"page","link":"https:\/\/cdglegal.ch\/de\/laura-rossini\/","title":{"rendered":"Laura ROSSINI"},"content":{"rendered":"<p>[et_pb_section fb_built=&#8220;1&#8243; _builder_version=&#8220;3.27.3&#8243; global_colors_info=&#8220;{}&#8220;][et_pb_row _builder_version=&#8220;3.27.3&#8243; global_colors_info=&#8220;{}&#8220;][et_pb_column type=&#8220;4_4&#8243; _builder_version=&#8220;3.27.3&#8243; global_colors_info=&#8220;{}&#8220;][et_pb_text _builder_version=&#8220;4.8.2&#8243; header_font=&#8220;|800|||||||&#8220; header_text_color=&#8220;#28384f&#8220; header_2_font=&#8220;|600|||||||&#8220; global_colors_info=&#8220;{}&#8220;]<\/p>\n<h1>LAURA ROSSINI<\/h1>\n<p>&nbsp;<\/p>\n<h2><strong>RECHTSANW\u00c4LTIN UND NOTARIN<\/strong><\/h2>\n<p>[\/et_pb_text][\/et_pb_column][\/et_pb_row][et_pb_row column_structure=&#8220;1_3,1_3,1_3&#8243; _builder_version=&#8220;3.27.3&#8243; max_width=&#8220;1920px&#8220; global_colors_info=&#8220;{}&#8220;][et_pb_column type=&#8220;1_3&#8243; _builder_version=&#8220;3.27.3&#8243; global_colors_info=&#8220;{}&#8220;][et_pb_image src=&#8220;https:\/\/cdglegal.ch\/wp-content\/uploads\/2021\/02\/laura-1-1-scaled-e1613490525376.jpg&#8220; title_text=&#8220;laura 1&#8243; show_in_lightbox=&#8220;on&#8220; align=&#8220;center&#8220; _builder_version=&#8220;4.8.2&#8243; width_tablet=&#8220;70%&#8220; width_phone=&#8220;75%&#8220; width_last_edited=&#8220;on|tablet&#8220; box_shadow_style=&#8220;preset1&#8243; global_colors_info=&#8220;{}&#8220;][\/et_pb_image][\/et_pb_column][et_pb_column type=&#8220;1_3&#8243; _builder_version=&#8220;3.27.3&#8243; global_colors_info=&#8220;{}&#8220;][et_pb_text _builder_version=&#8220;4.8.2&#8243; global_colors_info=&#8220;{}&#8220;]<\/p>\n<h3>Kontakt<\/h3>\n<p><i class=\"fas fa-envelope\"><\/i><a href=\"mailto:saesseli@cdglegal.ch\">rossini@cdglegal.ch<\/a><\/p>\n<p>[\/et_pb_text][et_pb_divider _builder_version=&#8220;3.27.3&#8243; global_colors_info=&#8220;{}&#8220;][\/et_pb_divider][et_pb_text _builder_version=&#8220;4.14.2&#8243; hover_enabled=&#8220;0&#8243; global_colors_info=&#8220;{}&#8220; sticky_enabled=&#8220;0&#8243;]<\/p>\n<h3>T\u00e4tigkeitsbereiche<\/h3>\n<p>&nbsp;<\/p>\n<h5>Notariat<\/h5>\n<p>S\u00e4mtliche notariellen Gesch\u00e4fte, namentlich:<\/p>\n<ul style=\"list-style-type: circle;\">\n<li>Immobilienrecht<\/li>\n<li>Ehe- und Erbrecht<\/li>\n<li>Gesellschaftsrecht<\/li>\n<li>Personenrecht<\/li>\n<\/ul>\n<h5>Anwaltskammer \/ Beratung<\/h5>\n<ul style=\"list-style-type: circle;\">\n<li>Immobilien- und Baurecht<\/li>\n<li>Familien- und Erbrecht<\/li>\n<li>Handelsrecht<\/li>\n<li>Vertragsrecht<\/li>\n<li>Strafrecht<\/li>\n<\/ul>\n<p>[\/et_pb_text][et_pb_divider _builder_version=&#8220;3.27.3&#8243; global_colors_info=&#8220;{}&#8220;][\/et_pb_divider][et_pb_text _builder_version=&#8220;4.8.2&#8243; hover_enabled=&#8220;0&#8243; global_colors_info=&#8220;{}&#8220; sticky_enabled=&#8220;0&#8243;]<\/p>\n<h3>Erfahrung \/ beruflicher Werdegang<\/h3>\n<p>&nbsp;<\/p>\n<p><strong>2021<\/strong> : Partnerin, Rechtsanw\u00e4ltin und Notarin, Kanzlei Cour de Gare Avocats &amp; Notaires<\/p>\n<p><strong>2020<\/strong> : Notariatspatent (Wallis)<\/p>\n<p><strong>2018 \u2013 2019<\/strong> : Notariatspraktikantin bei Ra Dominique Sierro, Kanzlei Cour de Gare Avocats &amp; Notaires<\/p>\n<p><strong>2017 \u2013 2018<\/strong> : Gerichtsschreiberin\u00a0ad hoc\u00a0beim Walliser Kantonsgericht<\/p>\n<p><strong>2017<\/strong> : Anwaltspatent (Wallis)<\/p>\n<p><strong>2016<\/strong> : Praktikantin beim Kantonsgericht Wallis<\/p>\n<p><strong>2015 \u2013 2016<\/strong> : Notariatspraktikantin bei der Kanzlei Cour de Gare Avocats &amp; Notaires<\/p>\n<p><strong>2013<\/strong> : Gerichtsschreiberin\u00a0ad hoc\u00a0beim Tribunal d\u2019arrondissement de la Broye et Nord vaudois in Yverdon-les-Bains<\/p>\n<p><strong>2011 \u2013 2013<\/strong> : Master in Rechtswissenschaft (summa cum laude), Universit\u00e4t Lausanne<\/p>\n<p><strong>2009 \u2013 2011<\/strong> : Bachelor in Rechtswissenschaft (magna cum laude) an der Universit\u00e4t Lausanne<\/p>\n<p>&nbsp;<\/p>\n<p>[\/et_pb_text][\/et_pb_column][et_pb_column type=&#8220;1_3&#8243; _builder_version=&#8220;3.27.3&#8243; global_colors_info=&#8220;{}&#8220;][et_pb_text _builder_version=&#8220;4.14.2&#8243; hover_enabled=&#8220;0&#8243; global_colors_info=&#8220;{}&#8220; sticky_enabled=&#8220;0&#8243;]<\/p>\n<h3>Sprachen<\/h3>\n<p>Franz\u00f6sisch, Englisch, Deutsch<\/p>\n<p>[\/et_pb_text][et_pb_divider _builder_version=&#8220;3.27.3&#8243; global_colors_info=&#8220;{}&#8220;][\/et_pb_divider][et_pb_text _builder_version=&#8220;4.14.2&#8243; hover_enabled=&#8220;0&#8243; global_colors_info=&#8220;{}&#8220; sticky_enabled=&#8220;0&#8243;]<\/p>\n<h3>Berufsverb\u00e4nde<\/h3>\n<p>&nbsp;<\/p>\n<p>Mitglied des Walliser Anwaltsverbandes und des Schweizerischen Anwaltsverbandes<\/p>\n<p>Mitglied des Walliser Notarenverbandes und des Schweizerischen Notarenverbandes.<\/p>\n<p>[\/et_pb_text][\/et_pb_column][\/et_pb_row][\/et_pb_section]<\/p>\n","protected":false},"excerpt":{"rendered":"<p>LAURA ROSSINI &nbsp; RECHTSANW\u00c4LTIN UND NOTARINKontakt rossini@cdglegal.chT\u00e4tigkeitsbereiche &nbsp; Notariat S\u00e4mtliche notariellen Gesch\u00e4fte, namentlich: Immobilienrecht Ehe- und Erbrecht Gesellschaftsrecht Personenrecht Anwaltskammer \/ Beratung Immobilien- und Baurecht Familien- und Erbrecht Handelsrecht Vertragsrecht Strafrecht Erfahrung \/ beruflicher Werdegang &nbsp; 2021 : Partnerin, Rechtsanw\u00e4ltin und Notarin, Kanzlei Cour de Gare Avocats &amp; Notaires 2020 : Notariatspatent (Wallis) 2018 \u2013 [&hellip;]<\/p>\n","protected":false},"author":2,"featured_media":0,"parent":0,"menu_order":0,"comment_status":"closed","ping_status":"closed","template":"","meta":{"_et_pb_use_builder":"on","_et_pb_old_content":"","_et_gb_content_width":"","footnotes":""},"class_list":["post-1026","page","type-page","status-publish","hentry"],"yoast_head":"<!-- This site is optimized with the Yoast SEO plugin v27.3 - https:\/\/yoast.com\/product\/yoast-seo-wordpress\/ -->\n<title>Laura ROSSINI - Cour de Gare Rechtsanwalt &amp; Notar<\/title>\n<meta name=\"robots\" content=\"index, follow, max-snippet:-1, max-image-preview:large, max-video-preview:-1\" \/>\n<link rel=\"canonical\" href=\"https:\/\/cdglegal.ch\/de\/laura-rossini\/\" \/>\n<meta property=\"og:locale\" content=\"de_DE\" \/>\n<meta property=\"og:type\" content=\"article\" \/>\n<meta property=\"og:title\" content=\"Laura ROSSINI - Cour de Gare Rechtsanwalt &amp; Notar\" \/>\n<meta property=\"og:description\" content=\"LAURA ROSSINI &nbsp; RECHTSANW\u00c4LTIN UND NOTARINKontakt rossini@cdglegal.chT\u00e4tigkeitsbereiche &nbsp; Notariat S\u00e4mtliche notariellen Gesch\u00e4fte, namentlich: Immobilienrecht Ehe- und Erbrecht Gesellschaftsrecht Personenrecht Anwaltskammer \/ Beratung Immobilien- und Baurecht Familien- und Erbrecht Handelsrecht Vertragsrecht Strafrecht Erfahrung \/ beruflicher Werdegang &nbsp; 2021 : Partnerin, Rechtsanw\u00e4ltin und Notarin, Kanzlei Cour de Gare Avocats &amp; Notaires 2020 : Notariatspatent (Wallis) 2018 \u2013 [&hellip;]\" \/>\n<meta property=\"og:url\" content=\"https:\/\/cdglegal.ch\/de\/laura-rossini\/\" \/>\n<meta property=\"og:site_name\" content=\"Cour de Gare\" \/>\n<meta property=\"article:modified_time\" content=\"2022-01-24T09:23:07+00:00\" \/>\n<meta name=\"twitter:card\" content=\"summary_large_image\" \/>\n<meta name=\"twitter:label1\" content=\"Gesch\u00e4tzte Lesezeit\" \/>\n\t<meta name=\"twitter:data1\" content=\"2\u00a0Minuten\" \/>\n<script type=\"application\/ld+json\" class=\"yoast-schema-graph\">{\"@context\":\"https:\\\/\\\/schema.org\",\"@graph\":[{\"@type\":\"WebPage\",\"@id\":\"https:\\\/\\\/cdglegal.ch\\\/de\\\/laura-rossini\\\/\",\"url\":\"https:\\\/\\\/cdglegal.ch\\\/de\\\/laura-rossini\\\/\",\"name\":\"Laura ROSSINI - Cour de Gare Rechtsanwalt & Notar\",\"isPartOf\":{\"@id\":\"https:\\\/\\\/cdglegal.ch\\\/#website\"},\"datePublished\":\"2020-06-05T09:09:59+00:00\",\"dateModified\":\"2022-01-24T09:23:07+00:00\",\"breadcrumb\":{\"@id\":\"https:\\\/\\\/cdglegal.ch\\\/de\\\/laura-rossini\\\/#breadcrumb\"},\"inLanguage\":\"de\",\"potentialAction\":[{\"@type\":\"ReadAction\",\"target\":[\"https:\\\/\\\/cdglegal.ch\\\/de\\\/laura-rossini\\\/\"]}]},{\"@type\":\"BreadcrumbList\",\"@id\":\"https:\\\/\\\/cdglegal.ch\\\/de\\\/laura-rossini\\\/#breadcrumb\",\"itemListElement\":[{\"@type\":\"ListItem\",\"position\":1,\"name\":\"Accueil\",\"item\":\"https:\\\/\\\/cdglegal.ch\\\/de\\\/\"},{\"@type\":\"ListItem\",\"position\":2,\"name\":\"Laura ROSSINI\"}]},{\"@type\":\"WebSite\",\"@id\":\"https:\\\/\\\/cdglegal.ch\\\/#website\",\"url\":\"https:\\\/\\\/cdglegal.ch\\\/\",\"name\":\"Cour de Gare\",\"description\":\"Avocats &amp; Notaires\",\"publisher\":{\"@id\":\"https:\\\/\\\/cdglegal.ch\\\/#organization\"},\"potentialAction\":[{\"@type\":\"SearchAction\",\"target\":{\"@type\":\"EntryPoint\",\"urlTemplate\":\"https:\\\/\\\/cdglegal.ch\\\/?s={search_term_string}\"},\"query-input\":{\"@type\":\"PropertyValueSpecification\",\"valueRequired\":true,\"valueName\":\"search_term_string\"}}],\"inLanguage\":\"de\"},{\"@type\":\"Organization\",\"@id\":\"https:\\\/\\\/cdglegal.ch\\\/#organization\",\"name\":\"Cour de Gare Avocats & Notaires\",\"url\":\"https:\\\/\\\/cdglegal.ch\\\/\",\"logo\":{\"@type\":\"ImageObject\",\"inLanguage\":\"de\",\"@id\":\"https:\\\/\\\/cdglegal.ch\\\/#\\\/schema\\\/logo\\\/image\\\/\",\"url\":\"https:\\\/\\\/cdglegal.ch\\\/wp-content\\\/uploads\\\/2019\\\/08\\\/CDG_logo_.png\",\"contentUrl\":\"https:\\\/\\\/cdglegal.ch\\\/wp-content\\\/uploads\\\/2019\\\/08\\\/CDG_logo_.png\",\"width\":250,\"height\":105,\"caption\":\"Cour de Gare Avocats & Notaires\"},\"image\":{\"@id\":\"https:\\\/\\\/cdglegal.ch\\\/#\\\/schema\\\/logo\\\/image\\\/\"}}]}<\/script>\n<!-- \/ Yoast SEO plugin. -->","yoast_head_json":{"title":"Laura ROSSINI - Cour de Gare Rechtsanwalt & Notar","robots":{"index":"index","follow":"follow","max-snippet":"max-snippet:-1","max-image-preview":"max-image-preview:large","max-video-preview":"max-video-preview:-1"},"canonical":"https:\/\/cdglegal.ch\/de\/laura-rossini\/","og_locale":"de_DE","og_type":"article","og_title":"Laura ROSSINI - Cour de Gare Rechtsanwalt & Notar","og_description":"LAURA ROSSINI &nbsp; RECHTSANW\u00c4LTIN UND NOTARINKontakt rossini@cdglegal.chT\u00e4tigkeitsbereiche &nbsp; Notariat S\u00e4mtliche notariellen Gesch\u00e4fte, namentlich: Immobilienrecht Ehe- und Erbrecht Gesellschaftsrecht Personenrecht Anwaltskammer \/ Beratung Immobilien- und Baurecht Familien- und Erbrecht Handelsrecht Vertragsrecht Strafrecht Erfahrung \/ beruflicher Werdegang &nbsp; 2021 : Partnerin, Rechtsanw\u00e4ltin und Notarin, Kanzlei Cour de Gare Avocats &amp; Notaires 2020 : Notariatspatent (Wallis) 2018 \u2013 [&hellip;]","og_url":"https:\/\/cdglegal.ch\/de\/laura-rossini\/","og_site_name":"Cour de Gare","article_modified_time":"2022-01-24T09:23:07+00:00","twitter_card":"summary_large_image","twitter_misc":{"Gesch\u00e4tzte Lesezeit":"2\u00a0Minuten"},"schema":{"@context":"https:\/\/schema.org","@graph":[{"@type":"WebPage","@id":"https:\/\/cdglegal.ch\/de\/laura-rossini\/","url":"https:\/\/cdglegal.ch\/de\/laura-rossini\/","name":"Laura ROSSINI - Cour de Gare Rechtsanwalt & Notar","isPartOf":{"@id":"https:\/\/cdglegal.ch\/#website"},"datePublished":"2020-06-05T09:09:59+00:00","dateModified":"2022-01-24T09:23:07+00:00","breadcrumb":{"@id":"https:\/\/cdglegal.ch\/de\/laura-rossini\/#breadcrumb"},"inLanguage":"de","potentialAction":[{"@type":"ReadAction","target":["https:\/\/cdglegal.ch\/de\/laura-rossini\/"]}]},{"@type":"BreadcrumbList","@id":"https:\/\/cdglegal.ch\/de\/laura-rossini\/#breadcrumb","itemListElement":[{"@type":"ListItem","position":1,"name":"Accueil","item":"https:\/\/cdglegal.ch\/de\/"},{"@type":"ListItem","position":2,"name":"Laura ROSSINI"}]},{"@type":"WebSite","@id":"https:\/\/cdglegal.ch\/#website","url":"https:\/\/cdglegal.ch\/","name":"Cour de Gare","description":"Avocats &amp; Notaires","publisher":{"@id":"https:\/\/cdglegal.ch\/#organization"},"potentialAction":[{"@type":"SearchAction","target":{"@type":"EntryPoint","urlTemplate":"https:\/\/cdglegal.ch\/?s={search_term_string}"},"query-input":{"@type":"PropertyValueSpecification","valueRequired":true,"valueName":"search_term_string"}}],"inLanguage":"de"},{"@type":"Organization","@id":"https:\/\/cdglegal.ch\/#organization","name":"Cour de Gare Avocats & Notaires","url":"https:\/\/cdglegal.ch\/","logo":{"@type":"ImageObject","inLanguage":"de","@id":"https:\/\/cdglegal.ch\/#\/schema\/logo\/image\/","url":"https:\/\/cdglegal.ch\/wp-content\/uploads\/2019\/08\/CDG_logo_.png","contentUrl":"https:\/\/cdglegal.ch\/wp-content\/uploads\/2019\/08\/CDG_logo_.png","width":250,"height":105,"caption":"Cour de Gare Avocats & Notaires"},"image":{"@id":"https:\/\/cdglegal.ch\/#\/schema\/logo\/image\/"}}]}},"_links":{"self":[{"href":"https:\/\/cdglegal.ch\/de\/wp-json\/wp\/v2\/pages\/1026","targetHints":{"allow":["GET"]}}],"collection":[{"href":"https:\/\/cdglegal.ch\/de\/wp-json\/wp\/v2\/pages"}],"about":[{"href":"https:\/\/cdglegal.ch\/de\/wp-json\/wp\/v2\/types\/page"}],"author":[{"embeddable":true,"href":"https:\/\/cdglegal.ch\/de\/wp-json\/wp\/v2\/users\/2"}],"replies":[{"embeddable":true,"href":"https:\/\/cdglegal.ch\/de\/wp-json\/wp\/v2\/comments?post=1026"}],"version-history":[{"count":5,"href":"https:\/\/cdglegal.ch\/de\/wp-json\/wp\/v2\/pages\/1026\/revisions"}],"predecessor-version":[{"id":1647,"href":"https:\/\/cdglegal.ch\/de\/wp-json\/wp\/v2\/pages\/1026\/revisions\/1647"}],"wp:attachment":[{"href":"https:\/\/cdglegal.ch\/de\/wp-json\/wp\/v2\/media?parent=1026"}],"curies":[{"name":"wp","href":"https:\/\/api.w.org\/{rel}","templated":true}]}}