{"id":1780,"date":"2022-01-25T08:39:54","date_gmt":"2022-01-25T07:39:54","guid":{"rendered":"https:\/\/cdglegal.ch\/alicia-solioz\/"},"modified":"2023-07-19T16:13:33","modified_gmt":"2023-07-19T14:13:33","slug":"alicia-solioz","status":"publish","type":"page","link":"https:\/\/cdglegal.ch\/de\/alicia-solioz\/","title":{"rendered":"Alicia SOLIOZ"},"content":{"rendered":"<p>[et_pb_section fb_built=&#8220;1&#8243; _builder_version=&#8220;4.16&#8243; global_colors_info=&#8220;{}&#8220;][et_pb_row _builder_version=&#8220;4.16&#8243; global_colors_info=&#8220;{}&#8220;][et_pb_column type=&#8220;4_4&#8243; _builder_version=&#8220;4.16&#8243; global_colors_info=&#8220;{}&#8220;][et_pb_text _builder_version=&#8220;4.16&#8243; header_font=&#8220;|800|||||||&#8220; header_text_color=&#8220;#28384f&#8220; header_2_font=&#8220;|600|||||||&#8220; min_height=&#8220;118px&#8220; global_colors_info=&#8220;{}&#8220;]<\/p>\n<h1>ALICIA SOLIOZ<\/h1>\n<p>&nbsp;<\/p>\n<h2><strong>RECHTSANW\u00c4LTIN UND NOTARIN<\/strong><\/h2>\n<p>Ra Alicia Solioz ist Partnerin bei Cour de Gare Avocats et Notaires in Sitten und dort als Rechtsanw\u00e4ltin und Notarin t\u00e4tig. Dar\u00fcber hinaus verf\u00fcgt sie \u00fcber eine zweite Kanzlei in Grimentz (Anniviers).<\/p>\n<p>[\/et_pb_text][\/et_pb_column][\/et_pb_row][et_pb_row column_structure=&#8220;1_3,1_3,1_3&#8243; _builder_version=&#8220;4.16&#8243; max_width=&#8220;1920px&#8220; global_colors_info=&#8220;{}&#8220;][et_pb_column type=&#8220;1_3&#8243; _builder_version=&#8220;4.16&#8243; global_colors_info=&#8220;{}&#8220;][et_pb_image src=&#8220;https:\/\/cdglegal.ch\/wp-content\/uploads\/2022\/01\/Alicia-Solioz-11.01.22_Lindaphoto-127-scaled.jpg&#8220; title_text=&#8220;Alicia-Solioz-11.01.22_Lindaphoto-127&#8243; show_in_lightbox=&#8220;on&#8220; align=&#8220;center&#8220; _builder_version=&#8220;4.16&#8243; width_tablet=&#8220;70%&#8220; width_phone=&#8220;75%&#8220; width_last_edited=&#8220;on|tablet&#8220; box_shadow_style=&#8220;preset1&#8243; global_colors_info=&#8220;{}&#8220;][\/et_pb_image][\/et_pb_column][et_pb_column type=&#8220;1_3&#8243; _builder_version=&#8220;4.16&#8243; global_colors_info=&#8220;{}&#8220;][et_pb_text _builder_version=&#8220;4.16&#8243; global_colors_info=&#8220;{}&#8220;]<\/p>\n<h3>Kontakt<\/h3>\n<p><i class=\"fas fa-envelope\"><\/i><a href=\"mailto:solioz@cdglegal.ch\">solioz@cdglegal.ch<\/a><\/p>\n<p>[\/et_pb_text][et_pb_divider _builder_version=&#8220;4.16&#8243; global_colors_info=&#8220;{}&#8220;][\/et_pb_divider][et_pb_text _builder_version=&#8220;4.16&#8243; global_colors_info=&#8220;{}&#8220;]<\/p>\n<h3>T\u00e4tigkeitsbereiche<\/h3>\n<p>&nbsp;<\/p>\n<h5>Notariat<\/h5>\n<p>S\u00e4mtliche notariellen Gesch\u00e4fte, namentlich :<\/p>\n<ul style=\"list-style-type: circle;\">\n<li>Immobilienrecht<\/li>\n<li>Ehe- und Erbrecht<\/li>\n<li>Gesellschaftsrecht<\/li>\n<li>Personenrecht<\/li>\n<\/ul>\n<h5>\u00a0<\/h5>\n<h5>Anwaltskammer \/ Beratung<\/h5>\n<ul style=\"list-style-type: circle;\">\n<li>Sachen- und Immobilientrecht<\/li>\n<li>Familien- und Personenrecht<\/li>\n<li>Erbrecht<\/li>\n<li>Handelsrecht<\/li>\n<li>Vertragsrecht<\/li>\n<li>Strafrecht<\/li>\n<li>Verwaltungsrecht<\/li>\n<\/ul>\n<p>[\/et_pb_text][et_pb_divider _builder_version=&#8220;4.16&#8243; global_colors_info=&#8220;{}&#8220;][\/et_pb_divider][et_pb_text _builder_version=&#8220;4.16&#8243; global_colors_info=&#8220;{}&#8220;]<\/p>\n<h3>Erfahrung \/ beruflicher Werdegang<\/h3>\n<p>&nbsp;<\/p>\n<p><strong>2022<\/strong> : Partnerin, Rechtsanw\u00e4ltin und Notarin, Kanzlei Cour de Gare Avocats &amp; Notaires<\/p>\n<p><strong>2021<\/strong> : Notariatspatent (Wallis)<\/p>\n<p><strong>2019 &#8211; 2020<\/strong> : Notariatspraktikantin bei Ra Dominique Sierro, Kanzlei Cour de Gare Avocats &amp; Notaires<\/p>\n<p><strong>2019<\/strong> : Anwaltspatent (Wallis)<\/p>\n<p><strong>2018<\/strong> : Praktikantin beim Bezirksgericht Siders<\/p>\n<p><strong>2016 &#8211; 2017<\/strong> : Notariatspraktikantin bei der Kanzlei Cour de Gare Avocats &amp; Notaires<\/p>\n<p><strong>2014 &#8211; 2016<\/strong> : Master in Rechtswissenschaft, Vermerk \u00abzweisprachiges Studium\u00bb Franz\u00f6sisch\/Deutsch, Universit\u00e4t K\u00f6ln und Freiburg<\/p>\n<p><strong>2011 &#8211; 2014<\/strong> : Bachelor in Rechtswissenschaft, Universit\u00e4t Freiburg<\/p>\n<p>&nbsp;<\/p>\n<p>[\/et_pb_text][\/et_pb_column][et_pb_column type=&#8220;1_3&#8243; _builder_version=&#8220;4.16&#8243; global_colors_info=&#8220;{}&#8220;][et_pb_text _builder_version=&#8220;4.16&#8243; global_colors_info=&#8220;{}&#8220;]<\/p>\n<h3>Sprache<\/h3>\n<p>Franz\u00f6sisch, Englisch, Deutsch<\/p>\n<p>[\/et_pb_text][et_pb_divider _builder_version=&#8220;4.16&#8243; global_colors_info=&#8220;{}&#8220;][\/et_pb_divider][et_pb_text _builder_version=&#8220;4.16&#8243; global_colors_info=&#8220;{}&#8220;]<\/p>\n<h3>Weitere Aktivit\u00e4ten<\/h3>\n<p><strong>2018 &#8211; 2023 <\/strong>: Juristische Gerichtsschreiberin des Gemeinderichters von Anniviers<\/p>\n<p>&nbsp;<\/p>\n<p>[\/et_pb_text][et_pb_divider _builder_version=&#8220;4.16&#8243; global_colors_info=&#8220;{}&#8220;][\/et_pb_divider][et_pb_text _builder_version=&#8220;4.16&#8243; global_colors_info=&#8220;{}&#8220;]<\/p>\n<h3>Berufsverb\u00e4nde<\/h3>\n<p>Mitglied des Walliser Anwaltsverbandes und des Schweizerischen Anwaltsverbandes<\/p>\n<p>Mitglied des Walliser Notarenverbandes<\/p>\n<p>Mitglied der Association des jeunes Barreau et Notariat Valaisans<\/p>\n<p>&nbsp;<\/p>\n<p>[\/et_pb_text][\/et_pb_column][\/et_pb_row][\/et_pb_section]<\/p>\n","protected":false},"excerpt":{"rendered":"<p>ALICIA SOLIOZ &nbsp; RECHTSANW\u00c4LTIN UND NOTARIN Ra Alicia Solioz ist Partnerin bei Cour de Gare Avocats et Notaires in Sitten und dort als Rechtsanw\u00e4ltin und Notarin t\u00e4tig. Dar\u00fcber hinaus verf\u00fcgt sie \u00fcber eine zweite Kanzlei in Grimentz (Anniviers).Kontakt solioz@cdglegal.chT\u00e4tigkeitsbereiche &nbsp; Notariat S\u00e4mtliche notariellen Gesch\u00e4fte, namentlich : Immobilienrecht Ehe- und Erbrecht Gesellschaftsrecht Personenrecht \u00a0 Anwaltskammer \/ [&hellip;]<\/p>\n","protected":false},"author":4,"featured_media":0,"parent":0,"menu_order":0,"comment_status":"closed","ping_status":"closed","template":"","meta":{"_et_pb_use_builder":"on","_et_pb_old_content":"","_et_gb_content_width":"","footnotes":""},"class_list":["post-1780","page","type-page","status-publish","hentry"],"yoast_head":"<!-- This site is optimized with the Yoast SEO plugin v27.2 - https:\/\/yoast.com\/product\/yoast-seo-wordpress\/ -->\n<title>Alicia SOLIOZ - Cour de Gare Avocats &amp; Notaires<\/title>\n<meta name=\"robots\" content=\"index, follow, max-snippet:-1, max-image-preview:large, max-video-preview:-1\" \/>\n<link rel=\"canonical\" href=\"https:\/\/cdglegal.ch\/alicia-solioz\/\" \/>\n<meta property=\"og:locale\" content=\"de_DE\" \/>\n<meta property=\"og:type\" content=\"article\" \/>\n<meta property=\"og:title\" content=\"Alicia SOLIOZ - Cour de Gare Avocats &amp; Notaires\" \/>\n<meta property=\"og:description\" content=\"ALICIA SOLIOZ &nbsp; RECHTSANW\u00c4LTIN UND NOTARIN Ra Alicia Solioz ist Partnerin bei Cour de Gare Avocats et Notaires in Sitten und dort als Rechtsanw\u00e4ltin und Notarin t\u00e4tig. Dar\u00fcber hinaus verf\u00fcgt sie \u00fcber eine zweite Kanzlei in Grimentz (Anniviers).Kontakt solioz@cdglegal.chT\u00e4tigkeitsbereiche &nbsp; Notariat S\u00e4mtliche notariellen Gesch\u00e4fte, namentlich : Immobilienrecht Ehe- und Erbrecht Gesellschaftsrecht Personenrecht \u00a0 Anwaltskammer \/ [&hellip;]\" \/>\n<meta property=\"og:url\" content=\"https:\/\/cdglegal.ch\/alicia-solioz\/\" \/>\n<meta property=\"og:site_name\" content=\"Cour de Gare\" \/>\n<meta property=\"article:modified_time\" content=\"2023-07-19T14:13:33+00:00\" \/>\n<meta name=\"twitter:card\" content=\"summary_large_image\" \/>\n<meta name=\"twitter:label1\" content=\"Gesch\u00e4tzte Lesezeit\" \/>\n\t<meta name=\"twitter:data1\" content=\"2\u00a0Minuten\" \/>\n<script type=\"application\/ld+json\" class=\"yoast-schema-graph\">{\"@context\":\"https:\/\/schema.org\",\"@graph\":[{\"@type\":\"WebPage\",\"@id\":\"https:\/\/cdglegal.ch\/alicia-solioz\/\",\"url\":\"https:\/\/cdglegal.ch\/alicia-solioz\/\",\"name\":\"Alicia SOLIOZ - Cour de Gare Avocats & Notaires\",\"isPartOf\":{\"@id\":\"https:\/\/cdglegal.ch\/#website\"},\"datePublished\":\"2022-01-25T07:39:54+00:00\",\"dateModified\":\"2023-07-19T14:13:33+00:00\",\"breadcrumb\":{\"@id\":\"https:\/\/cdglegal.ch\/alicia-solioz\/#breadcrumb\"},\"inLanguage\":\"de\",\"potentialAction\":[{\"@type\":\"ReadAction\",\"target\":[\"https:\/\/cdglegal.ch\/alicia-solioz\/\"]}]},{\"@type\":\"BreadcrumbList\",\"@id\":\"https:\/\/cdglegal.ch\/alicia-solioz\/#breadcrumb\",\"itemListElement\":[{\"@type\":\"ListItem\",\"position\":1,\"name\":\"Accueil\",\"item\":\"https:\/\/cdglegal.ch\/de\/\"},{\"@type\":\"ListItem\",\"position\":2,\"name\":\"Alicia SOLIOZ\"}]},{\"@type\":\"WebSite\",\"@id\":\"https:\/\/cdglegal.ch\/#website\",\"url\":\"https:\/\/cdglegal.ch\/\",\"name\":\"Cour de Gare\",\"description\":\"Avocats &amp; Notaires\",\"publisher\":{\"@id\":\"https:\/\/cdglegal.ch\/#organization\"},\"potentialAction\":[{\"@type\":\"SearchAction\",\"target\":{\"@type\":\"EntryPoint\",\"urlTemplate\":\"https:\/\/cdglegal.ch\/?s={search_term_string}\"},\"query-input\":{\"@type\":\"PropertyValueSpecification\",\"valueRequired\":true,\"valueName\":\"search_term_string\"}}],\"inLanguage\":\"de\"},{\"@type\":\"Organization\",\"@id\":\"https:\/\/cdglegal.ch\/#organization\",\"name\":\"Cour de Gare Avocats & Notaires\",\"url\":\"https:\/\/cdglegal.ch\/\",\"logo\":{\"@type\":\"ImageObject\",\"inLanguage\":\"de\",\"@id\":\"https:\/\/cdglegal.ch\/#\/schema\/logo\/image\/\",\"url\":\"https:\/\/cdglegal.ch\/wp-content\/uploads\/2019\/08\/CDG_logo_.png\",\"contentUrl\":\"https:\/\/cdglegal.ch\/wp-content\/uploads\/2019\/08\/CDG_logo_.png\",\"width\":250,\"height\":105,\"caption\":\"Cour de Gare Avocats & Notaires\"},\"image\":{\"@id\":\"https:\/\/cdglegal.ch\/#\/schema\/logo\/image\/\"}}]}<\/script>\n<!-- \/ Yoast SEO plugin. -->","yoast_head_json":{"title":"Alicia SOLIOZ - Cour de Gare Avocats & Notaires","robots":{"index":"index","follow":"follow","max-snippet":"max-snippet:-1","max-image-preview":"max-image-preview:large","max-video-preview":"max-video-preview:-1"},"canonical":"https:\/\/cdglegal.ch\/alicia-solioz\/","og_locale":"de_DE","og_type":"article","og_title":"Alicia SOLIOZ - Cour de Gare Avocats & Notaires","og_description":"ALICIA SOLIOZ &nbsp; RECHTSANW\u00c4LTIN UND NOTARIN Ra Alicia Solioz ist Partnerin bei Cour de Gare Avocats et Notaires in Sitten und dort als Rechtsanw\u00e4ltin und Notarin t\u00e4tig. Dar\u00fcber hinaus verf\u00fcgt sie \u00fcber eine zweite Kanzlei in Grimentz (Anniviers).Kontakt solioz@cdglegal.chT\u00e4tigkeitsbereiche &nbsp; Notariat S\u00e4mtliche notariellen Gesch\u00e4fte, namentlich : Immobilienrecht Ehe- und Erbrecht Gesellschaftsrecht Personenrecht \u00a0 Anwaltskammer \/ [&hellip;]","og_url":"https:\/\/cdglegal.ch\/alicia-solioz\/","og_site_name":"Cour de Gare","article_modified_time":"2023-07-19T14:13:33+00:00","twitter_card":"summary_large_image","twitter_misc":{"Gesch\u00e4tzte Lesezeit":"2\u00a0Minuten"},"schema":{"@context":"https:\/\/schema.org","@graph":[{"@type":"WebPage","@id":"https:\/\/cdglegal.ch\/alicia-solioz\/","url":"https:\/\/cdglegal.ch\/alicia-solioz\/","name":"Alicia SOLIOZ - Cour de Gare Avocats & Notaires","isPartOf":{"@id":"https:\/\/cdglegal.ch\/#website"},"datePublished":"2022-01-25T07:39:54+00:00","dateModified":"2023-07-19T14:13:33+00:00","breadcrumb":{"@id":"https:\/\/cdglegal.ch\/alicia-solioz\/#breadcrumb"},"inLanguage":"de","potentialAction":[{"@type":"ReadAction","target":["https:\/\/cdglegal.ch\/alicia-solioz\/"]}]},{"@type":"BreadcrumbList","@id":"https:\/\/cdglegal.ch\/alicia-solioz\/#breadcrumb","itemListElement":[{"@type":"ListItem","position":1,"name":"Accueil","item":"https:\/\/cdglegal.ch\/de\/"},{"@type":"ListItem","position":2,"name":"Alicia SOLIOZ"}]},{"@type":"WebSite","@id":"https:\/\/cdglegal.ch\/#website","url":"https:\/\/cdglegal.ch\/","name":"Cour de Gare","description":"Avocats &amp; Notaires","publisher":{"@id":"https:\/\/cdglegal.ch\/#organization"},"potentialAction":[{"@type":"SearchAction","target":{"@type":"EntryPoint","urlTemplate":"https:\/\/cdglegal.ch\/?s={search_term_string}"},"query-input":{"@type":"PropertyValueSpecification","valueRequired":true,"valueName":"search_term_string"}}],"inLanguage":"de"},{"@type":"Organization","@id":"https:\/\/cdglegal.ch\/#organization","name":"Cour de Gare Avocats & Notaires","url":"https:\/\/cdglegal.ch\/","logo":{"@type":"ImageObject","inLanguage":"de","@id":"https:\/\/cdglegal.ch\/#\/schema\/logo\/image\/","url":"https:\/\/cdglegal.ch\/wp-content\/uploads\/2019\/08\/CDG_logo_.png","contentUrl":"https:\/\/cdglegal.ch\/wp-content\/uploads\/2019\/08\/CDG_logo_.png","width":250,"height":105,"caption":"Cour de Gare Avocats & Notaires"},"image":{"@id":"https:\/\/cdglegal.ch\/#\/schema\/logo\/image\/"}}]}},"_links":{"self":[{"href":"https:\/\/cdglegal.ch\/de\/wp-json\/wp\/v2\/pages\/1780","targetHints":{"allow":["GET"]}}],"collection":[{"href":"https:\/\/cdglegal.ch\/de\/wp-json\/wp\/v2\/pages"}],"about":[{"href":"https:\/\/cdglegal.ch\/de\/wp-json\/wp\/v2\/types\/page"}],"author":[{"embeddable":true,"href":"https:\/\/cdglegal.ch\/de\/wp-json\/wp\/v2\/users\/4"}],"replies":[{"embeddable":true,"href":"https:\/\/cdglegal.ch\/de\/wp-json\/wp\/v2\/comments?post=1780"}],"version-history":[{"count":5,"href":"https:\/\/cdglegal.ch\/de\/wp-json\/wp\/v2\/pages\/1780\/revisions"}],"predecessor-version":[{"id":2146,"href":"https:\/\/cdglegal.ch\/de\/wp-json\/wp\/v2\/pages\/1780\/revisions\/2146"}],"wp:attachment":[{"href":"https:\/\/cdglegal.ch\/de\/wp-json\/wp\/v2\/media?parent=1780"}],"curies":[{"name":"wp","href":"https:\/\/api.w.org\/{rel}","templated":true}]}}