{"id":2129,"date":"2023-07-19T15:23:27","date_gmt":"2023-07-19T13:23:27","guid":{"rendered":"https:\/\/cdglegal.ch\/timothee-zermatten\/"},"modified":"2026-03-30T11:06:38","modified_gmt":"2026-03-30T09:06:38","slug":"timothee-zermatten","status":"publish","type":"page","link":"https:\/\/cdglegal.ch\/de\/timothee-zermatten\/","title":{"rendered":"Timoth\u00e9e ZERMATTEN"},"content":{"rendered":"<p>[et_pb_section fb_built=&#8220;1&#8243; _builder_version=&#8220;4.16&#8243; collapsed=&#8220;off&#8220; global_colors_info=&#8220;{}&#8220;][et_pb_row admin_label=&#8220;Ligne&#8220; _builder_version=&#8220;4.16&#8243; collapsed=&#8220;off&#8220; global_colors_info=&#8220;{}&#8220;][et_pb_column type=&#8220;4_4&#8243; _builder_version=&#8220;4.16&#8243; global_colors_info=&#8220;{}&#8220;][et_pb_text _builder_version=&#8220;4.27.4&#8243; header_font=&#8220;|800|||||||&#8220; header_text_color=&#8220;#28384f&#8220; header_2_font=&#8220;|600|||||||&#8220; min_height=&#8220;118px&#8220; hover_enabled=&#8220;0&#8243; global_colors_info=&#8220;{}&#8220; sticky_enabled=&#8220;0&#8243;]<\/p>\n<h1>TIMOTH\u00c9E ZERMATTEN<\/h1>\n<p><\/p>\n<p>&nbsp;<\/p>\n<p><\/p>\n<h2><strong>RECHTSANWALT UND JURISTISCHER MITARBEITER IM BEREICH DES NOTARIATS<\/strong><\/h2>\n<p><\/p>\n<p>&nbsp;<\/p>\n<p><\/p>\n<p>&nbsp;<\/p>\n<p><\/p>\n<p>Timoth\u00e9e Zermatten arbeitet als Rechtsanwalt und juristischer Mitarbeiter im Bereich Notariat in der Kanzlei Cour de Gare Avocats &amp; Notaires, in Sitten.<\/p>\n<p>[\/et_pb_text][\/et_pb_column][\/et_pb_row][et_pb_row column_structure=&#8220;1_3,1_3,1_3&#8243; _builder_version=&#8220;4.16&#8243; max_width=&#8220;1920px&#8220; global_colors_info=&#8220;{}&#8220;][et_pb_column type=&#8220;1_3&#8243; _builder_version=&#8220;4.16&#8243; global_colors_info=&#8220;{}&#8220;][et_pb_image src=&#8220;https:\/\/cdglegal.ch\/wp-content\/uploads\/2023\/08\/TimPageModif.jpg&#8220; title_text=&#8220;TimPageModif&#8220; show_in_lightbox=&#8220;on&#8220; align=&#8220;center&#8220; _builder_version=&#8220;4.27.4&#8243; width_tablet=&#8220;70%&#8220; width_phone=&#8220;75%&#8220; width_last_edited=&#8220;on|tablet&#8220; box_shadow_style=&#8220;preset1&#8243; global_colors_info=&#8220;{}&#8220;][\/et_pb_image][\/et_pb_column][et_pb_column type=&#8220;1_3&#8243; _builder_version=&#8220;4.16&#8243; global_colors_info=&#8220;{}&#8220;][et_pb_text _builder_version=&#8220;4.27.6&#8243; hover_enabled=&#8220;0&#8243; global_colors_info=&#8220;{}&#8220; sticky_enabled=&#8220;0&#8243;]<\/p>\n<h3>Kontakt<\/h3>\n<p><\/p>\n<p><i class=\"fas fa-envelope\"><\/i><a href=\"mailto:solioz@cdglegal.ch\">tzermatten@cdglegal.ch<\/a><\/p>\n<p>[\/et_pb_text][et_pb_divider _builder_version=&#8220;4.27.4&#8243; global_colors_info=&#8220;{}&#8220;][\/et_pb_divider][et_pb_text _builder_version=&#8220;4.27.6&#8243; hover_enabled=&#8220;0&#8243; global_colors_info=&#8220;{}&#8220; sticky_enabled=&#8220;0&#8243;]<\/p>\n<h3>T\u00e4tigkeitsbereiche<\/h3>\n<p><\/p>\n<h5>Notariat<\/h5>\n<p><\/p>\n<p>S\u00e4mtliche notariellen Gesch\u00e4fte, namentlich:<\/p>\n<p><\/p>\n<ul style=\"list-style-type: circle;\">\n<li>Immobilienrecht<\/li>\n<li>Ehe- und Erbrecht<\/li>\n<li>Gesellschaftsrecht<\/li>\n<li>Personenrecht<\/li>\n<\/ul>\n<p><\/p>\n<h5>\u00a0<\/h5>\n<p><\/p>\n<h5>Anwaltskammer \/ Beratung<\/h5>\n<p><\/p>\n<ul style=\"list-style-type: circle;\">\n<li>Beratung im Bereich Sachenrecht und Immobilienrecht<\/li>\n<li>Beratung im Vertragsrecht<\/li>\n<li>Verwaltungsrecht<\/li>\n<\/ul>\n<p>[\/et_pb_text][et_pb_divider _builder_version=&#8220;4.16&#8243; global_colors_info=&#8220;{}&#8220;][\/et_pb_divider][et_pb_text _builder_version=&#8220;4.27.4&#8243; global_colors_info=&#8220;{}&#8220;]<\/p>\n<h3>Erfahrung \/ beruflicher Werdegang<\/h3>\n<p><\/p>\n<p>&nbsp;<\/p>\n<p><\/p>\n<p><strong>2023<\/strong> :Rechtsanwalt und juristischer Mitarbeiter im Bereich des Notariats, Kanzlei Cour de Gare Avocats &amp; Notaires<\/p>\n<p><\/p>\n<p><strong>2023<\/strong> : Notariatspatent (Wallis)<\/p>\n<p><\/p>\n<p><strong>2021 &#8211; 2022<\/strong> : Notariatspraktikant bei Ra Dominique Sierro, Kanzlei Cour de Gare Avocats &amp; Notaires<\/p>\n<p><\/p>\n<p><strong>2021<\/strong> : Anwaltspatent (Wallis)<\/p>\n<p><\/p>\n<p><strong>2020<\/strong> : Praktikant beim Bezirksgericht Sitten<\/p>\n<p><\/p>\n<p><strong>2019 &#8211; 2020 <\/strong>: Notariatspraktikant bei der Kanzlei von Me Laurence Casays<\/p>\n<p><\/p>\n<p><strong>2017 &#8211; 2019<\/strong> : Master in Rechtswissenschaft, Universit\u00e4t Freiburg<\/p>\n<p><\/p>\n<p><strong>2014 &#8211; 2017<\/strong> : Bachelor in Rechtswissenschaft, Universit\u00e4t Freiburg<\/p>\n<p><\/p>\n<p>&nbsp;<\/p>\n<p>[\/et_pb_text][\/et_pb_column][et_pb_column type=&#8220;1_3&#8243; _builder_version=&#8220;4.16&#8243; global_colors_info=&#8220;{}&#8220;][et_pb_text _builder_version=&#8220;4.27.4&#8243; global_colors_info=&#8220;{}&#8220;]<\/p>\n<h3>Sprache<\/h3>\n<p><\/p>\n<p>Franz\u00f6sich, Englisch<\/p>\n<p>[\/et_pb_text][et_pb_divider _builder_version=&#8220;4.27.4&#8243; global_colors_info=&#8220;{}&#8220;][\/et_pb_divider][et_pb_text _builder_version=&#8220;4.27.4&#8243; global_colors_info=&#8220;{}&#8220;]<\/p>\n<h3>Berufsverb\u00e4nde<\/h3>\n<p><\/p>\n<p>Mitglied des Walliser Anwaltsverbandes und des Schweizerischen Anwaltsverbandes<\/p>\n<p><\/p>\n<p>Mitglied der Association des jeunes Barreau et Notariat Valaisans<\/p>\n<p><\/p>\n<p>&nbsp;<\/p>\n<p>[\/et_pb_text][et_pb_divider _builder_version=&#8220;4.27.4&#8243; global_colors_info=&#8220;{}&#8220;][\/et_pb_divider][et_pb_text _builder_version=&#8220;4.27.4&#8243; global_colors_info=&#8220;{}&#8220;]<\/p>\n<h3>Andere Aktivit\u00e4ten<\/h3>\n<p><\/p>\n<p>Generalsekret\u00e4r der Walliser \u00c4rztegesellschaft<\/p>\n<p><\/p>\n<p>&nbsp;<\/p>\n<p>[\/et_pb_text][\/et_pb_column][\/et_pb_row][\/et_pb_section]<\/p>\n","protected":false},"excerpt":{"rendered":"<p>TIMOTH\u00c9E ZERMATTEN&nbsp;RECHTSANWALT UND JURISTISCHER MITARBEITER IM BEREICH DES NOTARIATS&nbsp;&nbsp;Timoth\u00e9e Zermatten arbeitet als Rechtsanwalt und juristischer Mitarbeiter im Bereich Notariat in der Kanzlei Cour de Gare Avocats &amp; Notaires, in Sitten.Kontakttzermatten@cdglegal.chT\u00e4tigkeitsbereicheNotariatS\u00e4mtliche notariellen Gesch\u00e4fte, namentlich: Immobilienrecht Ehe- und Erbrecht Gesellschaftsrecht Personenrecht \u00a0Anwaltskammer \/ Beratung Beratung im Bereich Sachenrecht und Immobilienrecht Beratung im Vertragsrecht Verwaltungsrecht Erfahrung \/ beruflicher [&hellip;]<\/p>\n","protected":false},"author":4,"featured_media":0,"parent":0,"menu_order":0,"comment_status":"closed","ping_status":"closed","template":"","meta":{"_et_pb_use_builder":"on","_et_pb_old_content":"","_et_gb_content_width":"","footnotes":""},"class_list":["post-2129","page","type-page","status-publish","hentry"],"yoast_head":"<!-- This site is optimized with the Yoast SEO plugin v27.3 - https:\/\/yoast.com\/product\/yoast-seo-wordpress\/ -->\n<title>Timoth\u00e9e ZERMATTEN - Cour de Gare<\/title>\n<meta name=\"robots\" content=\"index, follow, max-snippet:-1, max-image-preview:large, max-video-preview:-1\" \/>\n<link rel=\"canonical\" href=\"https:\/\/cdglegal.ch\/timothee-zermatten\/\" \/>\n<meta property=\"og:locale\" content=\"de_DE\" \/>\n<meta property=\"og:type\" content=\"article\" \/>\n<meta property=\"og:title\" content=\"Timoth\u00e9e ZERMATTEN - Cour de Gare\" \/>\n<meta property=\"og:description\" content=\"TIMOTH\u00c9E ZERMATTEN&nbsp;RECHTSANWALT UND JURISTISCHER MITARBEITER IM BEREICH DES NOTARIATS&nbsp;&nbsp;Timoth\u00e9e Zermatten arbeitet als Rechtsanwalt und juristischer Mitarbeiter im Bereich Notariat in der Kanzlei Cour de Gare Avocats &amp; Notaires, in Sitten.Kontakttzermatten@cdglegal.chT\u00e4tigkeitsbereicheNotariatS\u00e4mtliche notariellen Gesch\u00e4fte, namentlich: Immobilienrecht Ehe- und Erbrecht Gesellschaftsrecht Personenrecht \u00a0Anwaltskammer \/ Beratung Beratung im Bereich Sachenrecht und Immobilienrecht Beratung im Vertragsrecht Verwaltungsrecht Erfahrung \/ beruflicher [&hellip;]\" \/>\n<meta property=\"og:url\" content=\"https:\/\/cdglegal.ch\/timothee-zermatten\/\" \/>\n<meta property=\"og:site_name\" content=\"Cour de Gare\" \/>\n<meta property=\"article:modified_time\" content=\"2026-03-30T09:06:38+00:00\" \/>\n<meta name=\"twitter:card\" content=\"summary_large_image\" \/>\n<meta name=\"twitter:label1\" content=\"Gesch\u00e4tzte Lesezeit\" \/>\n\t<meta name=\"twitter:data1\" content=\"2\u00a0Minuten\" \/>\n<script type=\"application\/ld+json\" class=\"yoast-schema-graph\">{\"@context\":\"https:\\\/\\\/schema.org\",\"@graph\":[{\"@type\":\"WebPage\",\"@id\":\"https:\\\/\\\/cdglegal.ch\\\/timothee-zermatten\\\/\",\"url\":\"https:\\\/\\\/cdglegal.ch\\\/timothee-zermatten\\\/\",\"name\":\"Timoth\u00e9e ZERMATTEN - Cour de Gare\",\"isPartOf\":{\"@id\":\"https:\\\/\\\/cdglegal.ch\\\/#website\"},\"datePublished\":\"2023-07-19T13:23:27+00:00\",\"dateModified\":\"2026-03-30T09:06:38+00:00\",\"breadcrumb\":{\"@id\":\"https:\\\/\\\/cdglegal.ch\\\/timothee-zermatten\\\/#breadcrumb\"},\"inLanguage\":\"de\",\"potentialAction\":[{\"@type\":\"ReadAction\",\"target\":[\"https:\\\/\\\/cdglegal.ch\\\/timothee-zermatten\\\/\"]}]},{\"@type\":\"BreadcrumbList\",\"@id\":\"https:\\\/\\\/cdglegal.ch\\\/timothee-zermatten\\\/#breadcrumb\",\"itemListElement\":[{\"@type\":\"ListItem\",\"position\":1,\"name\":\"Accueil\",\"item\":\"https:\\\/\\\/cdglegal.ch\\\/de\\\/\"},{\"@type\":\"ListItem\",\"position\":2,\"name\":\"Timoth\u00e9e ZERMATTEN\"}]},{\"@type\":\"WebSite\",\"@id\":\"https:\\\/\\\/cdglegal.ch\\\/#website\",\"url\":\"https:\\\/\\\/cdglegal.ch\\\/\",\"name\":\"Cour de Gare\",\"description\":\"Avocats &amp; Notaires\",\"publisher\":{\"@id\":\"https:\\\/\\\/cdglegal.ch\\\/#organization\"},\"potentialAction\":[{\"@type\":\"SearchAction\",\"target\":{\"@type\":\"EntryPoint\",\"urlTemplate\":\"https:\\\/\\\/cdglegal.ch\\\/?s={search_term_string}\"},\"query-input\":{\"@type\":\"PropertyValueSpecification\",\"valueRequired\":true,\"valueName\":\"search_term_string\"}}],\"inLanguage\":\"de\"},{\"@type\":\"Organization\",\"@id\":\"https:\\\/\\\/cdglegal.ch\\\/#organization\",\"name\":\"Cour de Gare Avocats & Notaires\",\"url\":\"https:\\\/\\\/cdglegal.ch\\\/\",\"logo\":{\"@type\":\"ImageObject\",\"inLanguage\":\"de\",\"@id\":\"https:\\\/\\\/cdglegal.ch\\\/#\\\/schema\\\/logo\\\/image\\\/\",\"url\":\"https:\\\/\\\/cdglegal.ch\\\/wp-content\\\/uploads\\\/2019\\\/08\\\/CDG_logo_.png\",\"contentUrl\":\"https:\\\/\\\/cdglegal.ch\\\/wp-content\\\/uploads\\\/2019\\\/08\\\/CDG_logo_.png\",\"width\":250,\"height\":105,\"caption\":\"Cour de Gare Avocats & Notaires\"},\"image\":{\"@id\":\"https:\\\/\\\/cdglegal.ch\\\/#\\\/schema\\\/logo\\\/image\\\/\"}}]}<\/script>\n<!-- \/ Yoast SEO plugin. -->","yoast_head_json":{"title":"Timoth\u00e9e ZERMATTEN - Cour de Gare","robots":{"index":"index","follow":"follow","max-snippet":"max-snippet:-1","max-image-preview":"max-image-preview:large","max-video-preview":"max-video-preview:-1"},"canonical":"https:\/\/cdglegal.ch\/timothee-zermatten\/","og_locale":"de_DE","og_type":"article","og_title":"Timoth\u00e9e ZERMATTEN - Cour de Gare","og_description":"TIMOTH\u00c9E ZERMATTEN&nbsp;RECHTSANWALT UND JURISTISCHER MITARBEITER IM BEREICH DES NOTARIATS&nbsp;&nbsp;Timoth\u00e9e Zermatten arbeitet als Rechtsanwalt und juristischer Mitarbeiter im Bereich Notariat in der Kanzlei Cour de Gare Avocats &amp; Notaires, in Sitten.Kontakttzermatten@cdglegal.chT\u00e4tigkeitsbereicheNotariatS\u00e4mtliche notariellen Gesch\u00e4fte, namentlich: Immobilienrecht Ehe- und Erbrecht Gesellschaftsrecht Personenrecht \u00a0Anwaltskammer \/ Beratung Beratung im Bereich Sachenrecht und Immobilienrecht Beratung im Vertragsrecht Verwaltungsrecht Erfahrung \/ beruflicher [&hellip;]","og_url":"https:\/\/cdglegal.ch\/timothee-zermatten\/","og_site_name":"Cour de Gare","article_modified_time":"2026-03-30T09:06:38+00:00","twitter_card":"summary_large_image","twitter_misc":{"Gesch\u00e4tzte Lesezeit":"2\u00a0Minuten"},"schema":{"@context":"https:\/\/schema.org","@graph":[{"@type":"WebPage","@id":"https:\/\/cdglegal.ch\/timothee-zermatten\/","url":"https:\/\/cdglegal.ch\/timothee-zermatten\/","name":"Timoth\u00e9e ZERMATTEN - Cour de Gare","isPartOf":{"@id":"https:\/\/cdglegal.ch\/#website"},"datePublished":"2023-07-19T13:23:27+00:00","dateModified":"2026-03-30T09:06:38+00:00","breadcrumb":{"@id":"https:\/\/cdglegal.ch\/timothee-zermatten\/#breadcrumb"},"inLanguage":"de","potentialAction":[{"@type":"ReadAction","target":["https:\/\/cdglegal.ch\/timothee-zermatten\/"]}]},{"@type":"BreadcrumbList","@id":"https:\/\/cdglegal.ch\/timothee-zermatten\/#breadcrumb","itemListElement":[{"@type":"ListItem","position":1,"name":"Accueil","item":"https:\/\/cdglegal.ch\/de\/"},{"@type":"ListItem","position":2,"name":"Timoth\u00e9e ZERMATTEN"}]},{"@type":"WebSite","@id":"https:\/\/cdglegal.ch\/#website","url":"https:\/\/cdglegal.ch\/","name":"Cour de Gare","description":"Avocats &amp; Notaires","publisher":{"@id":"https:\/\/cdglegal.ch\/#organization"},"potentialAction":[{"@type":"SearchAction","target":{"@type":"EntryPoint","urlTemplate":"https:\/\/cdglegal.ch\/?s={search_term_string}"},"query-input":{"@type":"PropertyValueSpecification","valueRequired":true,"valueName":"search_term_string"}}],"inLanguage":"de"},{"@type":"Organization","@id":"https:\/\/cdglegal.ch\/#organization","name":"Cour de Gare Avocats & Notaires","url":"https:\/\/cdglegal.ch\/","logo":{"@type":"ImageObject","inLanguage":"de","@id":"https:\/\/cdglegal.ch\/#\/schema\/logo\/image\/","url":"https:\/\/cdglegal.ch\/wp-content\/uploads\/2019\/08\/CDG_logo_.png","contentUrl":"https:\/\/cdglegal.ch\/wp-content\/uploads\/2019\/08\/CDG_logo_.png","width":250,"height":105,"caption":"Cour de Gare Avocats & Notaires"},"image":{"@id":"https:\/\/cdglegal.ch\/#\/schema\/logo\/image\/"}}]}},"_links":{"self":[{"href":"https:\/\/cdglegal.ch\/de\/wp-json\/wp\/v2\/pages\/2129","targetHints":{"allow":["GET"]}}],"collection":[{"href":"https:\/\/cdglegal.ch\/de\/wp-json\/wp\/v2\/pages"}],"about":[{"href":"https:\/\/cdglegal.ch\/de\/wp-json\/wp\/v2\/types\/page"}],"author":[{"embeddable":true,"href":"https:\/\/cdglegal.ch\/de\/wp-json\/wp\/v2\/users\/4"}],"replies":[{"embeddable":true,"href":"https:\/\/cdglegal.ch\/de\/wp-json\/wp\/v2\/comments?post=2129"}],"version-history":[{"count":5,"href":"https:\/\/cdglegal.ch\/de\/wp-json\/wp\/v2\/pages\/2129\/revisions"}],"predecessor-version":[{"id":2823,"href":"https:\/\/cdglegal.ch\/de\/wp-json\/wp\/v2\/pages\/2129\/revisions\/2823"}],"wp:attachment":[{"href":"https:\/\/cdglegal.ch\/de\/wp-json\/wp\/v2\/media?parent=2129"}],"curies":[{"name":"wp","href":"https:\/\/api.w.org\/{rel}","templated":true}]}}