{"id":2686,"date":"2025-09-16T16:12:51","date_gmt":"2025-09-16T14:12:51","guid":{"rendered":"https:\/\/cdglegal.ch\/ophelie-jollien-2\/"},"modified":"2025-09-16T16:12:58","modified_gmt":"2025-09-16T14:12:58","slug":"ophelie-jollien-2","status":"publish","type":"page","link":"https:\/\/cdglegal.ch\/de\/ophelie-jollien-2\/","title":{"rendered":"Oph\u00e9lie JOLLIEN"},"content":{"rendered":"<p>[et_pb_section fb_built=&#8220;1&#8243; _builder_version=&#8220;4.16&#8243; collapsed=&#8220;off&#8220; global_colors_info=&#8220;{}&#8220;][et_pb_row admin_label=&#8220;Ligne&#8220; _builder_version=&#8220;4.16&#8243; collapsed=&#8220;off&#8220; global_colors_info=&#8220;{}&#8220;][et_pb_column type=&#8220;4_4&#8243; _builder_version=&#8220;4.16&#8243; global_colors_info=&#8220;{}&#8220;][et_pb_text _builder_version=&#8220;4.27.4&#8243; header_font=&#8220;|800|||||||&#8220; header_text_color=&#8220;#28384f&#8220; header_2_font=&#8220;|600|||||||&#8220; min_height=&#8220;118px&#8220; global_colors_info=&#8220;{}&#8220;]<\/p>\n<h1>OPH\u00c9LIE JOLLIEN<\/h1>\n<p><\/p>\n<p>&nbsp;<\/p>\n<p><\/p>\n<h2><strong>RECHTSANW\u00c4LTIN<\/strong><\/h2>\n<p><\/p>\n<p>&nbsp;<\/p>\n<p><\/p>\n<p>Me Oph\u00e9lie Jollien ist als Rechtsanw\u00e4ltin bei Cour de Gare Avocats et Notaires in Sion t\u00e4tig.<\/p>\n<p><\/p>\n<p>&nbsp;<\/p>\n<p>[\/et_pb_text][\/et_pb_column][\/et_pb_row][et_pb_row column_structure=&#8220;1_3,1_3,1_3&#8243; _builder_version=&#8220;4.16&#8243; max_width=&#8220;1920px&#8220; global_colors_info=&#8220;{}&#8220;][et_pb_column type=&#8220;1_3&#8243; _builder_version=&#8220;4.16&#8243; global_colors_info=&#8220;{}&#8220;][et_pb_image title_text=&#8220;1.1&#8243; show_in_lightbox=&#8220;on&#8220; align=&#8220;center&#8220; _builder_version=&#8220;4.27.4&#8243; width_tablet=&#8220;70%&#8220; width_phone=&#8220;75%&#8220; width_last_edited=&#8220;on|tablet&#8220; hover_enabled=&#8220;0&#8243; box_shadow_style=&#8220;preset1&#8243; global_colors_info=&#8220;{}&#8220; alt=&#8220;Oph\u00e9lie Jollien&#8220; src=&#8220;https:\/\/cdglegal.ch\/wp-content\/uploads\/2025\/09\/OJ.jpg&#8220; sticky_enabled=&#8220;0&#8243;][\/et_pb_image][\/et_pb_column][et_pb_column type=&#8220;1_3&#8243; _builder_version=&#8220;4.16&#8243; global_colors_info=&#8220;{}&#8220;][et_pb_text _builder_version=&#8220;4.27.4&#8243; global_colors_info=&#8220;{}&#8220;]<\/p>\n<h3>Kontakt<\/h3>\n<p><\/p>\n<p><i class=\"fas fa-envelope\"><\/i><a href=\"mailto:jollien@cdglegal.ch\">jollien@cdglegal.ch<\/a><\/p>\n<p>[\/et_pb_text][et_pb_divider _builder_version=&#8220;4.27.4&#8243; global_colors_info=&#8220;{}&#8220;][\/et_pb_divider][et_pb_text _builder_version=&#8220;4.27.4&#8243; global_colors_info=&#8220;{}&#8220;]<\/p>\n<h3>T\u00e4tigkeitsbereiche<\/h3>\n<p><\/p>\n<p>&nbsp;<\/p>\n<p><\/p>\n<h5>Rechtsanw\u00e4ltin<\/h5>\n<p><\/p>\n<ul style=\"list-style-type: circle;\">\n<li>Sachenrecht und Immobilienrecht<\/li>\n<li>Familien- und Personenrecht<\/li>\n<li>Erbrecht<\/li>\n<li>Handels- und Vertragsrecht<\/li>\n<li>Strafrecht<\/li>\n<li>Verwaltungsrecht<\/li>\n<\/ul>\n<p>[\/et_pb_text][et_pb_divider _builder_version=&#8220;4.16&#8243; global_colors_info=&#8220;{}&#8220;][\/et_pb_divider][et_pb_text _builder_version=&#8220;4.27.4&#8243; global_colors_info=&#8220;{}&#8220;]<\/p>\n<h3>Erfahrungen \/ Beruflicher Werdegang<\/h3>\n<p><\/p>\n<p><b>2025<\/b>: Rechtsanw\u00e4ltin, Kanzlei Cour de Gare Avocats &amp; Notaires<\/p>\n<p><\/p>\n<p><b>2025<\/b>: Anwaltspatent (Wallis)<\/p>\n<p><\/p>\n<p><b>2023\u20132024<\/b>: Rechtsanwaltsanw\u00e4rterin bei Fr\u00e9d\u00e9ric Pitteloud und Nicolas Rivard, Kanzlei Cour de Gare Avocats &amp; Notaires<\/p>\n<p><\/p>\n<p><b>2021\u20132023<\/b>: Master in Rechtswissenschaften (magna cum laude), Universit\u00e4t Lausanne<\/p>\n<p><\/p>\n<p><b>2018\u20132021<\/b>: Bachelor in Rechtswissenschaften, Universit\u00e4t Freiburg<\/p>\n<p>[\/et_pb_text][\/et_pb_column][et_pb_column type=&#8220;1_3&#8243; _builder_version=&#8220;4.16&#8243; global_colors_info=&#8220;{}&#8220;][et_pb_text _builder_version=&#8220;4.27.4&#8243; global_colors_info=&#8220;{}&#8220;]<\/p>\n<h3>Sprachen<\/h3>\n<p><\/p>\n<p>Franz\u00f6sisch, Englisch<\/p>\n<p>[\/et_pb_text][et_pb_divider _builder_version=&#8220;4.27.4&#8243; global_colors_info=&#8220;{}&#8220;][\/et_pb_divider][et_pb_text _builder_version=&#8220;4.27.4&#8243; global_colors_info=&#8220;{}&#8220;]<\/p>\n<h3>Berufsverb\u00e4nde<\/h3>\n<p><\/p>\n<p>Mitglied der Walliser Anwaltskammer und des Schweizerischen Anwaltsverbandes<\/p>\n<p><\/p>\n<p>Mitglied der Vereinigung junger Anw\u00e4lte und Notare des Wallis<\/p>\n<p>[\/et_pb_text][\/et_pb_column][\/et_pb_row][\/et_pb_section]<\/p>\n","protected":false},"excerpt":{"rendered":"<p>OPH\u00c9LIE JOLLIEN&nbsp;RECHTSANW\u00c4LTIN&nbsp;Me Oph\u00e9lie Jollien ist als Rechtsanw\u00e4ltin bei Cour de Gare Avocats et Notaires in Sion t\u00e4tig.&nbsp;Kontaktjollien@cdglegal.chT\u00e4tigkeitsbereiche&nbsp;Rechtsanw\u00e4ltin Sachenrecht und Immobilienrecht Familien- und Personenrecht Erbrecht Handels- und Vertragsrecht Strafrecht Verwaltungsrecht Erfahrungen \/ Beruflicher Werdegang2025: Rechtsanw\u00e4ltin, Kanzlei Cour de Gare Avocats &amp; Notaires2025: Anwaltspatent (Wallis)2023\u20132024: Rechtsanwaltsanw\u00e4rterin bei Fr\u00e9d\u00e9ric Pitteloud und Nicolas Rivard, Kanzlei Cour de Gare Avocats [&hellip;]<\/p>\n","protected":false},"author":4,"featured_media":0,"parent":0,"menu_order":0,"comment_status":"closed","ping_status":"closed","template":"","meta":{"_et_pb_use_builder":"on","_et_pb_old_content":"","_et_gb_content_width":"","footnotes":""},"class_list":["post-2686","page","type-page","status-publish","hentry"],"yoast_head":"<!-- This site is optimized with the Yoast SEO plugin v27.3 - https:\/\/yoast.com\/product\/yoast-seo-wordpress\/ -->\n<title>Oph\u00e9lie JOLLIEN - Cour de Gare<\/title>\n<meta name=\"robots\" content=\"index, follow, max-snippet:-1, max-image-preview:large, max-video-preview:-1\" \/>\n<link rel=\"canonical\" href=\"https:\/\/cdglegal.ch\/ophelie-jollien\/\" \/>\n<meta property=\"og:locale\" content=\"de_DE\" \/>\n<meta property=\"og:type\" content=\"article\" \/>\n<meta property=\"og:title\" content=\"Oph\u00e9lie JOLLIEN - Cour de Gare\" \/>\n<meta property=\"og:description\" content=\"OPH\u00c9LIE JOLLIEN&nbsp;RECHTSANW\u00c4LTIN&nbsp;Me Oph\u00e9lie Jollien ist als Rechtsanw\u00e4ltin bei Cour de Gare Avocats et Notaires in Sion t\u00e4tig.&nbsp;Kontaktjollien@cdglegal.chT\u00e4tigkeitsbereiche&nbsp;Rechtsanw\u00e4ltin Sachenrecht und Immobilienrecht Familien- und Personenrecht Erbrecht Handels- und Vertragsrecht Strafrecht Verwaltungsrecht Erfahrungen \/ Beruflicher Werdegang2025: Rechtsanw\u00e4ltin, Kanzlei Cour de Gare Avocats &amp; Notaires2025: Anwaltspatent (Wallis)2023\u20132024: Rechtsanwaltsanw\u00e4rterin bei Fr\u00e9d\u00e9ric Pitteloud und Nicolas Rivard, Kanzlei Cour de Gare Avocats [&hellip;]\" \/>\n<meta property=\"og:url\" content=\"https:\/\/cdglegal.ch\/ophelie-jollien\/\" \/>\n<meta property=\"og:site_name\" content=\"Cour de Gare\" \/>\n<meta property=\"article:modified_time\" content=\"2025-09-16T14:12:58+00:00\" \/>\n<meta name=\"twitter:card\" content=\"summary_large_image\" \/>\n<meta name=\"twitter:label1\" content=\"Gesch\u00e4tzte Lesezeit\" \/>\n\t<meta name=\"twitter:data1\" content=\"2\u00a0Minuten\" \/>\n<script type=\"application\/ld+json\" class=\"yoast-schema-graph\">{\"@context\":\"https:\\\/\\\/schema.org\",\"@graph\":[{\"@type\":\"WebPage\",\"@id\":\"https:\\\/\\\/cdglegal.ch\\\/ophelie-jollien\\\/\",\"url\":\"https:\\\/\\\/cdglegal.ch\\\/ophelie-jollien\\\/\",\"name\":\"Oph\u00e9lie JOLLIEN - Cour de Gare\",\"isPartOf\":{\"@id\":\"https:\\\/\\\/cdglegal.ch\\\/#website\"},\"datePublished\":\"2025-09-16T14:12:51+00:00\",\"dateModified\":\"2025-09-16T14:12:58+00:00\",\"breadcrumb\":{\"@id\":\"https:\\\/\\\/cdglegal.ch\\\/ophelie-jollien\\\/#breadcrumb\"},\"inLanguage\":\"de\",\"potentialAction\":[{\"@type\":\"ReadAction\",\"target\":[\"https:\\\/\\\/cdglegal.ch\\\/ophelie-jollien\\\/\"]}]},{\"@type\":\"BreadcrumbList\",\"@id\":\"https:\\\/\\\/cdglegal.ch\\\/ophelie-jollien\\\/#breadcrumb\",\"itemListElement\":[{\"@type\":\"ListItem\",\"position\":1,\"name\":\"Accueil\",\"item\":\"https:\\\/\\\/cdglegal.ch\\\/de\\\/\"},{\"@type\":\"ListItem\",\"position\":2,\"name\":\"Oph\u00e9lie JOLLIEN\"}]},{\"@type\":\"WebSite\",\"@id\":\"https:\\\/\\\/cdglegal.ch\\\/#website\",\"url\":\"https:\\\/\\\/cdglegal.ch\\\/\",\"name\":\"Cour de Gare\",\"description\":\"Avocats &amp; Notaires\",\"publisher\":{\"@id\":\"https:\\\/\\\/cdglegal.ch\\\/#organization\"},\"potentialAction\":[{\"@type\":\"SearchAction\",\"target\":{\"@type\":\"EntryPoint\",\"urlTemplate\":\"https:\\\/\\\/cdglegal.ch\\\/?s={search_term_string}\"},\"query-input\":{\"@type\":\"PropertyValueSpecification\",\"valueRequired\":true,\"valueName\":\"search_term_string\"}}],\"inLanguage\":\"de\"},{\"@type\":\"Organization\",\"@id\":\"https:\\\/\\\/cdglegal.ch\\\/#organization\",\"name\":\"Cour de Gare Avocats & Notaires\",\"url\":\"https:\\\/\\\/cdglegal.ch\\\/\",\"logo\":{\"@type\":\"ImageObject\",\"inLanguage\":\"de\",\"@id\":\"https:\\\/\\\/cdglegal.ch\\\/#\\\/schema\\\/logo\\\/image\\\/\",\"url\":\"https:\\\/\\\/cdglegal.ch\\\/wp-content\\\/uploads\\\/2019\\\/08\\\/CDG_logo_.png\",\"contentUrl\":\"https:\\\/\\\/cdglegal.ch\\\/wp-content\\\/uploads\\\/2019\\\/08\\\/CDG_logo_.png\",\"width\":250,\"height\":105,\"caption\":\"Cour de Gare Avocats & Notaires\"},\"image\":{\"@id\":\"https:\\\/\\\/cdglegal.ch\\\/#\\\/schema\\\/logo\\\/image\\\/\"}}]}<\/script>\n<!-- \/ Yoast SEO plugin. -->","yoast_head_json":{"title":"Oph\u00e9lie JOLLIEN - Cour de Gare","robots":{"index":"index","follow":"follow","max-snippet":"max-snippet:-1","max-image-preview":"max-image-preview:large","max-video-preview":"max-video-preview:-1"},"canonical":"https:\/\/cdglegal.ch\/ophelie-jollien\/","og_locale":"de_DE","og_type":"article","og_title":"Oph\u00e9lie JOLLIEN - Cour de Gare","og_description":"OPH\u00c9LIE JOLLIEN&nbsp;RECHTSANW\u00c4LTIN&nbsp;Me Oph\u00e9lie Jollien ist als Rechtsanw\u00e4ltin bei Cour de Gare Avocats et Notaires in Sion t\u00e4tig.&nbsp;Kontaktjollien@cdglegal.chT\u00e4tigkeitsbereiche&nbsp;Rechtsanw\u00e4ltin Sachenrecht und Immobilienrecht Familien- und Personenrecht Erbrecht Handels- und Vertragsrecht Strafrecht Verwaltungsrecht Erfahrungen \/ Beruflicher Werdegang2025: Rechtsanw\u00e4ltin, Kanzlei Cour de Gare Avocats &amp; Notaires2025: Anwaltspatent (Wallis)2023\u20132024: Rechtsanwaltsanw\u00e4rterin bei Fr\u00e9d\u00e9ric Pitteloud und Nicolas Rivard, Kanzlei Cour de Gare Avocats [&hellip;]","og_url":"https:\/\/cdglegal.ch\/ophelie-jollien\/","og_site_name":"Cour de Gare","article_modified_time":"2025-09-16T14:12:58+00:00","twitter_card":"summary_large_image","twitter_misc":{"Gesch\u00e4tzte Lesezeit":"2\u00a0Minuten"},"schema":{"@context":"https:\/\/schema.org","@graph":[{"@type":"WebPage","@id":"https:\/\/cdglegal.ch\/ophelie-jollien\/","url":"https:\/\/cdglegal.ch\/ophelie-jollien\/","name":"Oph\u00e9lie JOLLIEN - Cour de Gare","isPartOf":{"@id":"https:\/\/cdglegal.ch\/#website"},"datePublished":"2025-09-16T14:12:51+00:00","dateModified":"2025-09-16T14:12:58+00:00","breadcrumb":{"@id":"https:\/\/cdglegal.ch\/ophelie-jollien\/#breadcrumb"},"inLanguage":"de","potentialAction":[{"@type":"ReadAction","target":["https:\/\/cdglegal.ch\/ophelie-jollien\/"]}]},{"@type":"BreadcrumbList","@id":"https:\/\/cdglegal.ch\/ophelie-jollien\/#breadcrumb","itemListElement":[{"@type":"ListItem","position":1,"name":"Accueil","item":"https:\/\/cdglegal.ch\/de\/"},{"@type":"ListItem","position":2,"name":"Oph\u00e9lie JOLLIEN"}]},{"@type":"WebSite","@id":"https:\/\/cdglegal.ch\/#website","url":"https:\/\/cdglegal.ch\/","name":"Cour de Gare","description":"Avocats &amp; Notaires","publisher":{"@id":"https:\/\/cdglegal.ch\/#organization"},"potentialAction":[{"@type":"SearchAction","target":{"@type":"EntryPoint","urlTemplate":"https:\/\/cdglegal.ch\/?s={search_term_string}"},"query-input":{"@type":"PropertyValueSpecification","valueRequired":true,"valueName":"search_term_string"}}],"inLanguage":"de"},{"@type":"Organization","@id":"https:\/\/cdglegal.ch\/#organization","name":"Cour de Gare Avocats & Notaires","url":"https:\/\/cdglegal.ch\/","logo":{"@type":"ImageObject","inLanguage":"de","@id":"https:\/\/cdglegal.ch\/#\/schema\/logo\/image\/","url":"https:\/\/cdglegal.ch\/wp-content\/uploads\/2019\/08\/CDG_logo_.png","contentUrl":"https:\/\/cdglegal.ch\/wp-content\/uploads\/2019\/08\/CDG_logo_.png","width":250,"height":105,"caption":"Cour de Gare Avocats & Notaires"},"image":{"@id":"https:\/\/cdglegal.ch\/#\/schema\/logo\/image\/"}}]}},"_links":{"self":[{"href":"https:\/\/cdglegal.ch\/de\/wp-json\/wp\/v2\/pages\/2686","targetHints":{"allow":["GET"]}}],"collection":[{"href":"https:\/\/cdglegal.ch\/de\/wp-json\/wp\/v2\/pages"}],"about":[{"href":"https:\/\/cdglegal.ch\/de\/wp-json\/wp\/v2\/types\/page"}],"author":[{"embeddable":true,"href":"https:\/\/cdglegal.ch\/de\/wp-json\/wp\/v2\/users\/4"}],"replies":[{"embeddable":true,"href":"https:\/\/cdglegal.ch\/de\/wp-json\/wp\/v2\/comments?post=2686"}],"version-history":[{"count":5,"href":"https:\/\/cdglegal.ch\/de\/wp-json\/wp\/v2\/pages\/2686\/revisions"}],"predecessor-version":[{"id":2691,"href":"https:\/\/cdglegal.ch\/de\/wp-json\/wp\/v2\/pages\/2686\/revisions\/2691"}],"wp:attachment":[{"href":"https:\/\/cdglegal.ch\/de\/wp-json\/wp\/v2\/media?parent=2686"}],"curies":[{"name":"wp","href":"https:\/\/api.w.org\/{rel}","templated":true}]}}