{"id":969,"date":"2020-06-05T10:00:07","date_gmt":"2020-06-05T08:00:07","guid":{"rendered":"https:\/\/cdglegal.ch\/notar\/"},"modified":"2020-06-08T17:46:18","modified_gmt":"2020-06-08T15:46:18","slug":"notar","status":"publish","type":"page","link":"https:\/\/cdglegal.ch\/de\/notar\/","title":{"rendered":"Notar"},"content":{"rendered":"<p>[et_pb_section fb_built=&#8220;1&#8243; _builder_version=&#8220;3.27.3&#8243; custom_padding=&#8220;0px||0px||false|false&#8220;][et_pb_row column_structure=&#8220;1_3,2_3&#8243; _builder_version=&#8220;4.0.11&#8243; width=&#8220;100%&#8220; max_width=&#8220;1920px&#8220; custom_padding=&#8220;0px||0px||false|false&#8220;][et_pb_column type=&#8220;1_3&#8243; _builder_version=&#8220;3.27.3&#8243;][et_pb_text disabled_on=&#8220;off|off|off&#8220; admin_label=&#8220;ImageFond&#8220; _builder_version=&#8220;4.0.11&#8243; background_enable_color=&#8220;off&#8220; background_image=&#8220;https:\/\/cdglegal.ch\/wp-content\/uploads\/2020\/01\/Notaire-1-570&#215;570-1.jpg&#8220; custom_margin=&#8220;-2px||||false|false&#8220; custom_margin_tablet=&#8220;-10px||||false|false&#8220; custom_margin_phone=&#8220;&#8220; custom_margin_last_edited=&#8220;on|phone&#8220; custom_padding=&#8220;250px||300px||false|false&#8220; custom_padding_tablet=&#8220;&#8220; custom_padding_phone=&#8220;166px||||false|false&#8220; custom_padding_last_edited=&#8220;on|phone&#8220; background_last_edited=&#8220;on|phone&#8220; background_image_phone=&#8220;https:\/\/cdglegal.ch\/wp-content\/uploads\/2020\/01\/Notaire-1-570&#215;570-1.jpg&#8220; background_enable_image_phone=&#8220;on&#8220; background_size_phone=&#8220;contain&#8220;][\/et_pb_text][\/et_pb_column][et_pb_column type=&#8220;2_3&#8243; _builder_version=&#8220;3.27.3&#8243;][et_pb_text _builder_version=&#8220;4.2.2&#8243; text_line_height=&#8220;1.9em&#8220; custom_padding=&#8220;175px|20px|||false|false&#8220; custom_padding_tablet=&#8220;30px|20px||20px|false|false&#8220; custom_padding_phone=&#8220;&#8220; custom_padding_last_edited=&#8220;on|desktop&#8220;]<\/p>\n<p>Cour de Gare Avocats et Notaires unterst\u00fctzt Sie bei s\u00e4mtlichen Transaktionen, bei denen eine Beurkundung gesetzlich vorgeschrieben ist oder von den Parteien gew\u00fcnscht wird.<\/p>\n<p>Denn die Notare unserer Kanzlei k\u00f6nnen \u00f6ffentliche Beurkundungen durchf\u00fchren, namentlich in den Bereichen Immobilien (Verkauf, Schenkung, Grundpfandrechte, &#8230;) und Handelsrecht (Fusionen, Erwerb und Umstrukturierung von Unternehmen).<\/p>\n<p>Dar\u00fcber hinaus bieten wir Ihnen massgeschneiderte und individuelle Beratung bei Ihrer Verm\u00f6gensplanung, der Wahl des ehelichen G\u00fcterstands oder der Nachlassregelung (Ehevertrag, Testament, Erbvertrag).<\/p>\n<p>[\/et_pb_text][\/et_pb_column][\/et_pb_row][\/et_pb_section]<\/p>\n","protected":false},"excerpt":{"rendered":"<p>Cour de Gare Avocats et Notaires unterst\u00fctzt Sie bei s\u00e4mtlichen Transaktionen, bei denen eine Beurkundung gesetzlich vorgeschrieben ist oder von den Parteien gew\u00fcnscht wird. Denn die Notare unserer Kanzlei k\u00f6nnen \u00f6ffentliche Beurkundungen durchf\u00fchren, namentlich in den Bereichen Immobilien (Verkauf, Schenkung, Grundpfandrechte, &#8230;) und Handelsrecht (Fusionen, Erwerb und Umstrukturierung von Unternehmen). Dar\u00fcber hinaus bieten wir Ihnen [&hellip;]<\/p>\n","protected":false},"author":2,"featured_media":0,"parent":0,"menu_order":0,"comment_status":"closed","ping_status":"closed","template":"","meta":{"_et_pb_use_builder":"on","_et_pb_old_content":"","_et_gb_content_width":"","footnotes":""},"class_list":["post-969","page","type-page","status-publish","hentry"],"yoast_head":"<!-- This site is optimized with the Yoast SEO plugin v27.2 - https:\/\/yoast.com\/product\/yoast-seo-wordpress\/ -->\n<title>Notar - Cour de Gare Rechtsanwalt &amp; Notar<\/title>\n<meta name=\"description\" content=\"Denn die Notare unserer Kanzlei k\u00f6nnen \u00f6ffentliche Beurkundungen durchf\u00fchren, namentlich in den Bereichen Immobilien und Handelsrecht\" \/>\n<meta name=\"robots\" content=\"index, follow, max-snippet:-1, max-image-preview:large, max-video-preview:-1\" \/>\n<link rel=\"canonical\" href=\"https:\/\/cdglegal.ch\/de\/notar\/\" \/>\n<meta property=\"og:locale\" content=\"de_DE\" \/>\n<meta property=\"og:type\" content=\"article\" \/>\n<meta property=\"og:title\" content=\"Notar - Cour de Gare Rechtsanwalt &amp; Notar\" \/>\n<meta property=\"og:description\" content=\"Denn die Notare unserer Kanzlei k\u00f6nnen \u00f6ffentliche Beurkundungen durchf\u00fchren, namentlich in den Bereichen Immobilien und Handelsrecht\" \/>\n<meta property=\"og:url\" content=\"https:\/\/cdglegal.ch\/de\/notar\/\" \/>\n<meta property=\"og:site_name\" content=\"Cour de Gare\" \/>\n<meta property=\"article:modified_time\" content=\"2020-06-08T15:46:18+00:00\" \/>\n<meta name=\"twitter:card\" content=\"summary_large_image\" \/>\n<meta name=\"twitter:label1\" content=\"Gesch\u00e4tzte Lesezeit\" \/>\n\t<meta name=\"twitter:data1\" content=\"1\u00a0Minute\" \/>\n<script type=\"application\/ld+json\" class=\"yoast-schema-graph\">{\"@context\":\"https:\/\/schema.org\",\"@graph\":[{\"@type\":\"WebPage\",\"@id\":\"https:\/\/cdglegal.ch\/de\/notar\/\",\"url\":\"https:\/\/cdglegal.ch\/de\/notar\/\",\"name\":\"Notar - Cour de Gare Rechtsanwalt & Notar\",\"isPartOf\":{\"@id\":\"https:\/\/cdglegal.ch\/#website\"},\"datePublished\":\"2020-06-05T08:00:07+00:00\",\"dateModified\":\"2020-06-08T15:46:18+00:00\",\"description\":\"Denn die Notare unserer Kanzlei k\u00f6nnen \u00f6ffentliche Beurkundungen durchf\u00fchren, namentlich in den Bereichen Immobilien und Handelsrecht\",\"breadcrumb\":{\"@id\":\"https:\/\/cdglegal.ch\/de\/notar\/#breadcrumb\"},\"inLanguage\":\"de\",\"potentialAction\":[{\"@type\":\"ReadAction\",\"target\":[\"https:\/\/cdglegal.ch\/de\/notar\/\"]}]},{\"@type\":\"BreadcrumbList\",\"@id\":\"https:\/\/cdglegal.ch\/de\/notar\/#breadcrumb\",\"itemListElement\":[{\"@type\":\"ListItem\",\"position\":1,\"name\":\"Accueil\",\"item\":\"https:\/\/cdglegal.ch\/de\/\"},{\"@type\":\"ListItem\",\"position\":2,\"name\":\"Notar\"}]},{\"@type\":\"WebSite\",\"@id\":\"https:\/\/cdglegal.ch\/#website\",\"url\":\"https:\/\/cdglegal.ch\/\",\"name\":\"Cour de Gare\",\"description\":\"Avocats &amp; Notaires\",\"publisher\":{\"@id\":\"https:\/\/cdglegal.ch\/#organization\"},\"potentialAction\":[{\"@type\":\"SearchAction\",\"target\":{\"@type\":\"EntryPoint\",\"urlTemplate\":\"https:\/\/cdglegal.ch\/?s={search_term_string}\"},\"query-input\":{\"@type\":\"PropertyValueSpecification\",\"valueRequired\":true,\"valueName\":\"search_term_string\"}}],\"inLanguage\":\"de\"},{\"@type\":\"Organization\",\"@id\":\"https:\/\/cdglegal.ch\/#organization\",\"name\":\"Cour de Gare Avocats & Notaires\",\"url\":\"https:\/\/cdglegal.ch\/\",\"logo\":{\"@type\":\"ImageObject\",\"inLanguage\":\"de\",\"@id\":\"https:\/\/cdglegal.ch\/#\/schema\/logo\/image\/\",\"url\":\"https:\/\/cdglegal.ch\/wp-content\/uploads\/2019\/08\/CDG_logo_.png\",\"contentUrl\":\"https:\/\/cdglegal.ch\/wp-content\/uploads\/2019\/08\/CDG_logo_.png\",\"width\":250,\"height\":105,\"caption\":\"Cour de Gare Avocats & Notaires\"},\"image\":{\"@id\":\"https:\/\/cdglegal.ch\/#\/schema\/logo\/image\/\"}}]}<\/script>\n<!-- \/ Yoast SEO plugin. -->","yoast_head_json":{"title":"Notar - Cour de Gare Rechtsanwalt & Notar","description":"Denn die Notare unserer Kanzlei k\u00f6nnen \u00f6ffentliche Beurkundungen durchf\u00fchren, namentlich in den Bereichen Immobilien und Handelsrecht","robots":{"index":"index","follow":"follow","max-snippet":"max-snippet:-1","max-image-preview":"max-image-preview:large","max-video-preview":"max-video-preview:-1"},"canonical":"https:\/\/cdglegal.ch\/de\/notar\/","og_locale":"de_DE","og_type":"article","og_title":"Notar - Cour de Gare Rechtsanwalt & Notar","og_description":"Denn die Notare unserer Kanzlei k\u00f6nnen \u00f6ffentliche Beurkundungen durchf\u00fchren, namentlich in den Bereichen Immobilien und Handelsrecht","og_url":"https:\/\/cdglegal.ch\/de\/notar\/","og_site_name":"Cour de Gare","article_modified_time":"2020-06-08T15:46:18+00:00","twitter_card":"summary_large_image","twitter_misc":{"Gesch\u00e4tzte Lesezeit":"1\u00a0Minute"},"schema":{"@context":"https:\/\/schema.org","@graph":[{"@type":"WebPage","@id":"https:\/\/cdglegal.ch\/de\/notar\/","url":"https:\/\/cdglegal.ch\/de\/notar\/","name":"Notar - Cour de Gare Rechtsanwalt & Notar","isPartOf":{"@id":"https:\/\/cdglegal.ch\/#website"},"datePublished":"2020-06-05T08:00:07+00:00","dateModified":"2020-06-08T15:46:18+00:00","description":"Denn die Notare unserer Kanzlei k\u00f6nnen \u00f6ffentliche Beurkundungen durchf\u00fchren, namentlich in den Bereichen Immobilien und Handelsrecht","breadcrumb":{"@id":"https:\/\/cdglegal.ch\/de\/notar\/#breadcrumb"},"inLanguage":"de","potentialAction":[{"@type":"ReadAction","target":["https:\/\/cdglegal.ch\/de\/notar\/"]}]},{"@type":"BreadcrumbList","@id":"https:\/\/cdglegal.ch\/de\/notar\/#breadcrumb","itemListElement":[{"@type":"ListItem","position":1,"name":"Accueil","item":"https:\/\/cdglegal.ch\/de\/"},{"@type":"ListItem","position":2,"name":"Notar"}]},{"@type":"WebSite","@id":"https:\/\/cdglegal.ch\/#website","url":"https:\/\/cdglegal.ch\/","name":"Cour de Gare","description":"Avocats &amp; Notaires","publisher":{"@id":"https:\/\/cdglegal.ch\/#organization"},"potentialAction":[{"@type":"SearchAction","target":{"@type":"EntryPoint","urlTemplate":"https:\/\/cdglegal.ch\/?s={search_term_string}"},"query-input":{"@type":"PropertyValueSpecification","valueRequired":true,"valueName":"search_term_string"}}],"inLanguage":"de"},{"@type":"Organization","@id":"https:\/\/cdglegal.ch\/#organization","name":"Cour de Gare Avocats & Notaires","url":"https:\/\/cdglegal.ch\/","logo":{"@type":"ImageObject","inLanguage":"de","@id":"https:\/\/cdglegal.ch\/#\/schema\/logo\/image\/","url":"https:\/\/cdglegal.ch\/wp-content\/uploads\/2019\/08\/CDG_logo_.png","contentUrl":"https:\/\/cdglegal.ch\/wp-content\/uploads\/2019\/08\/CDG_logo_.png","width":250,"height":105,"caption":"Cour de Gare Avocats & Notaires"},"image":{"@id":"https:\/\/cdglegal.ch\/#\/schema\/logo\/image\/"}}]}},"_links":{"self":[{"href":"https:\/\/cdglegal.ch\/de\/wp-json\/wp\/v2\/pages\/969","targetHints":{"allow":["GET"]}}],"collection":[{"href":"https:\/\/cdglegal.ch\/de\/wp-json\/wp\/v2\/pages"}],"about":[{"href":"https:\/\/cdglegal.ch\/de\/wp-json\/wp\/v2\/types\/page"}],"author":[{"embeddable":true,"href":"https:\/\/cdglegal.ch\/de\/wp-json\/wp\/v2\/users\/2"}],"replies":[{"embeddable":true,"href":"https:\/\/cdglegal.ch\/de\/wp-json\/wp\/v2\/comments?post=969"}],"version-history":[{"count":5,"href":"https:\/\/cdglegal.ch\/de\/wp-json\/wp\/v2\/pages\/969\/revisions"}],"predecessor-version":[{"id":1179,"href":"https:\/\/cdglegal.ch\/de\/wp-json\/wp\/v2\/pages\/969\/revisions\/1179"}],"wp:attachment":[{"href":"https:\/\/cdglegal.ch\/de\/wp-json\/wp\/v2\/media?parent=969"}],"curies":[{"name":"wp","href":"https:\/\/api.w.org\/{rel}","templated":true}]}}