{"id":990,"date":"2020-06-05T10:28:28","date_gmt":"2020-06-05T08:28:28","guid":{"rendered":"https:\/\/cdglegal.ch\/dominique-sierro\/"},"modified":"2022-05-16T09:48:13","modified_gmt":"2022-05-16T07:48:13","slug":"dominique-sierro","status":"publish","type":"page","link":"https:\/\/cdglegal.ch\/de\/dominique-sierro\/","title":{"rendered":"Dominique SIERRO"},"content":{"rendered":"<p>[et_pb_section fb_built=&#8220;1&#8243; _builder_version=&#8220;4.16&#8243; global_colors_info=&#8220;{}&#8220;][et_pb_row _builder_version=&#8220;4.16&#8243; global_colors_info=&#8220;{}&#8220;][et_pb_column type=&#8220;4_4&#8243; _builder_version=&#8220;4.16&#8243; global_colors_info=&#8220;{}&#8220;][et_pb_text _builder_version=&#8220;4.16&#8243; header_font=&#8220;|800|||||||&#8220; header_text_color=&#8220;#28384f&#8220; header_2_font=&#8220;|600|||||||&#8220; global_colors_info=&#8220;{}&#8220;]<\/p>\n<h1>DOMINIQUE SIERRO<\/h1>\n<p>&nbsp;<\/p>\n<h2><strong>RECHTSANWALT UND NOTAR<\/strong><\/h2>\n<p>[\/et_pb_text][\/et_pb_column][\/et_pb_row][et_pb_row column_structure=&#8220;1_3,1_3,1_3&#8243; _builder_version=&#8220;4.16&#8243; max_width=&#8220;1920px&#8220; global_colors_info=&#8220;{}&#8220;][et_pb_column type=&#8220;1_3&#8243; _builder_version=&#8220;4.16&#8243; global_colors_info=&#8220;{}&#8220;][et_pb_image src=&#8220;https:\/\/cdglegal.ch\/wp-content\/uploads\/2019\/08\/dominiquesierro.jpg&#8220; show_in_lightbox=&#8220;on&#8220; align=&#8220;center&#8220; _builder_version=&#8220;4.16&#8243; width_tablet=&#8220;70%&#8220; width_phone=&#8220;75%&#8220; width_last_edited=&#8220;on|phone&#8220; box_shadow_style=&#8220;preset1&#8243; global_colors_info=&#8220;{}&#8220;][\/et_pb_image][\/et_pb_column][et_pb_column type=&#8220;1_3&#8243; _builder_version=&#8220;4.16&#8243; global_colors_info=&#8220;{}&#8220;][et_pb_text _builder_version=&#8220;4.16&#8243; global_colors_info=&#8220;{}&#8220;]<\/p>\n<h3>Kontakt<\/h3>\n<p><i class=\"fas fa-envelope\"><\/i><a href=\"mailto:sierro@cdglegal.ch\"> sierro@cdglegal.ch<\/a><\/p>\n<p>[\/et_pb_text][et_pb_divider _builder_version=&#8220;4.16&#8243; global_colors_info=&#8220;{}&#8220;][\/et_pb_divider][et_pb_text _builder_version=&#8220;4.16&#8243; global_colors_info=&#8220;{}&#8220;]<\/p>\n<h3>T\u00e4tigkeitsbereiche<\/h3>\n<p>&nbsp;<\/p>\n<h5>Notariat<\/h5>\n<ul style=\"list-style-type: circle;\">\n<li>Immobilien (Verkauf, Aufteilung, Grundpfandrechte etc.)<\/li>\n<li>Erbrecht (Aufteilung, Erbvorbezug, Testament)<\/li>\n<li>Wirtschaftsrecht und Management<\/li>\n<li>Gesellschaftsrecht (Gr\u00fcndung, \u00c4nderungen etc.), Fusionen, Akquisitionen<\/li>\n<\/ul>\n<h5>\u00a0<\/h5>\n<h5>Anwaltskammer \/ Beratung<\/h5>\n<ul style=\"list-style-type: circle;\">\n<li>Niederlassung von Personen<\/li>\n<li>Vertragsrecht<\/li>\n<li>Medizin- und Gesundheitsrecht<\/li>\n<li>Verwaltungsrecht<\/li>\n<li>Baurecht<\/li>\n<li>Raumplanungsrecht<\/li>\n<li>Recht \u00fcber die Nutzbarmachung der Wasserkr\u00e4fte<\/li>\n<li>Familienrecht<\/li>\n<li>Mietrecht<\/li>\n<li>Arbeitsrecht<\/li>\n<\/ul>\n<p>[\/et_pb_text][et_pb_divider _builder_version=&#8220;4.16&#8243; global_colors_info=&#8220;{}&#8220;][\/et_pb_divider][et_pb_text _builder_version=&#8220;4.16&#8243; global_colors_info=&#8220;{}&#8220;]<\/p>\n<h3>Erfahrung \/ beruflicher Werdegang<\/h3>\n<p>&nbsp;<\/p>\n<p><strong>1984 &#8211; 2001 und seit 2005<\/strong> : Rechtsanwalt, Notar und Partner bei D\u00e9l\u00e8ze, Sierro, Pitteloud, heute Cour de Gare, Avocats &amp; Notaires<\/p>\n<p><strong>2004<\/strong> : Master in Wirtschaft und Gesundheitsmanagement (Universit\u00e4t Lausanne: HEC und medizinische Fakult\u00e4t)<\/p>\n<p><strong>2001 &#8211; 2004<\/strong> : Direktor des Spitals von Sitten<\/p>\n<p><strong>1985<\/strong> : Anwaltspatent (Wallis)<\/p>\n<p><strong>1984<\/strong> : Notariatspatent (Wallis)<\/p>\n<p><strong>1982<\/strong> : Lizenziat der Rechtswissenschaft der Universit\u00e4t Freiburg<\/p>\n<p>[\/et_pb_text][et_pb_divider _builder_version=&#8220;4.16&#8243; global_colors_info=&#8220;{}&#8220;][\/et_pb_divider][et_pb_text _builder_version=&#8220;4.16&#8243; global_colors_info=&#8220;{}&#8220;]<\/p>\n<h3>Berufsverb\u00e4nde<\/h3>\n<p>&nbsp;<\/p>\n<p>Mitglied des Walliser Anwaltsverbandes und des Schweizerischen Anwaltsverbandes<\/p>\n<p>Mitglied des Walliser Notarenverbandes und des Schweizerischen Notarenverbandes<\/p>\n<p>[\/et_pb_text][\/et_pb_column][et_pb_column type=&#8220;1_3&#8243; _builder_version=&#8220;4.16&#8243; global_colors_info=&#8220;{}&#8220;][et_pb_text _builder_version=&#8220;4.16&#8243; global_colors_info=&#8220;{}&#8220;]<\/p>\n<h3>Sprachen<\/h3>\n<p>Franz\u00f6sisch, Deutsch, Englisch<\/p>\n<p>[\/et_pb_text][et_pb_divider _builder_version=&#8220;4.16&#8243; global_colors_info=&#8220;{}&#8220;][\/et_pb_divider][et_pb_text _builder_version=&#8220;4.16&#8243; global_colors_info=&#8220;{}&#8220;]<\/p>\n<h3>Weitere Aktivit\u00e4ten<\/h3>\n<p>&nbsp;<\/p>\n<h5>Wichtigste politische Funktionen<\/h5>\n<p><strong>1991 &#8211; 1992<\/strong> : Pr\u00e4sident des Walliser Grossen Rates (Parlament des Staates Wallis)<\/p>\n<p><strong>1983 &#8211; 1993<\/strong> : Abgeordneter des Walliser Grossen Rates<\/p>\n<p><strong>1993 &#8211; 2001<\/strong> : Gemeindepr\u00e4sident von H\u00e9r\u00e9mence<\/p>\n<p>&nbsp;<\/p>\n<h5>Wichtigste Verbandsfunktionen<\/h5>\n<p><strong>1986 &#8211; 2001<\/strong> : Pr\u00e4sident des Groupement de Population de montagne du Valais romand<\/p>\n<p><strong>1998 &#8211; 2001<\/strong> : Gr\u00fcndungspr\u00e4sident des Verbandes der konzedierenden Gemeinden (Wasserkraft)<\/p>\n<p><strong>1991 &#8211; 2001<\/strong> : Vorstandsmitglied der Schweizerischen Arbeitsgemeinschaft f\u00fcr die Berggebiete (SAB)<\/p>\n<p><strong>1995 &#8211; 2001<\/strong> : Vorstandsmitglied der Association Europ\u00e9enne des \u00e9lus de la montagne (AEM)<\/p>\n<p>&nbsp;<\/p>\n<h5>Wichtigste berufliche Engagements<\/h5>\n<p>Generalsekret\u00e4r der Walliser \u00c4rztegesellschaft<\/p>\n<p>Verwaltungsratsmitglied der CTESIAS SA<\/p>\n<p>Pr\u00e4sident der Stiftung St-Joseph<\/p>\n<p>Stiftungsratsmitglied bei Don Bosco \u2013 Ste-Agn\u00e8s<\/p>\n<p>Pr\u00e4sident der Fondation en faveur du personnel hospitalier<\/p>\n<p>Ehemaliges Verwaltungsratsmitglied der Forces motrices valaisannes S.A. (FMV)<\/p>\n<p>Ehemaliges Verwaltungsratsmitglied der Rhonewerke A.G. (RHOWAG)<\/p>\n<p>Ehemaliges Verwaltungsratsmitglied der Energie Sion R\u00e9gion S.A. (ESR)<\/p>\n<p>Ehemaliger Pr\u00e4sident von Valplantes<\/p>\n<p>Ehemaliger Pr\u00e4sident von For\u00eat-Bois-Valais \/ Lignum Valais<\/p>\n<p>Zahlreiche weitere Mandate in den Bereichen Gesundheit, Sozialwesen, Industrie, Tourismus und Landwirtschaft<\/p>\n<p>&nbsp;<\/p>\n<h5>Milit\u00e4r<\/h5>\n<p>Oberst &#8211; Ehemaliger Stellvertreter des Oberauditors der Schweizer Armee<\/p>\n<p>[\/et_pb_text][\/et_pb_column][\/et_pb_row][\/et_pb_section]<\/p>\n","protected":false},"excerpt":{"rendered":"<p>DOMINIQUE SIERRO &nbsp; RECHTSANWALT UND NOTARKontakt sierro@cdglegal.chT\u00e4tigkeitsbereiche &nbsp; Notariat Immobilien (Verkauf, Aufteilung, Grundpfandrechte etc.) Erbrecht (Aufteilung, Erbvorbezug, Testament) Wirtschaftsrecht und Management Gesellschaftsrecht (Gr\u00fcndung, \u00c4nderungen etc.), Fusionen, Akquisitionen \u00a0 Anwaltskammer \/ Beratung Niederlassung von Personen Vertragsrecht Medizin- und Gesundheitsrecht Verwaltungsrecht Baurecht Raumplanungsrecht Recht \u00fcber die Nutzbarmachung der Wasserkr\u00e4fte Familienrecht Mietrecht Arbeitsrecht Erfahrung \/ beruflicher Werdegang &nbsp; [&hellip;]<\/p>\n","protected":false},"author":2,"featured_media":0,"parent":0,"menu_order":0,"comment_status":"closed","ping_status":"closed","template":"","meta":{"_et_pb_use_builder":"on","_et_pb_old_content":"","_et_gb_content_width":"","footnotes":""},"class_list":["post-990","page","type-page","status-publish","hentry"],"yoast_head":"<!-- This site is optimized with the Yoast SEO plugin v27.3 - https:\/\/yoast.com\/product\/yoast-seo-wordpress\/ -->\n<title>Dominique SIERRO - Cour de Gare Rechtsanwalt &amp; Notar<\/title>\n<meta name=\"robots\" content=\"index, follow, max-snippet:-1, max-image-preview:large, max-video-preview:-1\" \/>\n<link rel=\"canonical\" href=\"https:\/\/cdglegal.ch\/de\/dominique-sierro\/\" \/>\n<meta property=\"og:locale\" content=\"de_DE\" \/>\n<meta property=\"og:type\" content=\"article\" \/>\n<meta property=\"og:title\" content=\"Dominique SIERRO - Cour de Gare Rechtsanwalt &amp; Notar\" \/>\n<meta property=\"og:description\" content=\"DOMINIQUE SIERRO &nbsp; RECHTSANWALT UND NOTARKontakt sierro@cdglegal.chT\u00e4tigkeitsbereiche &nbsp; Notariat Immobilien (Verkauf, Aufteilung, Grundpfandrechte etc.) Erbrecht (Aufteilung, Erbvorbezug, Testament) Wirtschaftsrecht und Management Gesellschaftsrecht (Gr\u00fcndung, \u00c4nderungen etc.), Fusionen, Akquisitionen \u00a0 Anwaltskammer \/ Beratung Niederlassung von Personen Vertragsrecht Medizin- und Gesundheitsrecht Verwaltungsrecht Baurecht Raumplanungsrecht Recht \u00fcber die Nutzbarmachung der Wasserkr\u00e4fte Familienrecht Mietrecht Arbeitsrecht Erfahrung \/ beruflicher Werdegang &nbsp; [&hellip;]\" \/>\n<meta property=\"og:url\" content=\"https:\/\/cdglegal.ch\/de\/dominique-sierro\/\" \/>\n<meta property=\"og:site_name\" content=\"Cour de Gare\" \/>\n<meta property=\"article:modified_time\" content=\"2022-05-16T07:48:13+00:00\" \/>\n<meta name=\"twitter:card\" content=\"summary_large_image\" \/>\n<meta name=\"twitter:label1\" content=\"Gesch\u00e4tzte Lesezeit\" \/>\n\t<meta name=\"twitter:data1\" content=\"3\u00a0Minuten\" \/>\n<script type=\"application\/ld+json\" class=\"yoast-schema-graph\">{\"@context\":\"https:\\\/\\\/schema.org\",\"@graph\":[{\"@type\":\"WebPage\",\"@id\":\"https:\\\/\\\/cdglegal.ch\\\/de\\\/dominique-sierro\\\/\",\"url\":\"https:\\\/\\\/cdglegal.ch\\\/de\\\/dominique-sierro\\\/\",\"name\":\"Dominique SIERRO - Cour de Gare Rechtsanwalt & Notar\",\"isPartOf\":{\"@id\":\"https:\\\/\\\/cdglegal.ch\\\/#website\"},\"datePublished\":\"2020-06-05T08:28:28+00:00\",\"dateModified\":\"2022-05-16T07:48:13+00:00\",\"breadcrumb\":{\"@id\":\"https:\\\/\\\/cdglegal.ch\\\/de\\\/dominique-sierro\\\/#breadcrumb\"},\"inLanguage\":\"de\",\"potentialAction\":[{\"@type\":\"ReadAction\",\"target\":[\"https:\\\/\\\/cdglegal.ch\\\/de\\\/dominique-sierro\\\/\"]}]},{\"@type\":\"BreadcrumbList\",\"@id\":\"https:\\\/\\\/cdglegal.ch\\\/de\\\/dominique-sierro\\\/#breadcrumb\",\"itemListElement\":[{\"@type\":\"ListItem\",\"position\":1,\"name\":\"Accueil\",\"item\":\"https:\\\/\\\/cdglegal.ch\\\/de\\\/\"},{\"@type\":\"ListItem\",\"position\":2,\"name\":\"Dominique SIERRO\"}]},{\"@type\":\"WebSite\",\"@id\":\"https:\\\/\\\/cdglegal.ch\\\/#website\",\"url\":\"https:\\\/\\\/cdglegal.ch\\\/\",\"name\":\"Cour de Gare\",\"description\":\"Avocats &amp; Notaires\",\"publisher\":{\"@id\":\"https:\\\/\\\/cdglegal.ch\\\/#organization\"},\"potentialAction\":[{\"@type\":\"SearchAction\",\"target\":{\"@type\":\"EntryPoint\",\"urlTemplate\":\"https:\\\/\\\/cdglegal.ch\\\/?s={search_term_string}\"},\"query-input\":{\"@type\":\"PropertyValueSpecification\",\"valueRequired\":true,\"valueName\":\"search_term_string\"}}],\"inLanguage\":\"de\"},{\"@type\":\"Organization\",\"@id\":\"https:\\\/\\\/cdglegal.ch\\\/#organization\",\"name\":\"Cour de Gare Avocats & Notaires\",\"url\":\"https:\\\/\\\/cdglegal.ch\\\/\",\"logo\":{\"@type\":\"ImageObject\",\"inLanguage\":\"de\",\"@id\":\"https:\\\/\\\/cdglegal.ch\\\/#\\\/schema\\\/logo\\\/image\\\/\",\"url\":\"https:\\\/\\\/cdglegal.ch\\\/wp-content\\\/uploads\\\/2019\\\/08\\\/CDG_logo_.png\",\"contentUrl\":\"https:\\\/\\\/cdglegal.ch\\\/wp-content\\\/uploads\\\/2019\\\/08\\\/CDG_logo_.png\",\"width\":250,\"height\":105,\"caption\":\"Cour de Gare Avocats & Notaires\"},\"image\":{\"@id\":\"https:\\\/\\\/cdglegal.ch\\\/#\\\/schema\\\/logo\\\/image\\\/\"}}]}<\/script>\n<!-- \/ Yoast SEO plugin. -->","yoast_head_json":{"title":"Dominique SIERRO - Cour de Gare Rechtsanwalt & Notar","robots":{"index":"index","follow":"follow","max-snippet":"max-snippet:-1","max-image-preview":"max-image-preview:large","max-video-preview":"max-video-preview:-1"},"canonical":"https:\/\/cdglegal.ch\/de\/dominique-sierro\/","og_locale":"de_DE","og_type":"article","og_title":"Dominique SIERRO - Cour de Gare Rechtsanwalt & Notar","og_description":"DOMINIQUE SIERRO &nbsp; RECHTSANWALT UND NOTARKontakt sierro@cdglegal.chT\u00e4tigkeitsbereiche &nbsp; Notariat Immobilien (Verkauf, Aufteilung, Grundpfandrechte etc.) Erbrecht (Aufteilung, Erbvorbezug, Testament) Wirtschaftsrecht und Management Gesellschaftsrecht (Gr\u00fcndung, \u00c4nderungen etc.), Fusionen, Akquisitionen \u00a0 Anwaltskammer \/ Beratung Niederlassung von Personen Vertragsrecht Medizin- und Gesundheitsrecht Verwaltungsrecht Baurecht Raumplanungsrecht Recht \u00fcber die Nutzbarmachung der Wasserkr\u00e4fte Familienrecht Mietrecht Arbeitsrecht Erfahrung \/ beruflicher Werdegang &nbsp; [&hellip;]","og_url":"https:\/\/cdglegal.ch\/de\/dominique-sierro\/","og_site_name":"Cour de Gare","article_modified_time":"2022-05-16T07:48:13+00:00","twitter_card":"summary_large_image","twitter_misc":{"Gesch\u00e4tzte Lesezeit":"3\u00a0Minuten"},"schema":{"@context":"https:\/\/schema.org","@graph":[{"@type":"WebPage","@id":"https:\/\/cdglegal.ch\/de\/dominique-sierro\/","url":"https:\/\/cdglegal.ch\/de\/dominique-sierro\/","name":"Dominique SIERRO - Cour de Gare Rechtsanwalt & Notar","isPartOf":{"@id":"https:\/\/cdglegal.ch\/#website"},"datePublished":"2020-06-05T08:28:28+00:00","dateModified":"2022-05-16T07:48:13+00:00","breadcrumb":{"@id":"https:\/\/cdglegal.ch\/de\/dominique-sierro\/#breadcrumb"},"inLanguage":"de","potentialAction":[{"@type":"ReadAction","target":["https:\/\/cdglegal.ch\/de\/dominique-sierro\/"]}]},{"@type":"BreadcrumbList","@id":"https:\/\/cdglegal.ch\/de\/dominique-sierro\/#breadcrumb","itemListElement":[{"@type":"ListItem","position":1,"name":"Accueil","item":"https:\/\/cdglegal.ch\/de\/"},{"@type":"ListItem","position":2,"name":"Dominique SIERRO"}]},{"@type":"WebSite","@id":"https:\/\/cdglegal.ch\/#website","url":"https:\/\/cdglegal.ch\/","name":"Cour de Gare","description":"Avocats &amp; Notaires","publisher":{"@id":"https:\/\/cdglegal.ch\/#organization"},"potentialAction":[{"@type":"SearchAction","target":{"@type":"EntryPoint","urlTemplate":"https:\/\/cdglegal.ch\/?s={search_term_string}"},"query-input":{"@type":"PropertyValueSpecification","valueRequired":true,"valueName":"search_term_string"}}],"inLanguage":"de"},{"@type":"Organization","@id":"https:\/\/cdglegal.ch\/#organization","name":"Cour de Gare Avocats & Notaires","url":"https:\/\/cdglegal.ch\/","logo":{"@type":"ImageObject","inLanguage":"de","@id":"https:\/\/cdglegal.ch\/#\/schema\/logo\/image\/","url":"https:\/\/cdglegal.ch\/wp-content\/uploads\/2019\/08\/CDG_logo_.png","contentUrl":"https:\/\/cdglegal.ch\/wp-content\/uploads\/2019\/08\/CDG_logo_.png","width":250,"height":105,"caption":"Cour de Gare Avocats & Notaires"},"image":{"@id":"https:\/\/cdglegal.ch\/#\/schema\/logo\/image\/"}}]}},"_links":{"self":[{"href":"https:\/\/cdglegal.ch\/de\/wp-json\/wp\/v2\/pages\/990","targetHints":{"allow":["GET"]}}],"collection":[{"href":"https:\/\/cdglegal.ch\/de\/wp-json\/wp\/v2\/pages"}],"about":[{"href":"https:\/\/cdglegal.ch\/de\/wp-json\/wp\/v2\/types\/page"}],"author":[{"embeddable":true,"href":"https:\/\/cdglegal.ch\/de\/wp-json\/wp\/v2\/users\/2"}],"replies":[{"embeddable":true,"href":"https:\/\/cdglegal.ch\/de\/wp-json\/wp\/v2\/comments?post=990"}],"version-history":[{"count":5,"href":"https:\/\/cdglegal.ch\/de\/wp-json\/wp\/v2\/pages\/990\/revisions"}],"predecessor-version":[{"id":1927,"href":"https:\/\/cdglegal.ch\/de\/wp-json\/wp\/v2\/pages\/990\/revisions\/1927"}],"wp:attachment":[{"href":"https:\/\/cdglegal.ch\/de\/wp-json\/wp\/v2\/media?parent=990"}],"curies":[{"name":"wp","href":"https:\/\/api.w.org\/{rel}","templated":true}]}}