{"id":995,"date":"2020-06-05T10:32:56","date_gmt":"2020-06-05T08:32:56","guid":{"rendered":"https:\/\/cdglegal.ch\/frederic-pitteloud\/"},"modified":"2025-10-30T15:19:59","modified_gmt":"2025-10-30T14:19:59","slug":"frederic-pitteloud","status":"publish","type":"page","link":"https:\/\/cdglegal.ch\/de\/frederic-pitteloud\/","title":{"rendered":"Fr\u00e9d\u00e9ric PITTELOUD"},"content":{"rendered":"<p>[et_pb_section fb_built=&#8220;1&#8243; _builder_version=&#8220;4.16&#8243; global_colors_info=&#8220;{}&#8220;][et_pb_row _builder_version=&#8220;4.16&#8243; global_colors_info=&#8220;{}&#8220;][et_pb_column type=&#8220;4_4&#8243; _builder_version=&#8220;4.16&#8243; global_colors_info=&#8220;{}&#8220;][et_pb_text _builder_version=&#8220;4.16&#8243; header_font=&#8220;|800|||||||&#8220; header_text_color=&#8220;#28384f&#8220; header_2_font=&#8220;|600|||||||&#8220; global_colors_info=&#8220;{}&#8220;]<\/p>\n<h1>FREDERIC PITTELOUD<\/h1>\n<p><\/p>\n<p>&nbsp;<\/p>\n<p><\/p>\n<h2><strong>RECHTSANWALT<\/strong><\/h2>\n<p>[\/et_pb_text][\/et_pb_column][\/et_pb_row][et_pb_row column_structure=&#8220;1_3,1_3,1_3&#8243; _builder_version=&#8220;4.16&#8243; max_width=&#8220;1920px&#8220; global_colors_info=&#8220;{}&#8220;][et_pb_column type=&#8220;1_3&#8243; _builder_version=&#8220;4.16&#8243; global_colors_info=&#8220;{}&#8220;][et_pb_image src=&#8220;https:\/\/cdglegal.ch\/wp-content\/uploads\/2019\/08\/frederic-pitteloud1.jpg&#8220; show_in_lightbox=&#8220;on&#8220; align=&#8220;center&#8220; _builder_version=&#8220;4.16&#8243; width_tablet=&#8220;70%&#8220; width_phone=&#8220;75%&#8220; width_last_edited=&#8220;on|tablet&#8220; box_shadow_style=&#8220;preset1&#8243; global_colors_info=&#8220;{}&#8220;][\/et_pb_image][\/et_pb_column][et_pb_column type=&#8220;1_3&#8243; _builder_version=&#8220;4.16&#8243; global_colors_info=&#8220;{}&#8220;][et_pb_text _builder_version=&#8220;4.16&#8243; global_colors_info=&#8220;{}&#8220;]<\/p>\n<h3>Kontakt<\/h3>\n<p><\/p>\n<p><i class=\"fas fa-envelope\"><\/i><a href=\"mailto:pitteloud@cdglegal.ch\"> pitteloud@cdglegal.ch<\/a><\/p>\n<p>[\/et_pb_text][et_pb_divider _builder_version=&#8220;4.16&#8243; global_colors_info=&#8220;{}&#8220;][\/et_pb_divider][et_pb_text _builder_version=&#8220;4.16&#8243; global_colors_info=&#8220;{}&#8220;]<\/p>\n<h3>T\u00e4tigkeitsbereiche<\/h3>\n<p><\/p>\n<ul style=\"list-style-type: circle;\">\n<li>Familien- und Personenrecht<\/li>\n<li>Erbrecht<\/li>\n<li>Sachen- und Immobilienrecht<\/li>\n<li>Handels- und Vertragsrecht<\/li>\n<li>Strafrecht<\/li>\n<li>Verwaltungsrecht<\/li>\n<\/ul>\n<p>[\/et_pb_text][et_pb_divider _builder_version=&#8220;4.16&#8243; global_colors_info=&#8220;{}&#8220;][\/et_pb_divider][et_pb_text _builder_version=&#8220;4.27.4&#8243; global_colors_info=&#8220;{}&#8220;]<\/p>\n<h3>Erfahrung \/ beruflicher Werdegang<\/h3>\n<p><\/p>\n<p>&nbsp;<\/p>\n<p><\/p>\n<p><strong>2005<\/strong> : Rechtsanwalt und Partner bei D\u00e9l\u00e8ze, Sierro, Pitteloud, heute Cour de Gare, Avocats &amp; Notaires (Sitten)<\/p>\n<p><\/p>\n<p><strong>2004 &#8211; 2006<\/strong> : Jurist der Walliser Dienststelle f\u00fcr Landwirtschaft<\/p>\n<p><\/p>\n<p><strong>2003<\/strong> : Anwaltspatent (Wallis)<\/p>\n<p>[\/et_pb_text][\/et_pb_column][et_pb_column type=&#8220;1_3&#8243; _builder_version=&#8220;4.16&#8243; global_colors_info=&#8220;{}&#8220;][et_pb_text _builder_version=&#8220;4.27.4&#8243; hover_enabled=&#8220;0&#8243; global_colors_info=&#8220;{}&#8220; sticky_enabled=&#8220;0&#8243;]<\/p>\n<h3>Sprachen<\/h3>\n<p><\/p>\n<p>Franz\u00f6sisch, Deutsch, Englisch, Italienisch<\/p>\n<p>[\/et_pb_text][et_pb_divider _builder_version=&#8220;4.16&#8243; global_colors_info=&#8220;{}&#8220;][\/et_pb_divider][et_pb_text _builder_version=&#8220;4.27.4&#8243; hover_enabled=&#8220;0&#8243; global_colors_info=&#8220;{}&#8220; sticky_enabled=&#8220;0&#8243;]<\/p>\n<h3>Andere T\u00e4tigkeiten<\/h3>\n<p><\/p>\n<p>&nbsp;<\/p>\n<p><\/p>\n<p><b>Seit 2025<\/b>: Pr\u00e4sident des Schiedsgerichts f\u00fcr das Bauhauptgewerbe im Wallis<\/p>\n<p><\/p>\n<p><b>Seit 2025<\/b>: Abgeordneter im Grossen Rat des Kantons Wallis<\/p>\n<p><\/p>\n<p><b>Seit 2021<\/b>: Mitglied des Stiftungsrats der Fondation Tschoupi<\/p>\n<p><\/p>\n<p><strong>2018 &#8211; 2024<\/strong> : Gew\u00e4hlt in die verfassungsgebende Versammlung des Kantons Wallis<\/p>\n<p><\/p>\n<p><strong>2015 &#8211; 2024<\/strong> : Nebenamtlicher Richter beim Walliser Kantonsgericht<\/p>\n<p><\/p>\n<p><b>2005 &#8211; 2025 <\/b>\u00a0Gerichtsschreiber der kantonalen Rekurskommission f\u00fcr Landwirtschaft und Flurbereinigung<\/p>\n<p>[\/et_pb_text][et_pb_divider _builder_version=&#8220;4.16&#8243; global_colors_info=&#8220;{}&#8220;][\/et_pb_divider][et_pb_text _builder_version=&#8220;4.27.4&#8243; global_colors_info=&#8220;{}&#8220;]<\/p>\n<h3>Berufsverb\u00e4nde<\/h3>\n<p><\/p>\n<p>&nbsp;<\/p>\n<p><\/p>\n<p>Mitglied des Walliser Anwaltsverbandes und des Schweizerischen Anwaltsverbandes<\/p>\n<p>[\/et_pb_text][\/et_pb_column][\/et_pb_row][\/et_pb_section]<\/p>\n","protected":false},"excerpt":{"rendered":"<p>FREDERIC PITTELOUD&nbsp;RECHTSANWALTKontakt pitteloud@cdglegal.chT\u00e4tigkeitsbereiche Familien- und Personenrecht Erbrecht Sachen- und Immobilienrecht Handels- und Vertragsrecht Strafrecht Verwaltungsrecht Erfahrung \/ beruflicher Werdegang&nbsp;2005 : Rechtsanwalt und Partner bei D\u00e9l\u00e8ze, Sierro, Pitteloud, heute Cour de Gare, Avocats &amp; Notaires (Sitten)2004 &#8211; 2006 : Jurist der Walliser Dienststelle f\u00fcr Landwirtschaft2003 : Anwaltspatent (Wallis)SprachenFranz\u00f6sisch, Deutsch, Englisch, ItalienischAndere T\u00e4tigkeiten&nbsp;Seit 2025: Pr\u00e4sident des Schiedsgerichts [&hellip;]<\/p>\n","protected":false},"author":2,"featured_media":0,"parent":0,"menu_order":0,"comment_status":"closed","ping_status":"closed","template":"","meta":{"_et_pb_use_builder":"on","_et_pb_old_content":"","_et_gb_content_width":"","footnotes":""},"class_list":["post-995","page","type-page","status-publish","hentry"],"yoast_head":"<!-- This site is optimized with the Yoast SEO plugin v27.3 - https:\/\/yoast.com\/product\/yoast-seo-wordpress\/ -->\n<title>Fr\u00e9d\u00e9ric PITTELOUD - Cour de Gare Rechtsanwalt &amp; Notar<\/title>\n<meta name=\"robots\" content=\"index, follow, max-snippet:-1, max-image-preview:large, max-video-preview:-1\" \/>\n<link rel=\"canonical\" href=\"https:\/\/cdglegal.ch\/fredericpitteloud\/\" \/>\n<meta property=\"og:locale\" content=\"de_DE\" \/>\n<meta property=\"og:type\" content=\"article\" \/>\n<meta property=\"og:title\" content=\"Fr\u00e9d\u00e9ric PITTELOUD - Cour de Gare Rechtsanwalt &amp; Notar\" \/>\n<meta property=\"og:description\" content=\"FREDERIC PITTELOUD&nbsp;RECHTSANWALTKontakt pitteloud@cdglegal.chT\u00e4tigkeitsbereiche Familien- und Personenrecht Erbrecht Sachen- und Immobilienrecht Handels- und Vertragsrecht Strafrecht Verwaltungsrecht Erfahrung \/ beruflicher Werdegang&nbsp;2005 : Rechtsanwalt und Partner bei D\u00e9l\u00e8ze, Sierro, Pitteloud, heute Cour de Gare, Avocats &amp; Notaires (Sitten)2004 - 2006 : Jurist der Walliser Dienststelle f\u00fcr Landwirtschaft2003 : Anwaltspatent (Wallis)SprachenFranz\u00f6sisch, Deutsch, Englisch, ItalienischAndere T\u00e4tigkeiten&nbsp;Seit 2025: Pr\u00e4sident des Schiedsgerichts [&hellip;]\" \/>\n<meta property=\"og:url\" content=\"https:\/\/cdglegal.ch\/fredericpitteloud\/\" \/>\n<meta property=\"og:site_name\" content=\"Cour de Gare\" \/>\n<meta property=\"article:modified_time\" content=\"2025-10-30T14:19:59+00:00\" \/>\n<meta name=\"twitter:card\" content=\"summary_large_image\" \/>\n<meta name=\"twitter:label1\" content=\"Gesch\u00e4tzte Lesezeit\" \/>\n\t<meta name=\"twitter:data1\" content=\"1\u00a0Minute\" \/>\n<script type=\"application\/ld+json\" class=\"yoast-schema-graph\">{\"@context\":\"https:\\\/\\\/schema.org\",\"@graph\":[{\"@type\":\"WebPage\",\"@id\":\"https:\\\/\\\/cdglegal.ch\\\/fredericpitteloud\\\/\",\"url\":\"https:\\\/\\\/cdglegal.ch\\\/fredericpitteloud\\\/\",\"name\":\"Fr\u00e9d\u00e9ric PITTELOUD - Cour de Gare Rechtsanwalt & Notar\",\"isPartOf\":{\"@id\":\"https:\\\/\\\/cdglegal.ch\\\/#website\"},\"datePublished\":\"2020-06-05T08:32:56+00:00\",\"dateModified\":\"2025-10-30T14:19:59+00:00\",\"breadcrumb\":{\"@id\":\"https:\\\/\\\/cdglegal.ch\\\/fredericpitteloud\\\/#breadcrumb\"},\"inLanguage\":\"de\",\"potentialAction\":[{\"@type\":\"ReadAction\",\"target\":[\"https:\\\/\\\/cdglegal.ch\\\/fredericpitteloud\\\/\"]}]},{\"@type\":\"BreadcrumbList\",\"@id\":\"https:\\\/\\\/cdglegal.ch\\\/fredericpitteloud\\\/#breadcrumb\",\"itemListElement\":[{\"@type\":\"ListItem\",\"position\":1,\"name\":\"Accueil\",\"item\":\"https:\\\/\\\/cdglegal.ch\\\/de\\\/\"},{\"@type\":\"ListItem\",\"position\":2,\"name\":\"Fr\u00e9d\u00e9ric PITTELOUD\"}]},{\"@type\":\"WebSite\",\"@id\":\"https:\\\/\\\/cdglegal.ch\\\/#website\",\"url\":\"https:\\\/\\\/cdglegal.ch\\\/\",\"name\":\"Cour de Gare\",\"description\":\"Avocats &amp; Notaires\",\"publisher\":{\"@id\":\"https:\\\/\\\/cdglegal.ch\\\/#organization\"},\"potentialAction\":[{\"@type\":\"SearchAction\",\"target\":{\"@type\":\"EntryPoint\",\"urlTemplate\":\"https:\\\/\\\/cdglegal.ch\\\/?s={search_term_string}\"},\"query-input\":{\"@type\":\"PropertyValueSpecification\",\"valueRequired\":true,\"valueName\":\"search_term_string\"}}],\"inLanguage\":\"de\"},{\"@type\":\"Organization\",\"@id\":\"https:\\\/\\\/cdglegal.ch\\\/#organization\",\"name\":\"Cour de Gare Avocats & Notaires\",\"url\":\"https:\\\/\\\/cdglegal.ch\\\/\",\"logo\":{\"@type\":\"ImageObject\",\"inLanguage\":\"de\",\"@id\":\"https:\\\/\\\/cdglegal.ch\\\/#\\\/schema\\\/logo\\\/image\\\/\",\"url\":\"https:\\\/\\\/cdglegal.ch\\\/wp-content\\\/uploads\\\/2019\\\/08\\\/CDG_logo_.png\",\"contentUrl\":\"https:\\\/\\\/cdglegal.ch\\\/wp-content\\\/uploads\\\/2019\\\/08\\\/CDG_logo_.png\",\"width\":250,\"height\":105,\"caption\":\"Cour de Gare Avocats & Notaires\"},\"image\":{\"@id\":\"https:\\\/\\\/cdglegal.ch\\\/#\\\/schema\\\/logo\\\/image\\\/\"}}]}<\/script>\n<!-- \/ Yoast SEO plugin. -->","yoast_head_json":{"title":"Fr\u00e9d\u00e9ric PITTELOUD - Cour de Gare Rechtsanwalt & Notar","robots":{"index":"index","follow":"follow","max-snippet":"max-snippet:-1","max-image-preview":"max-image-preview:large","max-video-preview":"max-video-preview:-1"},"canonical":"https:\/\/cdglegal.ch\/fredericpitteloud\/","og_locale":"de_DE","og_type":"article","og_title":"Fr\u00e9d\u00e9ric PITTELOUD - Cour de Gare Rechtsanwalt & Notar","og_description":"FREDERIC PITTELOUD&nbsp;RECHTSANWALTKontakt pitteloud@cdglegal.chT\u00e4tigkeitsbereiche Familien- und Personenrecht Erbrecht Sachen- und Immobilienrecht Handels- und Vertragsrecht Strafrecht Verwaltungsrecht Erfahrung \/ beruflicher Werdegang&nbsp;2005 : Rechtsanwalt und Partner bei D\u00e9l\u00e8ze, Sierro, Pitteloud, heute Cour de Gare, Avocats &amp; Notaires (Sitten)2004 - 2006 : Jurist der Walliser Dienststelle f\u00fcr Landwirtschaft2003 : Anwaltspatent (Wallis)SprachenFranz\u00f6sisch, Deutsch, Englisch, ItalienischAndere T\u00e4tigkeiten&nbsp;Seit 2025: Pr\u00e4sident des Schiedsgerichts [&hellip;]","og_url":"https:\/\/cdglegal.ch\/fredericpitteloud\/","og_site_name":"Cour de Gare","article_modified_time":"2025-10-30T14:19:59+00:00","twitter_card":"summary_large_image","twitter_misc":{"Gesch\u00e4tzte Lesezeit":"1\u00a0Minute"},"schema":{"@context":"https:\/\/schema.org","@graph":[{"@type":"WebPage","@id":"https:\/\/cdglegal.ch\/fredericpitteloud\/","url":"https:\/\/cdglegal.ch\/fredericpitteloud\/","name":"Fr\u00e9d\u00e9ric PITTELOUD - Cour de Gare Rechtsanwalt & Notar","isPartOf":{"@id":"https:\/\/cdglegal.ch\/#website"},"datePublished":"2020-06-05T08:32:56+00:00","dateModified":"2025-10-30T14:19:59+00:00","breadcrumb":{"@id":"https:\/\/cdglegal.ch\/fredericpitteloud\/#breadcrumb"},"inLanguage":"de","potentialAction":[{"@type":"ReadAction","target":["https:\/\/cdglegal.ch\/fredericpitteloud\/"]}]},{"@type":"BreadcrumbList","@id":"https:\/\/cdglegal.ch\/fredericpitteloud\/#breadcrumb","itemListElement":[{"@type":"ListItem","position":1,"name":"Accueil","item":"https:\/\/cdglegal.ch\/de\/"},{"@type":"ListItem","position":2,"name":"Fr\u00e9d\u00e9ric PITTELOUD"}]},{"@type":"WebSite","@id":"https:\/\/cdglegal.ch\/#website","url":"https:\/\/cdglegal.ch\/","name":"Cour de Gare","description":"Avocats &amp; Notaires","publisher":{"@id":"https:\/\/cdglegal.ch\/#organization"},"potentialAction":[{"@type":"SearchAction","target":{"@type":"EntryPoint","urlTemplate":"https:\/\/cdglegal.ch\/?s={search_term_string}"},"query-input":{"@type":"PropertyValueSpecification","valueRequired":true,"valueName":"search_term_string"}}],"inLanguage":"de"},{"@type":"Organization","@id":"https:\/\/cdglegal.ch\/#organization","name":"Cour de Gare Avocats & Notaires","url":"https:\/\/cdglegal.ch\/","logo":{"@type":"ImageObject","inLanguage":"de","@id":"https:\/\/cdglegal.ch\/#\/schema\/logo\/image\/","url":"https:\/\/cdglegal.ch\/wp-content\/uploads\/2019\/08\/CDG_logo_.png","contentUrl":"https:\/\/cdglegal.ch\/wp-content\/uploads\/2019\/08\/CDG_logo_.png","width":250,"height":105,"caption":"Cour de Gare Avocats & Notaires"},"image":{"@id":"https:\/\/cdglegal.ch\/#\/schema\/logo\/image\/"}}]}},"_links":{"self":[{"href":"https:\/\/cdglegal.ch\/de\/wp-json\/wp\/v2\/pages\/995","targetHints":{"allow":["GET"]}}],"collection":[{"href":"https:\/\/cdglegal.ch\/de\/wp-json\/wp\/v2\/pages"}],"about":[{"href":"https:\/\/cdglegal.ch\/de\/wp-json\/wp\/v2\/types\/page"}],"author":[{"embeddable":true,"href":"https:\/\/cdglegal.ch\/de\/wp-json\/wp\/v2\/users\/2"}],"replies":[{"embeddable":true,"href":"https:\/\/cdglegal.ch\/de\/wp-json\/wp\/v2\/comments?post=995"}],"version-history":[{"count":5,"href":"https:\/\/cdglegal.ch\/de\/wp-json\/wp\/v2\/pages\/995\/revisions"}],"predecessor-version":[{"id":2793,"href":"https:\/\/cdglegal.ch\/de\/wp-json\/wp\/v2\/pages\/995\/revisions\/2793"}],"wp:attachment":[{"href":"https:\/\/cdglegal.ch\/de\/wp-json\/wp\/v2\/media?parent=995"}],"curies":[{"name":"wp","href":"https:\/\/api.w.org\/{rel}","templated":true}]}}