{"id":2124,"date":"2023-07-19T14:33:10","date_gmt":"2023-07-19T12:33:10","guid":{"rendered":"https:\/\/cdglegal.ch\/timothee-zermatten\/"},"modified":"2026-03-30T11:05:18","modified_gmt":"2026-03-30T09:05:18","slug":"timothee-zermatten","status":"publish","type":"page","link":"https:\/\/cdglegal.ch\/en\/timothee-zermatten\/","title":{"rendered":"Timoth\u00e9e ZERMATTEN"},"content":{"rendered":"<p>[et_pb_section fb_built=&#8221;1&#8243; _builder_version=&#8221;4.16&#8243; collapsed=&#8221;off&#8221; global_colors_info=&#8221;{}&#8221;][et_pb_row admin_label=&#8221;Ligne&#8221; _builder_version=&#8221;4.16&#8243; collapsed=&#8221;off&#8221; global_colors_info=&#8221;{}&#8221;][et_pb_column type=&#8221;4_4&#8243; _builder_version=&#8221;4.16&#8243; global_colors_info=&#8221;{}&#8221;][et_pb_text _builder_version=&#8221;4.27.4&#8243; header_font=&#8221;|800|||||||&#8221; header_text_color=&#8221;#28384f&#8221; header_2_font=&#8221;|600|||||||&#8221; min_height=&#8221;118px&#8221; hover_enabled=&#8221;0&#8243; global_colors_info=&#8221;{}&#8221; sticky_enabled=&#8221;0&#8243;]<\/p>\n<h1>TIMOTH\u00c9E ZERMATTEN<\/h1>\n<p><\/p>\n<h2><strong>LAWYER AND LEGAL COLLABORATOR IN THE NOTARIAL FIELD<\/strong><\/h2>\n<p>Me Timoth\u00e9e Zermatten practises as a lawyer and legal collaborator in the notarial field at Cour de Gare Avocats et Notaires, in Sion.<\/p>\n<p><\/p>\n<p>[\/et_pb_text][\/et_pb_column][\/et_pb_row][et_pb_row column_structure=&#8221;1_3,1_3,1_3&#8243; _builder_version=&#8221;4.16&#8243; max_width=&#8221;1920px&#8221; global_colors_info=&#8221;{}&#8221;][et_pb_column type=&#8221;1_3&#8243; _builder_version=&#8221;4.16&#8243; global_colors_info=&#8221;{}&#8221;][et_pb_image src=&#8221;https:\/\/cdglegal.ch\/wp-content\/uploads\/2023\/08\/TimPageModif.jpg&#8221; title_text=&#8221;TimPageModif&#8221; show_in_lightbox=&#8221;on&#8221; align=&#8221;center&#8221; _builder_version=&#8221;4.27.4&#8243; width_tablet=&#8221;70%&#8221; width_phone=&#8221;75%&#8221; width_last_edited=&#8221;on|tablet&#8221; box_shadow_style=&#8221;preset1&#8243; global_colors_info=&#8221;{}&#8221;][\/et_pb_image][\/et_pb_column][et_pb_column type=&#8221;1_3&#8243; _builder_version=&#8221;4.16&#8243; global_colors_info=&#8221;{}&#8221;][et_pb_text _builder_version=&#8221;4.27.6&#8243; hover_enabled=&#8221;0&#8243; global_colors_info=&#8221;{}&#8221; sticky_enabled=&#8221;0&#8243;]<\/p>\n<h3>Contact<\/h3>\n<p><i class=\"fas fa-envelope\"><\/i><a href=\"mailto:solioz@cdglegal.ch\" data-mce-href=\"mailto:solioz@cdglegal.ch\">tzermatten@cdglegal.ch<\/a><\/p>\n<p>[\/et_pb_text][et_pb_divider _builder_version=&#8221;4.27.4&#8243; global_colors_info=&#8221;{}&#8221;][\/et_pb_divider][et_pb_text _builder_version=&#8221;4.27.6&#8243; hover_enabled=&#8221;0&#8243; global_colors_info=&#8221;{}&#8221; sticky_enabled=&#8221;0&#8243;]<\/p>\n<h3>Areas of activity<\/h3>\n<p><\/p>\n<h5>Notarial services<\/h5>\n<p>All notarial transactions, including:<\/p>\n<ul style=\"list-style-type: circle;\" data-mce-style=\"list-style-type: circle;\">\n<li>Property law<\/li>\n<li>Matrimonial and probate law<\/li>\n<li>Company law<\/li>\n<li>Personal law<\/li>\n<\/ul>\n<h5><\/h5>\n<h5>Barrister<\/h5>\n<ul style=\"list-style-type: circle;\" data-mce-style=\"list-style-type: circle;\">\n<li>Consulting services in property law and real estate law<\/li>\n<li>Consulting services in contract law<\/li>\n<li>Administrative law<\/li>\n<\/ul>\n<p>[\/et_pb_text][et_pb_divider _builder_version=&#8221;4.16&#8243; global_colors_info=&#8221;{}&#8221;][\/et_pb_divider][et_pb_text _builder_version=&#8221;4.27.4&#8243; global_colors_info=&#8221;{}&#8221;]<\/p>\n<h3>Experience \/ Career<\/h3>\n<p><\/p>\n<p><strong>2023<\/strong> : Avocat et collaborateur juridique notariat, Etude Cour de Gare Avocats &amp; Notaires<\/p>\n<p><strong>2023<\/strong> : License to practise as a notary (Valais)<\/p>\n<p><strong>2021 &#8211; 2022<\/strong> : Trainee notary under Me Dominique Sierro, Cour de Gare Avocats &amp; Notaires<\/p>\n<p><strong>2021<\/strong> : License to practise as a lawyer (Valais)<\/p>\n<p><strong>2020<\/strong> : Intern at Sion District Court<\/p>\n<p><strong>2019 &#8211; 2020 <\/strong>: Trainee lawyer at Me Laurence Casays<\/p>\n<p><strong>2017 &#8211; 2019<\/strong> : Master&#8217;s in law from the University of Fribourg<\/p>\n<p><strong>2014 &#8211; 2017<\/strong> : Bachelor&#8217;s in law from the University of Fribourg<\/p>\n<p><\/p>\n<p>[\/et_pb_text][\/et_pb_column][et_pb_column type=&#8221;1_3&#8243; _builder_version=&#8221;4.16&#8243; global_colors_info=&#8221;{}&#8221;][et_pb_text _builder_version=&#8221;4.27.4&#8243; global_colors_info=&#8221;{}&#8221;]<\/p>\n<h3>Languages<\/h3>\n<p>French, English<\/p>\n<p>[\/et_pb_text][et_pb_divider _builder_version=&#8221;4.27.4&#8243; global_colors_info=&#8221;{}&#8221;][\/et_pb_divider][et_pb_text _builder_version=&#8221;4.27.4&#8243; global_colors_info=&#8221;{}&#8221;]<\/p>\n<h3>Professional associations<\/h3>\n<p>Member of the Ordre des avocats valaisans et de la F\u00e9d\u00e9ration suisse des avocats<\/p>\n<p>Member of the Association des jeunes Barreau et Notariat Valaisans<\/p>\n<p><\/p>\n<p>[\/et_pb_text][et_pb_divider _builder_version=&#8221;4.27.4&#8243; global_colors_info=&#8221;{}&#8221;][\/et_pb_divider][et_pb_text _builder_version=&#8221;4.27.4&#8243; global_colors_info=&#8221;{}&#8221;]<\/p>\n<h3>Other activities<\/h3>\n<p>Secretary General of the Valais Medical Society<\/p>\n<p><\/p>\n<p>[\/et_pb_text][\/et_pb_column][\/et_pb_row][\/et_pb_section]<\/p>\n","protected":false},"excerpt":{"rendered":"<p>TIMOTH\u00c9E ZERMATTENLAWYER AND LEGAL COLLABORATOR IN THE NOTARIAL FIELDMe Timoth\u00e9e Zermatten practises as a lawyer and legal collaborator in the notarial field at Cour de Gare Avocats et Notaires, in Sion.Contacttzermatten@cdglegal.chAreas of activityNotarial servicesAll notarial transactions, including:Property lawMatrimonial and probate lawCompany lawPersonal lawBarristerConsulting services in property law and real estate lawConsulting services in contract lawAdministrative [&hellip;]<\/p>\n","protected":false},"author":4,"featured_media":0,"parent":0,"menu_order":0,"comment_status":"closed","ping_status":"closed","template":"","meta":{"_et_pb_use_builder":"on","_et_pb_old_content":"","_et_gb_content_width":"","footnotes":""},"class_list":["post-2124","page","type-page","status-publish","hentry"],"yoast_head":"<!-- This site is optimized with the Yoast SEO plugin v27.2 - https:\/\/yoast.com\/product\/yoast-seo-wordpress\/ -->\n<title>Timoth\u00e9e ZERMATTEN - Cour de Gare<\/title>\n<meta name=\"robots\" content=\"index, follow, max-snippet:-1, max-image-preview:large, max-video-preview:-1\" \/>\n<link rel=\"canonical\" href=\"https:\/\/cdglegal.ch\/timothee-zermatten\/\" \/>\n<meta property=\"og:locale\" content=\"en_US\" \/>\n<meta property=\"og:type\" content=\"article\" \/>\n<meta property=\"og:title\" content=\"Timoth\u00e9e ZERMATTEN - Cour de Gare\" \/>\n<meta property=\"og:description\" content=\"TIMOTH\u00c9E ZERMATTENLAWYER AND LEGAL COLLABORATOR IN THE NOTARIAL FIELDMe Timoth\u00e9e Zermatten practises as a lawyer and legal collaborator in the notarial field at Cour de Gare Avocats et Notaires, in Sion.Contacttzermatten@cdglegal.chAreas of activityNotarial servicesAll notarial transactions, including:Property lawMatrimonial and probate lawCompany lawPersonal lawBarristerConsulting services in property law and real estate lawConsulting services in contract lawAdministrative [&hellip;]\" \/>\n<meta property=\"og:url\" content=\"https:\/\/cdglegal.ch\/timothee-zermatten\/\" \/>\n<meta property=\"og:site_name\" content=\"Cour de Gare\" \/>\n<meta property=\"article:modified_time\" content=\"2026-03-30T09:05:18+00:00\" \/>\n<meta name=\"twitter:card\" content=\"summary_large_image\" \/>\n<meta name=\"twitter:label1\" content=\"Est. reading time\" \/>\n\t<meta name=\"twitter:data1\" content=\"2 minutes\" \/>\n<script type=\"application\/ld+json\" class=\"yoast-schema-graph\">{\"@context\":\"https:\/\/schema.org\",\"@graph\":[{\"@type\":\"WebPage\",\"@id\":\"https:\/\/cdglegal.ch\/timothee-zermatten\/\",\"url\":\"https:\/\/cdglegal.ch\/timothee-zermatten\/\",\"name\":\"Timoth\u00e9e ZERMATTEN - Cour de Gare\",\"isPartOf\":{\"@id\":\"https:\/\/cdglegal.ch\/#website\"},\"datePublished\":\"2023-07-19T12:33:10+00:00\",\"dateModified\":\"2026-03-30T09:05:18+00:00\",\"breadcrumb\":{\"@id\":\"https:\/\/cdglegal.ch\/timothee-zermatten\/#breadcrumb\"},\"inLanguage\":\"en-US\",\"potentialAction\":[{\"@type\":\"ReadAction\",\"target\":[\"https:\/\/cdglegal.ch\/timothee-zermatten\/\"]}]},{\"@type\":\"BreadcrumbList\",\"@id\":\"https:\/\/cdglegal.ch\/timothee-zermatten\/#breadcrumb\",\"itemListElement\":[{\"@type\":\"ListItem\",\"position\":1,\"name\":\"Accueil\",\"item\":\"https:\/\/cdglegal.ch\/en\/\"},{\"@type\":\"ListItem\",\"position\":2,\"name\":\"Timoth\u00e9e ZERMATTEN\"}]},{\"@type\":\"WebSite\",\"@id\":\"https:\/\/cdglegal.ch\/#website\",\"url\":\"https:\/\/cdglegal.ch\/\",\"name\":\"Cour de Gare\",\"description\":\"Avocats &amp; Notaires\",\"publisher\":{\"@id\":\"https:\/\/cdglegal.ch\/#organization\"},\"potentialAction\":[{\"@type\":\"SearchAction\",\"target\":{\"@type\":\"EntryPoint\",\"urlTemplate\":\"https:\/\/cdglegal.ch\/?s={search_term_string}\"},\"query-input\":{\"@type\":\"PropertyValueSpecification\",\"valueRequired\":true,\"valueName\":\"search_term_string\"}}],\"inLanguage\":\"en-US\"},{\"@type\":\"Organization\",\"@id\":\"https:\/\/cdglegal.ch\/#organization\",\"name\":\"Cour de Gare Avocats & Notaires\",\"url\":\"https:\/\/cdglegal.ch\/\",\"logo\":{\"@type\":\"ImageObject\",\"inLanguage\":\"en-US\",\"@id\":\"https:\/\/cdglegal.ch\/#\/schema\/logo\/image\/\",\"url\":\"https:\/\/cdglegal.ch\/wp-content\/uploads\/2019\/08\/CDG_logo_.png\",\"contentUrl\":\"https:\/\/cdglegal.ch\/wp-content\/uploads\/2019\/08\/CDG_logo_.png\",\"width\":250,\"height\":105,\"caption\":\"Cour de Gare Avocats & Notaires\"},\"image\":{\"@id\":\"https:\/\/cdglegal.ch\/#\/schema\/logo\/image\/\"}}]}<\/script>\n<!-- \/ Yoast SEO plugin. -->","yoast_head_json":{"title":"Timoth\u00e9e ZERMATTEN - Cour de Gare","robots":{"index":"index","follow":"follow","max-snippet":"max-snippet:-1","max-image-preview":"max-image-preview:large","max-video-preview":"max-video-preview:-1"},"canonical":"https:\/\/cdglegal.ch\/timothee-zermatten\/","og_locale":"en_US","og_type":"article","og_title":"Timoth\u00e9e ZERMATTEN - Cour de Gare","og_description":"TIMOTH\u00c9E ZERMATTENLAWYER AND LEGAL COLLABORATOR IN THE NOTARIAL FIELDMe Timoth\u00e9e Zermatten practises as a lawyer and legal collaborator in the notarial field at Cour de Gare Avocats et Notaires, in Sion.Contacttzermatten@cdglegal.chAreas of activityNotarial servicesAll notarial transactions, including:Property lawMatrimonial and probate lawCompany lawPersonal lawBarristerConsulting services in property law and real estate lawConsulting services in contract lawAdministrative [&hellip;]","og_url":"https:\/\/cdglegal.ch\/timothee-zermatten\/","og_site_name":"Cour de Gare","article_modified_time":"2026-03-30T09:05:18+00:00","twitter_card":"summary_large_image","twitter_misc":{"Est. reading time":"2 minutes"},"schema":{"@context":"https:\/\/schema.org","@graph":[{"@type":"WebPage","@id":"https:\/\/cdglegal.ch\/timothee-zermatten\/","url":"https:\/\/cdglegal.ch\/timothee-zermatten\/","name":"Timoth\u00e9e ZERMATTEN - Cour de Gare","isPartOf":{"@id":"https:\/\/cdglegal.ch\/#website"},"datePublished":"2023-07-19T12:33:10+00:00","dateModified":"2026-03-30T09:05:18+00:00","breadcrumb":{"@id":"https:\/\/cdglegal.ch\/timothee-zermatten\/#breadcrumb"},"inLanguage":"en-US","potentialAction":[{"@type":"ReadAction","target":["https:\/\/cdglegal.ch\/timothee-zermatten\/"]}]},{"@type":"BreadcrumbList","@id":"https:\/\/cdglegal.ch\/timothee-zermatten\/#breadcrumb","itemListElement":[{"@type":"ListItem","position":1,"name":"Accueil","item":"https:\/\/cdglegal.ch\/en\/"},{"@type":"ListItem","position":2,"name":"Timoth\u00e9e ZERMATTEN"}]},{"@type":"WebSite","@id":"https:\/\/cdglegal.ch\/#website","url":"https:\/\/cdglegal.ch\/","name":"Cour de Gare","description":"Avocats &amp; Notaires","publisher":{"@id":"https:\/\/cdglegal.ch\/#organization"},"potentialAction":[{"@type":"SearchAction","target":{"@type":"EntryPoint","urlTemplate":"https:\/\/cdglegal.ch\/?s={search_term_string}"},"query-input":{"@type":"PropertyValueSpecification","valueRequired":true,"valueName":"search_term_string"}}],"inLanguage":"en-US"},{"@type":"Organization","@id":"https:\/\/cdglegal.ch\/#organization","name":"Cour de Gare Avocats & Notaires","url":"https:\/\/cdglegal.ch\/","logo":{"@type":"ImageObject","inLanguage":"en-US","@id":"https:\/\/cdglegal.ch\/#\/schema\/logo\/image\/","url":"https:\/\/cdglegal.ch\/wp-content\/uploads\/2019\/08\/CDG_logo_.png","contentUrl":"https:\/\/cdglegal.ch\/wp-content\/uploads\/2019\/08\/CDG_logo_.png","width":250,"height":105,"caption":"Cour de Gare Avocats & Notaires"},"image":{"@id":"https:\/\/cdglegal.ch\/#\/schema\/logo\/image\/"}}]}},"_links":{"self":[{"href":"https:\/\/cdglegal.ch\/en\/wp-json\/wp\/v2\/pages\/2124","targetHints":{"allow":["GET"]}}],"collection":[{"href":"https:\/\/cdglegal.ch\/en\/wp-json\/wp\/v2\/pages"}],"about":[{"href":"https:\/\/cdglegal.ch\/en\/wp-json\/wp\/v2\/types\/page"}],"author":[{"embeddable":true,"href":"https:\/\/cdglegal.ch\/en\/wp-json\/wp\/v2\/users\/4"}],"replies":[{"embeddable":true,"href":"https:\/\/cdglegal.ch\/en\/wp-json\/wp\/v2\/comments?post=2124"}],"version-history":[{"count":7,"href":"https:\/\/cdglegal.ch\/en\/wp-json\/wp\/v2\/pages\/2124\/revisions"}],"predecessor-version":[{"id":2821,"href":"https:\/\/cdglegal.ch\/en\/wp-json\/wp\/v2\/pages\/2124\/revisions\/2821"}],"wp:attachment":[{"href":"https:\/\/cdglegal.ch\/en\/wp-json\/wp\/v2\/media?parent=2124"}],"curies":[{"name":"wp","href":"https:\/\/api.w.org\/{rel}","templated":true}]}}