{"id":2692,"date":"2025-09-16T16:19:37","date_gmt":"2025-09-16T14:19:37","guid":{"rendered":"https:\/\/cdglegal.ch\/ophelie-jollien-2\/"},"modified":"2025-09-16T16:19:42","modified_gmt":"2025-09-16T14:19:42","slug":"ophelie-jollien-2","status":"publish","type":"page","link":"https:\/\/cdglegal.ch\/en\/ophelie-jollien-2\/","title":{"rendered":"Oph\u00e9lie JOLLIEN"},"content":{"rendered":"<p>[et_pb_section fb_built=&#8221;1&#8243; _builder_version=&#8221;4.16&#8243; collapsed=&#8221;off&#8221; global_colors_info=&#8221;{}&#8221;][et_pb_row admin_label=&#8221;Ligne&#8221; _builder_version=&#8221;4.16&#8243; collapsed=&#8221;off&#8221; global_colors_info=&#8221;{}&#8221;][et_pb_column type=&#8221;4_4&#8243; _builder_version=&#8221;4.16&#8243; global_colors_info=&#8221;{}&#8221;][et_pb_text _builder_version=&#8221;4.27.4&#8243; header_font=&#8221;|800|||||||&#8221; header_text_color=&#8221;#28384f&#8221; header_2_font=&#8221;|600|||||||&#8221; min_height=&#8221;118px&#8221; global_colors_info=&#8221;{}&#8221;]<\/p>\n<h1>OPH\u00c9LIE JOLLIEN<\/h1>\n<p><\/p>\n<p>&nbsp;<\/p>\n<p><\/p>\n<h2><strong>LAWYER<\/strong><\/h2>\n<p><\/p>\n<p>&nbsp;<\/p>\n<p><\/p>\n<p>Oph\u00e9lie Jollien works as a lawyer at Cour de Gare Avocats et Notaires in Sion.<\/p>\n<p><\/p>\n<p>&nbsp;<\/p>\n<p>[\/et_pb_text][\/et_pb_column][\/et_pb_row][et_pb_row column_structure=&#8221;1_3,1_3,1_3&#8243; _builder_version=&#8221;4.16&#8243; max_width=&#8221;1920px&#8221; global_colors_info=&#8221;{}&#8221;][et_pb_column type=&#8221;1_3&#8243; _builder_version=&#8221;4.16&#8243; global_colors_info=&#8221;{}&#8221;][et_pb_image title_text=&#8221;1.1&#8243; show_in_lightbox=&#8221;on&#8221; align=&#8221;center&#8221; _builder_version=&#8221;4.27.4&#8243; width_tablet=&#8221;70%&#8221; width_phone=&#8221;75%&#8221; width_last_edited=&#8221;on|tablet&#8221; hover_enabled=&#8221;0&#8243; box_shadow_style=&#8221;preset1&#8243; global_colors_info=&#8221;{}&#8221; alt=&#8221;Oph\u00e9lie Jollien&#8221; src=&#8221;https:\/\/cdglegal.ch\/wp-content\/uploads\/2025\/09\/OJ.jpg&#8221; sticky_enabled=&#8221;0&#8243;][\/et_pb_image][\/et_pb_column][et_pb_column type=&#8221;1_3&#8243; _builder_version=&#8221;4.16&#8243; global_colors_info=&#8221;{}&#8221;][et_pb_text _builder_version=&#8221;4.27.4&#8243; global_colors_info=&#8221;{}&#8221;]<\/p>\n<h3>Contact<\/h3>\n<p><\/p>\n<p><i class=\"fas fa-envelope\"><\/i><a href=\"mailto:jollien@cdglegal.ch\">jollien@cdglegal.ch<\/a><\/p>\n<p>[\/et_pb_text][et_pb_divider _builder_version=&#8221;4.27.4&#8243; global_colors_info=&#8221;{}&#8221;][\/et_pb_divider][et_pb_text _builder_version=&#8221;4.27.4&#8243; global_colors_info=&#8221;{}&#8221;]<\/p>\n<h3>Areas of activity<\/h3>\n<p><\/p>\n<p>&nbsp;<\/p>\n<p><\/p>\n<h5>Lawyer<\/h5>\n<p><\/p>\n<ul style=\"list-style-type: circle;\">\n<li>Property rights and real estate law<\/li>\n<li>Family and personal law<\/li>\n<li>Inheritance law<\/li>\n<li>Commercial and contract law<\/li>\n<li>Criminal law<\/li>\n<li>Administrative law<\/li>\n<\/ul>\n<p>[\/et_pb_text][et_pb_divider _builder_version=&#8221;4.16&#8243; global_colors_info=&#8221;{}&#8221;][\/et_pb_divider][et_pb_text _builder_version=&#8221;4.27.4&#8243; global_colors_info=&#8221;{}&#8221;]<\/p>\n<h3>Experience \/ Professional background<\/h3>\n<p><\/p>\n<p><b>2025<\/b>: Lawyer, Cour de Gare Avocats &amp; Notaires law firm<\/p>\n<p><\/p>\n<p><b>2025<\/b>: Lawyer&#8217;s license (Valais)<\/p>\n<p><\/p>\n<p><b>2023 &#8211; 2024<\/b>: Trainee lawyer with Fr\u00e9d\u00e9ric Pitteloud and Nicolas Rivard, Cour de Gare Avocats &amp; Notaires law firm<\/p>\n<p><\/p>\n<p><b>2021 &#8211; 2023<\/b>: Master&#8217;s degree in law (magna cum laude), University of Lausanne<\/p>\n<p><\/p>\n<p><b>2018 &#8211; 2021<\/b>: Bachelor&#8217;s degree in law, University of Fribourg<\/p>\n<p>[\/et_pb_text][\/et_pb_column][et_pb_column type=&#8221;1_3&#8243; _builder_version=&#8221;4.16&#8243; global_colors_info=&#8221;{}&#8221;][et_pb_text _builder_version=&#8221;4.27.4&#8243; global_colors_info=&#8221;{}&#8221;]<\/p>\n<h3>Languages<\/h3>\n<p><\/p>\n<p>French, English<\/p>\n<p>[\/et_pb_text][et_pb_divider _builder_version=&#8221;4.27.4&#8243; global_colors_info=&#8221;{}&#8221;][\/et_pb_divider][et_pb_text _builder_version=&#8221;4.27.4&#8243; global_colors_info=&#8221;{}&#8221;]<\/p>\n<h3>Professional associations<\/h3>\n<p><\/p>\n<p>Member of the Valais Bar Association and the Swiss Bar Association<\/p>\n<p><\/p>\n<p>Member of the Association of Young Lawyers and Notaries of Valais<\/p>\n<p>[\/et_pb_text][\/et_pb_column][\/et_pb_row][\/et_pb_section]<\/p>\n","protected":false},"excerpt":{"rendered":"<p>OPH\u00c9LIE JOLLIEN&nbsp;LAWYER&nbsp;Oph\u00e9lie Jollien works as a lawyer at Cour de Gare Avocats et Notaires in Sion.&nbsp;Contactjollien@cdglegal.chAreas of activity&nbsp;Lawyer Property rights and real estate law Family and personal law Inheritance law Commercial and contract law Criminal law Administrative law Experience \/ Professional background2025: Lawyer, Cour de Gare Avocats &amp; Notaires law firm2025: Lawyer&#8217;s license (Valais)2023 &#8211; [&hellip;]<\/p>\n","protected":false},"author":4,"featured_media":0,"parent":0,"menu_order":0,"comment_status":"closed","ping_status":"closed","template":"","meta":{"_et_pb_use_builder":"on","_et_pb_old_content":"","_et_gb_content_width":"","footnotes":""},"class_list":["post-2692","page","type-page","status-publish","hentry"],"yoast_head":"<!-- This site is optimized with the Yoast SEO plugin v27.3 - https:\/\/yoast.com\/product\/yoast-seo-wordpress\/ -->\n<title>Oph\u00e9lie JOLLIEN - Cour de Gare<\/title>\n<meta name=\"robots\" content=\"index, follow, max-snippet:-1, max-image-preview:large, max-video-preview:-1\" \/>\n<link rel=\"canonical\" href=\"https:\/\/cdglegal.ch\/ophelie-jollien\/\" \/>\n<meta property=\"og:locale\" content=\"en_US\" \/>\n<meta property=\"og:type\" content=\"article\" \/>\n<meta property=\"og:title\" content=\"Oph\u00e9lie JOLLIEN - Cour de Gare\" \/>\n<meta property=\"og:description\" content=\"OPH\u00c9LIE JOLLIEN&nbsp;LAWYER&nbsp;Oph\u00e9lie Jollien works as a lawyer at Cour de Gare Avocats et Notaires in Sion.&nbsp;Contactjollien@cdglegal.chAreas of activity&nbsp;Lawyer Property rights and real estate law Family and personal law Inheritance law Commercial and contract law Criminal law Administrative law Experience \/ Professional background2025: Lawyer, Cour de Gare Avocats &amp; Notaires law firm2025: Lawyer&#039;s license (Valais)2023 - [&hellip;]\" \/>\n<meta property=\"og:url\" content=\"https:\/\/cdglegal.ch\/ophelie-jollien\/\" \/>\n<meta property=\"og:site_name\" content=\"Cour de Gare\" \/>\n<meta property=\"article:modified_time\" content=\"2025-09-16T14:19:42+00:00\" \/>\n<meta name=\"twitter:card\" content=\"summary_large_image\" \/>\n<meta name=\"twitter:label1\" content=\"Est. reading time\" \/>\n\t<meta name=\"twitter:data1\" content=\"2 minutes\" \/>\n<script type=\"application\/ld+json\" class=\"yoast-schema-graph\">{\"@context\":\"https:\\\/\\\/schema.org\",\"@graph\":[{\"@type\":\"WebPage\",\"@id\":\"https:\\\/\\\/cdglegal.ch\\\/ophelie-jollien\\\/\",\"url\":\"https:\\\/\\\/cdglegal.ch\\\/ophelie-jollien\\\/\",\"name\":\"Oph\u00e9lie JOLLIEN - Cour de Gare\",\"isPartOf\":{\"@id\":\"https:\\\/\\\/cdglegal.ch\\\/#website\"},\"datePublished\":\"2025-09-16T14:19:37+00:00\",\"dateModified\":\"2025-09-16T14:19:42+00:00\",\"breadcrumb\":{\"@id\":\"https:\\\/\\\/cdglegal.ch\\\/ophelie-jollien\\\/#breadcrumb\"},\"inLanguage\":\"en-US\",\"potentialAction\":[{\"@type\":\"ReadAction\",\"target\":[\"https:\\\/\\\/cdglegal.ch\\\/ophelie-jollien\\\/\"]}]},{\"@type\":\"BreadcrumbList\",\"@id\":\"https:\\\/\\\/cdglegal.ch\\\/ophelie-jollien\\\/#breadcrumb\",\"itemListElement\":[{\"@type\":\"ListItem\",\"position\":1,\"name\":\"Accueil\",\"item\":\"https:\\\/\\\/cdglegal.ch\\\/en\\\/\"},{\"@type\":\"ListItem\",\"position\":2,\"name\":\"Oph\u00e9lie JOLLIEN\"}]},{\"@type\":\"WebSite\",\"@id\":\"https:\\\/\\\/cdglegal.ch\\\/#website\",\"url\":\"https:\\\/\\\/cdglegal.ch\\\/\",\"name\":\"Cour de Gare\",\"description\":\"Avocats &amp; Notaires\",\"publisher\":{\"@id\":\"https:\\\/\\\/cdglegal.ch\\\/#organization\"},\"potentialAction\":[{\"@type\":\"SearchAction\",\"target\":{\"@type\":\"EntryPoint\",\"urlTemplate\":\"https:\\\/\\\/cdglegal.ch\\\/?s={search_term_string}\"},\"query-input\":{\"@type\":\"PropertyValueSpecification\",\"valueRequired\":true,\"valueName\":\"search_term_string\"}}],\"inLanguage\":\"en-US\"},{\"@type\":\"Organization\",\"@id\":\"https:\\\/\\\/cdglegal.ch\\\/#organization\",\"name\":\"Cour de Gare Avocats & Notaires\",\"url\":\"https:\\\/\\\/cdglegal.ch\\\/\",\"logo\":{\"@type\":\"ImageObject\",\"inLanguage\":\"en-US\",\"@id\":\"https:\\\/\\\/cdglegal.ch\\\/#\\\/schema\\\/logo\\\/image\\\/\",\"url\":\"https:\\\/\\\/cdglegal.ch\\\/wp-content\\\/uploads\\\/2019\\\/08\\\/CDG_logo_.png\",\"contentUrl\":\"https:\\\/\\\/cdglegal.ch\\\/wp-content\\\/uploads\\\/2019\\\/08\\\/CDG_logo_.png\",\"width\":250,\"height\":105,\"caption\":\"Cour de Gare Avocats & Notaires\"},\"image\":{\"@id\":\"https:\\\/\\\/cdglegal.ch\\\/#\\\/schema\\\/logo\\\/image\\\/\"}}]}<\/script>\n<!-- \/ Yoast SEO plugin. -->","yoast_head_json":{"title":"Oph\u00e9lie JOLLIEN - Cour de Gare","robots":{"index":"index","follow":"follow","max-snippet":"max-snippet:-1","max-image-preview":"max-image-preview:large","max-video-preview":"max-video-preview:-1"},"canonical":"https:\/\/cdglegal.ch\/ophelie-jollien\/","og_locale":"en_US","og_type":"article","og_title":"Oph\u00e9lie JOLLIEN - Cour de Gare","og_description":"OPH\u00c9LIE JOLLIEN&nbsp;LAWYER&nbsp;Oph\u00e9lie Jollien works as a lawyer at Cour de Gare Avocats et Notaires in Sion.&nbsp;Contactjollien@cdglegal.chAreas of activity&nbsp;Lawyer Property rights and real estate law Family and personal law Inheritance law Commercial and contract law Criminal law Administrative law Experience \/ Professional background2025: Lawyer, Cour de Gare Avocats &amp; Notaires law firm2025: Lawyer's license (Valais)2023 - [&hellip;]","og_url":"https:\/\/cdglegal.ch\/ophelie-jollien\/","og_site_name":"Cour de Gare","article_modified_time":"2025-09-16T14:19:42+00:00","twitter_card":"summary_large_image","twitter_misc":{"Est. reading time":"2 minutes"},"schema":{"@context":"https:\/\/schema.org","@graph":[{"@type":"WebPage","@id":"https:\/\/cdglegal.ch\/ophelie-jollien\/","url":"https:\/\/cdglegal.ch\/ophelie-jollien\/","name":"Oph\u00e9lie JOLLIEN - Cour de Gare","isPartOf":{"@id":"https:\/\/cdglegal.ch\/#website"},"datePublished":"2025-09-16T14:19:37+00:00","dateModified":"2025-09-16T14:19:42+00:00","breadcrumb":{"@id":"https:\/\/cdglegal.ch\/ophelie-jollien\/#breadcrumb"},"inLanguage":"en-US","potentialAction":[{"@type":"ReadAction","target":["https:\/\/cdglegal.ch\/ophelie-jollien\/"]}]},{"@type":"BreadcrumbList","@id":"https:\/\/cdglegal.ch\/ophelie-jollien\/#breadcrumb","itemListElement":[{"@type":"ListItem","position":1,"name":"Accueil","item":"https:\/\/cdglegal.ch\/en\/"},{"@type":"ListItem","position":2,"name":"Oph\u00e9lie JOLLIEN"}]},{"@type":"WebSite","@id":"https:\/\/cdglegal.ch\/#website","url":"https:\/\/cdglegal.ch\/","name":"Cour de Gare","description":"Avocats &amp; Notaires","publisher":{"@id":"https:\/\/cdglegal.ch\/#organization"},"potentialAction":[{"@type":"SearchAction","target":{"@type":"EntryPoint","urlTemplate":"https:\/\/cdglegal.ch\/?s={search_term_string}"},"query-input":{"@type":"PropertyValueSpecification","valueRequired":true,"valueName":"search_term_string"}}],"inLanguage":"en-US"},{"@type":"Organization","@id":"https:\/\/cdglegal.ch\/#organization","name":"Cour de Gare Avocats & Notaires","url":"https:\/\/cdglegal.ch\/","logo":{"@type":"ImageObject","inLanguage":"en-US","@id":"https:\/\/cdglegal.ch\/#\/schema\/logo\/image\/","url":"https:\/\/cdglegal.ch\/wp-content\/uploads\/2019\/08\/CDG_logo_.png","contentUrl":"https:\/\/cdglegal.ch\/wp-content\/uploads\/2019\/08\/CDG_logo_.png","width":250,"height":105,"caption":"Cour de Gare Avocats & Notaires"},"image":{"@id":"https:\/\/cdglegal.ch\/#\/schema\/logo\/image\/"}}]}},"_links":{"self":[{"href":"https:\/\/cdglegal.ch\/en\/wp-json\/wp\/v2\/pages\/2692","targetHints":{"allow":["GET"]}}],"collection":[{"href":"https:\/\/cdglegal.ch\/en\/wp-json\/wp\/v2\/pages"}],"about":[{"href":"https:\/\/cdglegal.ch\/en\/wp-json\/wp\/v2\/types\/page"}],"author":[{"embeddable":true,"href":"https:\/\/cdglegal.ch\/en\/wp-json\/wp\/v2\/users\/4"}],"replies":[{"embeddable":true,"href":"https:\/\/cdglegal.ch\/en\/wp-json\/wp\/v2\/comments?post=2692"}],"version-history":[{"count":5,"href":"https:\/\/cdglegal.ch\/en\/wp-json\/wp\/v2\/pages\/2692\/revisions"}],"predecessor-version":[{"id":2697,"href":"https:\/\/cdglegal.ch\/en\/wp-json\/wp\/v2\/pages\/2692\/revisions\/2697"}],"wp:attachment":[{"href":"https:\/\/cdglegal.ch\/en\/wp-json\/wp\/v2\/media?parent=2692"}],"curies":[{"name":"wp","href":"https:\/\/api.w.org\/{rel}","templated":true}]}}