{"id":914,"date":"2020-06-05T08:17:18","date_gmt":"2020-06-05T06:17:18","guid":{"rendered":"https:\/\/cdglegal.ch\/dominique-sierro\/"},"modified":"2022-05-16T09:46:16","modified_gmt":"2022-05-16T07:46:16","slug":"dominique-sierro","status":"publish","type":"page","link":"https:\/\/cdglegal.ch\/en\/dominique-sierro\/","title":{"rendered":"Dominique SIERRO"},"content":{"rendered":"<p>[et_pb_section fb_built=&#8221;1&#8243; _builder_version=&#8221;4.16&#8243; global_colors_info=&#8221;{}&#8221;][et_pb_row _builder_version=&#8221;4.16&#8243; global_colors_info=&#8221;{}&#8221;][et_pb_column type=&#8221;4_4&#8243; _builder_version=&#8221;4.16&#8243; global_colors_info=&#8221;{}&#8221;][et_pb_text _builder_version=&#8221;4.16&#8243; header_font=&#8221;|800|||||||&#8221; header_text_color=&#8221;#28384f&#8221; header_2_font=&#8221;|600|||||||&#8221; global_colors_info=&#8221;{}&#8221;]<\/p>\n<h1>DOMINIQUE SIERRO<\/h1>\n<p>&nbsp;<\/p>\n<h2><strong>LAWYER AND NOTARY<br \/>\n<\/strong><\/h2>\n<p>[\/et_pb_text][\/et_pb_column][\/et_pb_row][et_pb_row column_structure=&#8221;1_3,1_3,1_3&#8243; _builder_version=&#8221;4.16&#8243; max_width=&#8221;1920px&#8221; global_colors_info=&#8221;{}&#8221;][et_pb_column type=&#8221;1_3&#8243; _builder_version=&#8221;4.16&#8243; global_colors_info=&#8221;{}&#8221;][et_pb_image src=&#8221;https:\/\/cdglegal.ch\/wp-content\/uploads\/2019\/08\/dominiquesierro.jpg&#8221; show_in_lightbox=&#8221;on&#8221; align=&#8221;center&#8221; _builder_version=&#8221;4.16&#8243; width_tablet=&#8221;70%&#8221; width_phone=&#8221;75%&#8221; width_last_edited=&#8221;on|phone&#8221; box_shadow_style=&#8221;preset1&#8243; global_colors_info=&#8221;{}&#8221;][\/et_pb_image][\/et_pb_column][et_pb_column type=&#8221;1_3&#8243; _builder_version=&#8221;4.16&#8243; global_colors_info=&#8221;{}&#8221;][et_pb_text _builder_version=&#8221;4.16&#8243; global_colors_info=&#8221;{}&#8221;]<\/p>\n<h3>Contact<\/h3>\n<p><i class=\"fas fa-envelope\"><\/i><a href=\"mailto:sierro@cdglegal.ch\"> sierro@cdglegal.ch<\/a><\/p>\n<p>[\/et_pb_text][et_pb_divider _builder_version=&#8221;4.16&#8243; global_colors_info=&#8221;{}&#8221;][\/et_pb_divider][et_pb_text _builder_version=&#8221;4.16&#8243; global_colors_info=&#8221;{}&#8221;]<\/p>\n<h3>Areas of activity<\/h3>\n<p>&nbsp;<\/p>\n<h5>Notarial services<\/h5>\n<ul style=\"list-style-type: circle;\">\n<li>Property (sale, division, mortgage deeds, etc.)<\/li>\n<li>Inheritance law (division, advance in lieu of inheritance, wills)<\/li>\n<li>Business and management law<\/li>\n<li>Company law (constitution, modification, etc.), mergers and acquisitions<\/li>\n<\/ul>\n<h5>\u00a0<\/h5>\n<h5>Barrister \/ Advisor<\/h5>\n<ul style=\"list-style-type: circle;\">\n<li>Municipal registration<\/li>\n<li>Contract law<\/li>\n<li>Medical and health law<\/li>\n<li>Administrative law<\/li>\n<li>Building law<\/li>\n<li>Land-use planning law<\/li>\n<li>Hydroelectric power law<\/li>\n<li>Family law<\/li>\n<li>Leasing law<\/li>\n<li>Employment law<\/li>\n<\/ul>\n<p>[\/et_pb_text][et_pb_divider _builder_version=&#8221;4.16&#8243; global_colors_info=&#8221;{}&#8221;][\/et_pb_divider][et_pb_text _builder_version=&#8221;4.16&#8243; global_colors_info=&#8221;{}&#8221;]<\/p>\n<h3>Experience \/ Career<\/h3>\n<p>&nbsp;<\/p>\n<p><strong>1984 &#8211; 2001 and from 2005<\/strong> : Lawyer, notary and partner at Etude D\u00e9l\u00e8ze, Sierro, Pitteloud, later Cour de Gare, Avocats &amp; Notaires<\/p>\n<p><strong>2004<\/strong> : Master\u2019s in Economics and Health Administration (University of Lausanne: HEC and Faculty of Medicine)<\/p>\n<p><strong>2001 &#8211; 2004<\/strong> : Director of Sion Hospital<\/p>\n<p><strong>1985<\/strong> : License to practise as a lawyer (Valais)<\/p>\n<p><strong>1984<\/strong> : License to practise as a notary (Valais)<\/p>\n<p><strong>1982<\/strong> : Degree in law from the University of Fribourg<\/p>\n<p>[\/et_pb_text][et_pb_divider _builder_version=&#8221;4.16&#8243; global_colors_info=&#8221;{}&#8221;][\/et_pb_divider][et_pb_text _builder_version=&#8221;4.16&#8243; global_colors_info=&#8221;{}&#8221;]<\/p>\n<h3>Professional associations<\/h3>\n<p>&nbsp;<\/p>\n<p>Member of the Association des avocats valaisans and F\u00e9d\u00e9ration suisse des avocats<\/p>\n<p>Member of the Association des Notaires valaisans and F\u00e9dration suisse des notaires<\/p>\n<p>[\/et_pb_text][\/et_pb_column][et_pb_column type=&#8221;1_3&#8243; _builder_version=&#8221;4.16&#8243; global_colors_info=&#8221;{}&#8221;][et_pb_text _builder_version=&#8221;4.16&#8243; global_colors_info=&#8221;{}&#8221;]<\/p>\n<h3>Languages<\/h3>\n<p>French, German, English<\/p>\n<p>[\/et_pb_text][et_pb_divider _builder_version=&#8221;4.16&#8243; global_colors_info=&#8221;{}&#8221;][\/et_pb_divider][et_pb_text _builder_version=&#8221;4.16&#8243; global_colors_info=&#8221;{}&#8221;]<\/p>\n<h3>Other activities<\/h3>\n<p>&nbsp;<\/p>\n<h5>Main political appointments<\/h5>\n<p><strong>1991 &#8211; 1992<\/strong> : President of the Grand Council of Valais (Parliament of the Canton of Valais)<\/p>\n<p><strong>1983 &#8211; 1993<\/strong> : Member of the Grand Council of Valais<\/p>\n<p><strong>1993 &#8211; 2001<\/strong> : President of H\u00e9r\u00e9mence municipal council<\/p>\n<p>&nbsp;<\/p>\n<h5>Main voluntary appointments<\/h5>\n<p><strong>1986 &#8211; 2001<\/strong> : President of the Groupement de Population de montagne du Valais romand<\/p>\n<p><strong>1998 &#8211; 2001<\/strong> : President and founder of the Association des communes conc\u00e9dantes (hydro\u00e9lectriques)<\/p>\n<p><strong>1991 &#8211; 2001<\/strong> : Committee member, Groupement suisse pour les r\u00e9gions de montagne (SAB)<\/p>\n<p><strong>1995 &#8211; 2001<\/strong> : Committee member, Association Europ\u00e9enne des \u00e9lus de la montagne (AEM)<\/p>\n<p>&nbsp;<\/p>\n<h5>Main professional commitments<\/h5>\n<p>General secretary of the Soci\u00e9t\u00e9 m\u00e9dicale du Valais<\/p>\n<p>Member of the Board of Directors, CTESIAS SA<\/p>\n<p>President of the St-Joseph Foundation<\/p>\n<p>Board member, Don Bosco \u2013 Ste-Agn\u00e8s Foundation<\/p>\n<p>President of the Foundation for Hospital Staff<\/p>\n<p>Former director of Forces motrices valaisannes S.A. (FMV)<\/p>\n<p>Former director of Rhonewerke A.G. (RHOWAG)<\/p>\n<p>Former director of Energie Sion R\u00e9gion S.A. (ESR)<\/p>\n<p>Former President of Valplantes<\/p>\n<p>Former President of For\u00eat-Bois-Valais \/ Lignum Valais<\/p>\n<p>Numerous other appointments in the areas of health, social affairs, industry, tourism and agriculture<\/p>\n<p>&nbsp;<\/p>\n<h5>Military service<\/h5>\n<p>Colonel &#8211; former Deputy to the Auditor-in-Chief of the Swiss army<\/p>\n<p>[\/et_pb_text][\/et_pb_column][\/et_pb_row][\/et_pb_section]<\/p>\n","protected":false},"excerpt":{"rendered":"<p>DOMINIQUE SIERRO &nbsp; LAWYER AND NOTARY Contact sierro@cdglegal.chAreas of activity &nbsp; Notarial services Property (sale, division, mortgage deeds, etc.) Inheritance law (division, advance in lieu of inheritance, wills) Business and management law Company law (constitution, modification, etc.), mergers and acquisitions \u00a0 Barrister \/ Advisor Municipal registration Contract law Medical and health law Administrative law Building [&hellip;]<\/p>\n","protected":false},"author":2,"featured_media":0,"parent":0,"menu_order":0,"comment_status":"closed","ping_status":"closed","template":"","meta":{"_et_pb_use_builder":"on","_et_pb_old_content":"","_et_gb_content_width":"","footnotes":""},"class_list":["post-914","page","type-page","status-publish","hentry"],"yoast_head":"<!-- This site is optimized with the Yoast SEO plugin v27.3 - https:\/\/yoast.com\/product\/yoast-seo-wordpress\/ -->\n<title>Dominique SIERRO - Cour de Gare Lawyer &amp; Notary<\/title>\n<meta name=\"robots\" content=\"index, follow, max-snippet:-1, max-image-preview:large, max-video-preview:-1\" \/>\n<link rel=\"canonical\" href=\"https:\/\/cdglegal.ch\/en\/dominique-sierro\/\" \/>\n<meta property=\"og:locale\" content=\"en_US\" \/>\n<meta property=\"og:type\" content=\"article\" \/>\n<meta property=\"og:title\" content=\"Dominique SIERRO - Cour de Gare Lawyer &amp; Notary\" \/>\n<meta property=\"og:description\" content=\"DOMINIQUE SIERRO &nbsp; LAWYER AND NOTARY Contact sierro@cdglegal.chAreas of activity &nbsp; Notarial services Property (sale, division, mortgage deeds, etc.) Inheritance law (division, advance in lieu of inheritance, wills) Business and management law Company law (constitution, modification, etc.), mergers and acquisitions \u00a0 Barrister \/ Advisor Municipal registration Contract law Medical and health law Administrative law Building [&hellip;]\" \/>\n<meta property=\"og:url\" content=\"https:\/\/cdglegal.ch\/en\/dominique-sierro\/\" \/>\n<meta property=\"og:site_name\" content=\"Cour de Gare\" \/>\n<meta property=\"article:modified_time\" content=\"2022-05-16T07:46:16+00:00\" \/>\n<meta name=\"twitter:card\" content=\"summary_large_image\" \/>\n<meta name=\"twitter:label1\" content=\"Est. reading time\" \/>\n\t<meta name=\"twitter:data1\" content=\"3 minutes\" \/>\n<script type=\"application\/ld+json\" class=\"yoast-schema-graph\">{\"@context\":\"https:\\\/\\\/schema.org\",\"@graph\":[{\"@type\":\"WebPage\",\"@id\":\"https:\\\/\\\/cdglegal.ch\\\/en\\\/dominique-sierro\\\/\",\"url\":\"https:\\\/\\\/cdglegal.ch\\\/en\\\/dominique-sierro\\\/\",\"name\":\"Dominique SIERRO - Cour de Gare Lawyer & Notary\",\"isPartOf\":{\"@id\":\"https:\\\/\\\/cdglegal.ch\\\/#website\"},\"datePublished\":\"2020-06-05T06:17:18+00:00\",\"dateModified\":\"2022-05-16T07:46:16+00:00\",\"breadcrumb\":{\"@id\":\"https:\\\/\\\/cdglegal.ch\\\/en\\\/dominique-sierro\\\/#breadcrumb\"},\"inLanguage\":\"en-US\",\"potentialAction\":[{\"@type\":\"ReadAction\",\"target\":[\"https:\\\/\\\/cdglegal.ch\\\/en\\\/dominique-sierro\\\/\"]}]},{\"@type\":\"BreadcrumbList\",\"@id\":\"https:\\\/\\\/cdglegal.ch\\\/en\\\/dominique-sierro\\\/#breadcrumb\",\"itemListElement\":[{\"@type\":\"ListItem\",\"position\":1,\"name\":\"Accueil\",\"item\":\"https:\\\/\\\/cdglegal.ch\\\/en\\\/\"},{\"@type\":\"ListItem\",\"position\":2,\"name\":\"Dominique SIERRO\"}]},{\"@type\":\"WebSite\",\"@id\":\"https:\\\/\\\/cdglegal.ch\\\/#website\",\"url\":\"https:\\\/\\\/cdglegal.ch\\\/\",\"name\":\"Cour de Gare\",\"description\":\"Avocats &amp; Notaires\",\"publisher\":{\"@id\":\"https:\\\/\\\/cdglegal.ch\\\/#organization\"},\"potentialAction\":[{\"@type\":\"SearchAction\",\"target\":{\"@type\":\"EntryPoint\",\"urlTemplate\":\"https:\\\/\\\/cdglegal.ch\\\/?s={search_term_string}\"},\"query-input\":{\"@type\":\"PropertyValueSpecification\",\"valueRequired\":true,\"valueName\":\"search_term_string\"}}],\"inLanguage\":\"en-US\"},{\"@type\":\"Organization\",\"@id\":\"https:\\\/\\\/cdglegal.ch\\\/#organization\",\"name\":\"Cour de Gare Avocats & Notaires\",\"url\":\"https:\\\/\\\/cdglegal.ch\\\/\",\"logo\":{\"@type\":\"ImageObject\",\"inLanguage\":\"en-US\",\"@id\":\"https:\\\/\\\/cdglegal.ch\\\/#\\\/schema\\\/logo\\\/image\\\/\",\"url\":\"https:\\\/\\\/cdglegal.ch\\\/wp-content\\\/uploads\\\/2019\\\/08\\\/CDG_logo_.png\",\"contentUrl\":\"https:\\\/\\\/cdglegal.ch\\\/wp-content\\\/uploads\\\/2019\\\/08\\\/CDG_logo_.png\",\"width\":250,\"height\":105,\"caption\":\"Cour de Gare Avocats & Notaires\"},\"image\":{\"@id\":\"https:\\\/\\\/cdglegal.ch\\\/#\\\/schema\\\/logo\\\/image\\\/\"}}]}<\/script>\n<!-- \/ Yoast SEO plugin. -->","yoast_head_json":{"title":"Dominique SIERRO - Cour de Gare Lawyer & Notary","robots":{"index":"index","follow":"follow","max-snippet":"max-snippet:-1","max-image-preview":"max-image-preview:large","max-video-preview":"max-video-preview:-1"},"canonical":"https:\/\/cdglegal.ch\/en\/dominique-sierro\/","og_locale":"en_US","og_type":"article","og_title":"Dominique SIERRO - Cour de Gare Lawyer & Notary","og_description":"DOMINIQUE SIERRO &nbsp; LAWYER AND NOTARY Contact sierro@cdglegal.chAreas of activity &nbsp; Notarial services Property (sale, division, mortgage deeds, etc.) Inheritance law (division, advance in lieu of inheritance, wills) Business and management law Company law (constitution, modification, etc.), mergers and acquisitions \u00a0 Barrister \/ Advisor Municipal registration Contract law Medical and health law Administrative law Building [&hellip;]","og_url":"https:\/\/cdglegal.ch\/en\/dominique-sierro\/","og_site_name":"Cour de Gare","article_modified_time":"2022-05-16T07:46:16+00:00","twitter_card":"summary_large_image","twitter_misc":{"Est. reading time":"3 minutes"},"schema":{"@context":"https:\/\/schema.org","@graph":[{"@type":"WebPage","@id":"https:\/\/cdglegal.ch\/en\/dominique-sierro\/","url":"https:\/\/cdglegal.ch\/en\/dominique-sierro\/","name":"Dominique SIERRO - Cour de Gare Lawyer & Notary","isPartOf":{"@id":"https:\/\/cdglegal.ch\/#website"},"datePublished":"2020-06-05T06:17:18+00:00","dateModified":"2022-05-16T07:46:16+00:00","breadcrumb":{"@id":"https:\/\/cdglegal.ch\/en\/dominique-sierro\/#breadcrumb"},"inLanguage":"en-US","potentialAction":[{"@type":"ReadAction","target":["https:\/\/cdglegal.ch\/en\/dominique-sierro\/"]}]},{"@type":"BreadcrumbList","@id":"https:\/\/cdglegal.ch\/en\/dominique-sierro\/#breadcrumb","itemListElement":[{"@type":"ListItem","position":1,"name":"Accueil","item":"https:\/\/cdglegal.ch\/en\/"},{"@type":"ListItem","position":2,"name":"Dominique SIERRO"}]},{"@type":"WebSite","@id":"https:\/\/cdglegal.ch\/#website","url":"https:\/\/cdglegal.ch\/","name":"Cour de Gare","description":"Avocats &amp; Notaires","publisher":{"@id":"https:\/\/cdglegal.ch\/#organization"},"potentialAction":[{"@type":"SearchAction","target":{"@type":"EntryPoint","urlTemplate":"https:\/\/cdglegal.ch\/?s={search_term_string}"},"query-input":{"@type":"PropertyValueSpecification","valueRequired":true,"valueName":"search_term_string"}}],"inLanguage":"en-US"},{"@type":"Organization","@id":"https:\/\/cdglegal.ch\/#organization","name":"Cour de Gare Avocats & Notaires","url":"https:\/\/cdglegal.ch\/","logo":{"@type":"ImageObject","inLanguage":"en-US","@id":"https:\/\/cdglegal.ch\/#\/schema\/logo\/image\/","url":"https:\/\/cdglegal.ch\/wp-content\/uploads\/2019\/08\/CDG_logo_.png","contentUrl":"https:\/\/cdglegal.ch\/wp-content\/uploads\/2019\/08\/CDG_logo_.png","width":250,"height":105,"caption":"Cour de Gare Avocats & Notaires"},"image":{"@id":"https:\/\/cdglegal.ch\/#\/schema\/logo\/image\/"}}]}},"_links":{"self":[{"href":"https:\/\/cdglegal.ch\/en\/wp-json\/wp\/v2\/pages\/914","targetHints":{"allow":["GET"]}}],"collection":[{"href":"https:\/\/cdglegal.ch\/en\/wp-json\/wp\/v2\/pages"}],"about":[{"href":"https:\/\/cdglegal.ch\/en\/wp-json\/wp\/v2\/types\/page"}],"author":[{"embeddable":true,"href":"https:\/\/cdglegal.ch\/en\/wp-json\/wp\/v2\/users\/2"}],"replies":[{"embeddable":true,"href":"https:\/\/cdglegal.ch\/en\/wp-json\/wp\/v2\/comments?post=914"}],"version-history":[{"count":5,"href":"https:\/\/cdglegal.ch\/en\/wp-json\/wp\/v2\/pages\/914\/revisions"}],"predecessor-version":[{"id":1925,"href":"https:\/\/cdglegal.ch\/en\/wp-json\/wp\/v2\/pages\/914\/revisions\/1925"}],"wp:attachment":[{"href":"https:\/\/cdglegal.ch\/en\/wp-json\/wp\/v2\/media?parent=914"}],"curies":[{"name":"wp","href":"https:\/\/api.w.org\/{rel}","templated":true}]}}